{"id":1019448,"date":"2025-01-01T00:00:00","date_gmt":"2025-01-01T00:00:00","guid":{"rendered":"http:\/\/&#038;p=1019448"},"modified":"2026-03-20T02:58:03","modified_gmt":"2026-03-20T02:58:03","slug":"expc-f2150w-sv","status":"publish","type":"product","link":"https:\/\/scn.eu\/sv\/produkt\/expc-f2150w-sv\/","title":{"rendered":"Panel PC 15.6&#8243; EXPC-F2150W"},"content":{"rendered":"<p>Panel PC EXPC-F2150W med 12,1-tums sk\u00e4rm och med en 11:e generationens Intel Core\u2122 i-processor som levererar en p\u00e5litlig, h\u00e5llbar och m\u00e5ngsidig plattform f\u00f6r anv\u00e4ndning i industriella  milj\u00f6er. EXPC-F2150W  \u00e4r utrustade med ett omfattande utbud av kommunikationsgr\u00e4nssnitt f\u00f6r att tillfredsst\u00e4lla alla dina industriscenarier. Paneldatorerna \u00e4r \u00e4ven utrustade med DisplayPort och VGA-video utg\u00e5ngar f\u00f6r att ut\u00f6ka visningen.<\/p>\n<p> EXPC-F2150W\u00e4r designade utan fl\u00e4kt f\u00f6r drift i temperaturomr\u00e5det -40 till 70\u00b0C och har en str\u00f6mlinjeformad inkapsling f\u00f6r effektiv v\u00e4rmeavledning, vilket g\u00f6r dem till de mest p\u00e5litliga industriella plattformarna f\u00f6r h\u00e5rda, varma utomhusmilj\u00f6er som olje- och gasf\u00e4lt, borrplattformar och kraftstationer, samt smarta v\u00e4rmel\u00f6sningar. De \u00e4r ocks\u00e5 specifikt designade med funktioner som \u00e4r l\u00e4sbara i solljus, s\u00e5som en 1200-nits LCD-panel, projicerad kapacitiv, handskkompatibel, multi-touch sk\u00e4rm, optisk bindning och anti-glare design f\u00f6r att ge en utm\u00e4rkt anv\u00e4ndarupplevelse f\u00f6r utomhusapplikationer.<\/p>\n<p>Funktioner<br \/>\n&#8211; 15,6-tums 16:9 sk\u00e4rm<br \/>\n&#8211; H\u00f6gpresterande Tiger Lake Intel\u00ae Core\u2122 i7\/ Core\u2122 i5\/Core\u2122 i3 eller Intel\u00ae Celeron\u00ae processor<br \/>\n&#8211; Inbyggd ljussensor f\u00f6r automatisk ljusstyrkekontroll<br \/>\n&#8211; 1200-nits solbelyst l\u00e4sbar anti-glare sk\u00e4rm<br \/>\n&#8211; Optisk bindning av sk\u00e4rmen f\u00f6r anv\u00e4ndning i tuffa milj\u00f6er<br \/>\n&#8211; Fl\u00e4ktl\u00f6s termisk design f\u00f6r effektiv v\u00e4rmeavledning i h\u00f6gtemperaturmilj\u00f6er<br \/>\n&#8211; UL C1D2\/C2D2, ATEX och IECEx ZONE 2\/Zone 22 certifierad<br \/>\n&#8211; Front IP66 och bak IP42 certifierad<br \/>\n&#8211; Driftstemperaturomr\u00e5de p\u00e5 -40 till 70\u00b0C<br \/>\n&#8211; Alternativ f\u00f6r 5G och Wi-Fi 6 anslutningar<br \/>\n&#8211; Designad f\u00f6r anv\u00e4ndning i farliga milj\u00f6er och f\u00f6r kritiska applikationer<\/p>\n","protected":false},"excerpt":{"rendered":"<p>Panel PC EXPC-F2150W med 12,1-tums sk\u00e4rm och med en 11:e generationens Intel Core\u2122 i-processor som levererar en p\u00e5litlig, h\u00e5llbar och m\u00e5ngsidig plattform f\u00f6r anv\u00e4ndning i industriella milj\u00f6er. EXPC-F2150W \u00e4r utrustade med ett omfattande utbud av kommunikationsgr\u00e4nssnitt f\u00f6r att tillfredsst\u00e4lla alla dina industriscenarier. Paneldatorerna \u00e4r \u00e4ven utrustade med DisplayPort och VGA-video utg\u00e5ngar f\u00f6r att ut\u00f6ka visningen&#8230;.<\/p>\n","protected":false},"featured_media":8046655,"comment_status":"closed","ping_status":"closed","template":"","meta":{"_kad_post_transparent":"default","_kad_post_title":"","_kad_post_layout":"default","_kad_post_sidebar_id":"","_kad_post_content_style":"default","_kad_post_vertical_padding":"default","_kad_post_feature":"","_kad_post_feature_position":"","_kad_post_header":false,"_kad_post_footer":false,"_kad_post_classname":""},"product_brand":[923],"product_cat":[9983,10466,10528,10759],"product_tag":[],"product_facet":[10813],"class_list":{"0":"post-1019448","1":"product","2":"type-product","3":"status-publish","4":"has-post-thumbnail","6":"product_brand-moxa","7":"product_cat-12-inch-17-inch","8":"product_cat-industrial-computers","9":"product_cat-panel-pc","10":"product_cat-products","11":"product_facet-facet-industrial-computers","13":"first","14":"instock","15":"downloadable","16":"shipping-taxable","17":"product-type-simple","18":"entry","19":"content-bg","20":"loop-entry"},"_links":{"self":[{"href":"https:\/\/scn.eu\/sv\/wp-json\/wp\/v2\/product\/1019448","targetHints":{"allow":["GET"]}}],"collection":[{"href":"https:\/\/scn.eu\/sv\/wp-json\/wp\/v2\/product"}],"about":[{"href":"https:\/\/scn.eu\/sv\/wp-json\/wp\/v2\/types\/product"}],"replies":[{"embeddable":true,"href":"https:\/\/scn.eu\/sv\/wp-json\/wp\/v2\/comments?post=1019448"}],"version-history":[{"count":1,"href":"https:\/\/scn.eu\/sv\/wp-json\/wp\/v2\/product\/1019448\/revisions"}],"predecessor-version":[{"id":8046657,"href":"https:\/\/scn.eu\/sv\/wp-json\/wp\/v2\/product\/1019448\/revisions\/8046657"}],"wp:featuredmedia":[{"embeddable":true,"href":"https:\/\/scn.eu\/sv\/wp-json\/wp\/v2\/media\/8046655"}],"wp:attachment":[{"href":"https:\/\/scn.eu\/sv\/wp-json\/wp\/v2\/media?parent=1019448"}],"wp:term":[{"taxonomy":"product_brand","embeddable":true,"href":"https:\/\/scn.eu\/sv\/wp-json\/wp\/v2\/product_brand?post=1019448"},{"taxonomy":"product_cat","embeddable":true,"href":"https:\/\/scn.eu\/sv\/wp-json\/wp\/v2\/product_cat?post=1019448"},{"taxonomy":"product_tag","embeddable":true,"href":"https:\/\/scn.eu\/sv\/wp-json\/wp\/v2\/product_tag?post=1019448"},{"taxonomy":"product_facet","embeddable":true,"href":"https:\/\/scn.eu\/sv\/wp-json\/wp\/v2\/product_facet?post=1019448"}],"curies":[{"name":"wp","href":"https:\/\/api.w.org\/{rel}","templated":true}]}}