{"id":1019424,"date":"2025-01-01T00:00:00","date_gmt":"2025-01-01T00:00:00","guid":{"rendered":"http:\/\/&#038;p=1019424"},"modified":"2026-03-20T02:57:43","modified_gmt":"2026-03-20T02:57:43","slug":"mpc-3120-sv","status":"publish","type":"product","link":"https:\/\/scn.eu\/sv\/produkt\/mpc-3120-sv\/","title":{"rendered":"Panel PC 12.1&#8243; &#8211; MPC-3120 Series"},"content":{"rendered":"<p>MPC-3120 \u00e4r en 12,1-tums panel PC med Intel Atom\u00ae x6211E dubbelk\u00e4rnig eller x6425E fyrk\u00e4rnig processor, som levererar en p\u00e5litlig, h\u00e5llbar och m\u00e5ngsidig plattform f\u00f6r anv\u00e4ndning i industriella milj\u00f6er. Med tv\u00e5 mjukvaruvalbara RS-232\/422\/485 seriella portar och tv\u00e5 Gigabit Ethernet-portar, st\u00f6djer MPC-3120-paneldatorerna en m\u00e4ngd olika seriella gr\u00e4nssnitt samt h\u00f6ghastighets-IT-kommunikation, allt med inbyggd n\u00e4tverksredundans.<\/p>\n<p>MPC-3120-paneldatorerna \u00e4r designade f\u00f6r temperaturomr\u00e5det -30 till 60\u00b0C och har en fl\u00e4ktl\u00f6s, str\u00f6mlinjeformad inkapsling som \u00e4r utformad f\u00f6r mycket effektiv v\u00e4rmeavledning. Detta g\u00f6r datorerna till p\u00e5litliga industriella plattformar f\u00f6r h\u00e5rda, varma utomhusmilj\u00f6er som olje- och gasf\u00e4lt och borrplattformar. MPC-3120 har ocks\u00e5 en 400-nits eller 1000-nits LCD-panel som erbjuder en solbelyst l\u00e4sbar, projicerad kapacitiv, handskv\u00e4nlig, multi-touch sk\u00e4rm f\u00f6r en utm\u00e4rkt anv\u00e4ndarupplevelse i utomhusapplikationer.<\/p>\n<p>Funktioner:<br \/>\n&#8211; 12,1-tums paneldatorer<br \/>\n&#8211; Intel Atom\u00ae x6211E dubbelk\u00e4rnig eller x6425E fyrk\u00e4rnig processor<br \/>\n&#8211; Drifttemperatur -30 till 60\u00b0C, fl\u00e4ktl\u00f6s design, ingen v\u00e4rmare beh\u00f6vs<br \/>\n&#8211; 400-nits eller 1000-nits solbelyst l\u00e4sbar LCD<br \/>\n&#8211; Handskv\u00e4nlig, multi-touch sk\u00e4rm<br \/>\n&#8211; DNV, CID2, ATEX Zone 2, och IECEx certifierad<br \/>\n&#8211; 12\/24 VDC str\u00f6ming\u00e5ng<\/p>\n","protected":false},"excerpt":{"rendered":"<p>MPC-3120 \u00e4r en 12,1-tums panel PC med Intel Atom\u00ae x6211E dubbelk\u00e4rnig eller x6425E fyrk\u00e4rnig processor, som levererar en p\u00e5litlig, h\u00e5llbar och m\u00e5ngsidig plattform f\u00f6r anv\u00e4ndning i industriella milj\u00f6er. Med tv\u00e5 mjukvaruvalbara RS-232\/422\/485 seriella portar och tv\u00e5 Gigabit Ethernet-portar, st\u00f6djer MPC-3120-paneldatorerna en m\u00e4ngd olika seriella gr\u00e4nssnitt samt h\u00f6ghastighets-IT-kommunikation, allt med inbyggd n\u00e4tverksredundans. MPC-3120-paneldatorerna \u00e4r designade f\u00f6r&#8230;<\/p>\n","protected":false},"featured_media":8046580,"comment_status":"closed","ping_status":"closed","template":"","meta":{"_kad_post_transparent":"default","_kad_post_title":"","_kad_post_layout":"default","_kad_post_sidebar_id":"","_kad_post_content_style":"default","_kad_post_vertical_padding":"default","_kad_post_feature":"","_kad_post_feature_position":"","_kad_post_header":false,"_kad_post_footer":false,"_kad_post_classname":""},"product_brand":[923],"product_cat":[9983,10466,10528,10759],"product_tag":[],"product_facet":[10813],"class_list":{"0":"post-1019424","1":"product","2":"type-product","3":"status-publish","4":"has-post-thumbnail","6":"product_brand-moxa","7":"product_cat-12-inch-17-inch","8":"product_cat-industrial-computers","9":"product_cat-panel-pc","10":"product_cat-products","11":"product_facet-facet-industrial-computers","13":"first","14":"instock","15":"shipping-taxable","16":"product-type-simple","17":"entry","18":"content-bg","19":"loop-entry"},"_links":{"self":[{"href":"https:\/\/scn.eu\/sv\/wp-json\/wp\/v2\/product\/1019424","targetHints":{"allow":["GET"]}}],"collection":[{"href":"https:\/\/scn.eu\/sv\/wp-json\/wp\/v2\/product"}],"about":[{"href":"https:\/\/scn.eu\/sv\/wp-json\/wp\/v2\/types\/product"}],"replies":[{"embeddable":true,"href":"https:\/\/scn.eu\/sv\/wp-json\/wp\/v2\/comments?post=1019424"}],"version-history":[{"count":1,"href":"https:\/\/scn.eu\/sv\/wp-json\/wp\/v2\/product\/1019424\/revisions"}],"predecessor-version":[{"id":8046581,"href":"https:\/\/scn.eu\/sv\/wp-json\/wp\/v2\/product\/1019424\/revisions\/8046581"}],"wp:featuredmedia":[{"embeddable":true,"href":"https:\/\/scn.eu\/sv\/wp-json\/wp\/v2\/media\/8046580"}],"wp:attachment":[{"href":"https:\/\/scn.eu\/sv\/wp-json\/wp\/v2\/media?parent=1019424"}],"wp:term":[{"taxonomy":"product_brand","embeddable":true,"href":"https:\/\/scn.eu\/sv\/wp-json\/wp\/v2\/product_brand?post=1019424"},{"taxonomy":"product_cat","embeddable":true,"href":"https:\/\/scn.eu\/sv\/wp-json\/wp\/v2\/product_cat?post=1019424"},{"taxonomy":"product_tag","embeddable":true,"href":"https:\/\/scn.eu\/sv\/wp-json\/wp\/v2\/product_tag?post=1019424"},{"taxonomy":"product_facet","embeddable":true,"href":"https:\/\/scn.eu\/sv\/wp-json\/wp\/v2\/product_facet?post=1019424"}],"curies":[{"name":"wp","href":"https:\/\/api.w.org\/{rel}","templated":true}]}}