{"id":1016348,"date":"2025-01-01T00:00:00","date_gmt":"2025-01-01T00:00:00","guid":{"rendered":"http:\/\/&#038;p=1016348"},"modified":"2026-03-20T02:18:55","modified_gmt":"2026-03-20T02:18:55","slug":"wf11-sv","status":"publish","type":"product","link":"https:\/\/scn.eu\/sv\/produkt\/wf11-sv\/","title":{"rendered":"WF11 Kylfl\u00e4ns"},"content":{"rendered":"<p>WF115100:<\/p>\n<p>Termiska egenskaper:<br \/>\n0,9K\/W<\/p>\n<p>Specifikationer:<br \/>\nF\u00f6r DIN-skena eller skruv.<\/p>\n<p>M\u00e5tt (mm):<br \/>\n(mm): 110x100x90<\/p>\n<p>Typ av rel\u00e4:<br \/>\nSO, SC, SG, SGT, SVT<\/p>\n","protected":false},"excerpt":{"rendered":"<p>WF115100: Termiska egenskaper: 0,9K\/W Specifikationer: F\u00f6r DIN-skena eller skruv. M\u00e5tt (mm): (mm): 110x100x90 Typ av rel\u00e4: SO, SC, SG, SGT, SVT<\/p>\n","protected":false},"featured_media":8037087,"comment_status":"closed","ping_status":"closed","template":"","meta":{"_kad_post_transparent":"default","_kad_post_title":"","_kad_post_layout":"default","_kad_post_sidebar_id":"","_kad_post_content_style":"default","_kad_post_vertical_padding":"default","_kad_post_feature":"","_kad_post_feature_position":"","_kad_post_header":false,"_kad_post_footer":false,"_kad_post_classname":""},"product_brand":[938],"product_cat":[9452,10630,10759,10417],"product_tag":[],"product_facet":[10773],"class_list":{"0":"post-1016348","1":"product","2":"type-product","3":"status-publish","4":"has-post-thumbnail","6":"product_brand-celduc","7":"product_cat-accessories-solid-state-relays-ssr","8":"product_cat-components","9":"product_cat-products","10":"product_cat-solid-state-relays-ssr","11":"product_facet-facet-components","13":"first","14":"instock","15":"downloadable","16":"shipping-taxable","17":"product-type-simple","18":"entry","19":"content-bg","20":"loop-entry"},"_links":{"self":[{"href":"https:\/\/scn.eu\/sv\/wp-json\/wp\/v2\/product\/1016348","targetHints":{"allow":["GET"]}}],"collection":[{"href":"https:\/\/scn.eu\/sv\/wp-json\/wp\/v2\/product"}],"about":[{"href":"https:\/\/scn.eu\/sv\/wp-json\/wp\/v2\/types\/product"}],"replies":[{"embeddable":true,"href":"https:\/\/scn.eu\/sv\/wp-json\/wp\/v2\/comments?post=1016348"}],"version-history":[{"count":1,"href":"https:\/\/scn.eu\/sv\/wp-json\/wp\/v2\/product\/1016348\/revisions"}],"predecessor-version":[{"id":8037089,"href":"https:\/\/scn.eu\/sv\/wp-json\/wp\/v2\/product\/1016348\/revisions\/8037089"}],"wp:featuredmedia":[{"embeddable":true,"href":"https:\/\/scn.eu\/sv\/wp-json\/wp\/v2\/media\/8037087"}],"wp:attachment":[{"href":"https:\/\/scn.eu\/sv\/wp-json\/wp\/v2\/media?parent=1016348"}],"wp:term":[{"taxonomy":"product_brand","embeddable":true,"href":"https:\/\/scn.eu\/sv\/wp-json\/wp\/v2\/product_brand?post=1016348"},{"taxonomy":"product_cat","embeddable":true,"href":"https:\/\/scn.eu\/sv\/wp-json\/wp\/v2\/product_cat?post=1016348"},{"taxonomy":"product_tag","embeddable":true,"href":"https:\/\/scn.eu\/sv\/wp-json\/wp\/v2\/product_tag?post=1016348"},{"taxonomy":"product_facet","embeddable":true,"href":"https:\/\/scn.eu\/sv\/wp-json\/wp\/v2\/product_facet?post=1016348"}],"curies":[{"name":"wp","href":"https:\/\/api.w.org\/{rel}","templated":true}]}}