{"id":1015266,"date":"2025-01-01T00:00:00","date_gmt":"2025-01-01T00:00:00","guid":{"rendered":"http:\/\/&#038;p=1015266"},"modified":"2026-03-20T02:02:45","modified_gmt":"2026-03-20T02:02:45","slug":"tk120-310-sv","status":"publish","type":"product","link":"https:\/\/scn.eu\/sv\/produkt\/tk120-310-sv\/","title":{"rendered":"TK120-310 Panelkoppling"},"content":{"rendered":"<p>\u00d8130mm Panelkoppling.<br \/>\nTK120.310 Panel toppmonterat vertikalt uttag ger anslutningen mellan operat\u00f6rspaneler och operat\u00f6rsarmar.<\/p>\n<p>Produktens max. diametern \u00e4r \u00d8130mm och det \u00e4r en fast produkt som inte har rotationsfunktion.<\/p>\n<p>Denna produkt \u00e4r designad f\u00f6r paneltyper med stora djup (till exempel f\u00f6r applikationer med ECO 1500 panelserie eller h\u00f6gre).<\/p>\n","protected":false},"excerpt":{"rendered":"<p>\u00d8130mm Panelkoppling. TK120.310 Panel toppmonterat vertikalt uttag ger anslutningen mellan operat\u00f6rspaneler och operat\u00f6rsarmar. Produktens max. diametern \u00e4r \u00d8130mm och det \u00e4r en fast produkt som inte har rotationsfunktion. Denna produkt \u00e4r designad f\u00f6r paneltyper med stora djup (till exempel f\u00f6r applikationer med ECO 1500 panelserie eller h\u00f6gre).<\/p>\n","protected":false},"featured_media":8034627,"comment_status":"closed","ping_status":"closed","template":"","meta":{"_kad_post_transparent":"default","_kad_post_title":"","_kad_post_layout":"default","_kad_post_sidebar_id":"","_kad_post_content_style":"default","_kad_post_vertical_padding":"default","_kad_post_feature":"","_kad_post_feature_position":"","_kad_post_header":false,"_kad_post_footer":false,"_kad_post_classname":""},"product_brand":[934],"product_cat":[10630,10759,10669,9392],"product_tag":[],"product_facet":[10773],"class_list":{"0":"post-1015266","1":"product","2":"type-product","3":"status-publish","4":"has-post-thumbnail","6":"product_brand-teknokol","7":"product_cat-components","8":"product_cat-products","9":"product_cat-support-arm-and-control-panel-systems","10":"product_cat-support-arm-systems","11":"product_facet-facet-components","13":"first","14":"instock","15":"downloadable","16":"shipping-taxable","17":"product-type-simple","18":"entry","19":"content-bg","20":"loop-entry"},"_links":{"self":[{"href":"https:\/\/scn.eu\/sv\/wp-json\/wp\/v2\/product\/1015266","targetHints":{"allow":["GET"]}}],"collection":[{"href":"https:\/\/scn.eu\/sv\/wp-json\/wp\/v2\/product"}],"about":[{"href":"https:\/\/scn.eu\/sv\/wp-json\/wp\/v2\/types\/product"}],"replies":[{"embeddable":true,"href":"https:\/\/scn.eu\/sv\/wp-json\/wp\/v2\/comments?post=1015266"}],"version-history":[{"count":1,"href":"https:\/\/scn.eu\/sv\/wp-json\/wp\/v2\/product\/1015266\/revisions"}],"predecessor-version":[{"id":8034628,"href":"https:\/\/scn.eu\/sv\/wp-json\/wp\/v2\/product\/1015266\/revisions\/8034628"}],"wp:featuredmedia":[{"embeddable":true,"href":"https:\/\/scn.eu\/sv\/wp-json\/wp\/v2\/media\/8034627"}],"wp:attachment":[{"href":"https:\/\/scn.eu\/sv\/wp-json\/wp\/v2\/media?parent=1015266"}],"wp:term":[{"taxonomy":"product_brand","embeddable":true,"href":"https:\/\/scn.eu\/sv\/wp-json\/wp\/v2\/product_brand?post=1015266"},{"taxonomy":"product_cat","embeddable":true,"href":"https:\/\/scn.eu\/sv\/wp-json\/wp\/v2\/product_cat?post=1015266"},{"taxonomy":"product_tag","embeddable":true,"href":"https:\/\/scn.eu\/sv\/wp-json\/wp\/v2\/product_tag?post=1015266"},{"taxonomy":"product_facet","embeddable":true,"href":"https:\/\/scn.eu\/sv\/wp-json\/wp\/v2\/product_facet?post=1015266"}],"curies":[{"name":"wp","href":"https:\/\/api.w.org\/{rel}","templated":true}]}}