{"id":1015238,"date":"2025-01-01T00:00:00","date_gmt":"2025-01-01T00:00:00","guid":{"rendered":"http:\/\/&#038;p=1015238"},"modified":"2026-03-20T02:02:26","modified_gmt":"2026-03-20T02:02:26","slug":"tk120-125-sv","status":"publish","type":"product","link":"https:\/\/scn.eu\/sv\/produkt\/tk120-125-sv\/","title":{"rendered":"TK120-125 Arm"},"content":{"rendered":"<p>TK120-seriens operat\u00f6rshandtag \u00e4r utformade f\u00f6r att st\u00f6dja kontrollpaneler med vid h\u00f6g vikt och stora dimensioner.<br \/>\nDess h\u00e5llbara struktur g\u00f6r den idealisk f\u00f6r l\u00e5nga armapplikationer.<\/p>\n<p>Den yttre formen har en modern linje, och harmonin mellan de modulerna den arbetar med \u00e4r perfekt.<\/p>\n<p>TK120-serien erbjuder en modul\u00e4r l\u00f6sning med modern design och erbjuder olika konfigurationsl\u00f6sningar och ett brett utbud av modeller.<\/p>\n<p>1m profill\u00e4ngd har 120kg b\u00e4rf\u00f6rm\u00e5ga.<\/p>\n<p>Standardf\u00e4rgen \u00e4r RAL 7035 och produkten har bra t\u00e4tningsskydd.<\/p>\n","protected":false},"excerpt":{"rendered":"<p>TK120-seriens operat\u00f6rshandtag \u00e4r utformade f\u00f6r att st\u00f6dja kontrollpaneler med vid h\u00f6g vikt och stora dimensioner. Dess h\u00e5llbara struktur g\u00f6r den idealisk f\u00f6r l\u00e5nga armapplikationer. Den yttre formen har en modern linje, och harmonin mellan de modulerna den arbetar med \u00e4r perfekt. TK120-serien erbjuder en modul\u00e4r l\u00f6sning med modern design och erbjuder olika konfigurationsl\u00f6sningar och ett&#8230;<\/p>\n","protected":false},"featured_media":8034567,"comment_status":"closed","ping_status":"closed","template":"","meta":{"_kad_post_transparent":"default","_kad_post_title":"","_kad_post_layout":"default","_kad_post_sidebar_id":"","_kad_post_content_style":"default","_kad_post_vertical_padding":"default","_kad_post_feature":"","_kad_post_feature_position":"","_kad_post_header":false,"_kad_post_footer":false,"_kad_post_classname":""},"product_brand":[934],"product_cat":[10630,10759,10669,9392],"product_tag":[],"product_facet":[10773],"class_list":{"0":"post-1015238","1":"product","2":"type-product","3":"status-publish","4":"has-post-thumbnail","6":"product_brand-teknokol","7":"product_cat-components","8":"product_cat-products","9":"product_cat-support-arm-and-control-panel-systems","10":"product_cat-support-arm-systems","11":"product_facet-facet-components","13":"first","14":"instock","15":"downloadable","16":"shipping-taxable","17":"product-type-simple","18":"entry","19":"content-bg","20":"loop-entry"},"_links":{"self":[{"href":"https:\/\/scn.eu\/sv\/wp-json\/wp\/v2\/product\/1015238","targetHints":{"allow":["GET"]}}],"collection":[{"href":"https:\/\/scn.eu\/sv\/wp-json\/wp\/v2\/product"}],"about":[{"href":"https:\/\/scn.eu\/sv\/wp-json\/wp\/v2\/types\/product"}],"replies":[{"embeddable":true,"href":"https:\/\/scn.eu\/sv\/wp-json\/wp\/v2\/comments?post=1015238"}],"version-history":[{"count":1,"href":"https:\/\/scn.eu\/sv\/wp-json\/wp\/v2\/product\/1015238\/revisions"}],"predecessor-version":[{"id":8034568,"href":"https:\/\/scn.eu\/sv\/wp-json\/wp\/v2\/product\/1015238\/revisions\/8034568"}],"wp:featuredmedia":[{"embeddable":true,"href":"https:\/\/scn.eu\/sv\/wp-json\/wp\/v2\/media\/8034567"}],"wp:attachment":[{"href":"https:\/\/scn.eu\/sv\/wp-json\/wp\/v2\/media?parent=1015238"}],"wp:term":[{"taxonomy":"product_brand","embeddable":true,"href":"https:\/\/scn.eu\/sv\/wp-json\/wp\/v2\/product_brand?post=1015238"},{"taxonomy":"product_cat","embeddable":true,"href":"https:\/\/scn.eu\/sv\/wp-json\/wp\/v2\/product_cat?post=1015238"},{"taxonomy":"product_tag","embeddable":true,"href":"https:\/\/scn.eu\/sv\/wp-json\/wp\/v2\/product_tag?post=1015238"},{"taxonomy":"product_facet","embeddable":true,"href":"https:\/\/scn.eu\/sv\/wp-json\/wp\/v2\/product_facet?post=1015238"}],"curies":[{"name":"wp","href":"https:\/\/api.w.org\/{rel}","templated":true}]}}