{"id":1014916,"date":"2025-01-01T00:00:00","date_gmt":"2025-01-01T00:00:00","guid":{"rendered":"http:\/\/&#038;p=1014916"},"modified":"2026-03-20T01:58:40","modified_gmt":"2026-03-20T01:58:40","slug":"specialindicatorlights-sv","status":"publish","type":"product","link":"https:\/\/scn.eu\/sv\/produkt\/specialindicatorlights-sv\/","title":{"rendered":"Speciallampor f\u00f6r f\u00f6rsvarstill\u00e4mpningar"},"content":{"rendered":"<p>S\u00e4rskilda indikatorlampor f\u00f6r f\u00f6rsvarsapplikationer.<\/p>\n<p>Du hittar mer information i katalogen p\u00e5 l\u00e4nken &#8221;Produktblad&#8221; nedan.<\/p>\n","protected":false},"excerpt":{"rendered":"<p>S\u00e4rskilda indikatorlampor f\u00f6r f\u00f6rsvarsapplikationer. Du hittar mer information i katalogen p\u00e5 l\u00e4nken &#8221;Produktblad&#8221; nedan.<\/p>\n","protected":false},"featured_media":8033603,"comment_status":"closed","ping_status":"closed","template":"","meta":{"_kad_post_transparent":"default","_kad_post_title":"","_kad_post_layout":"default","_kad_post_sidebar_id":"","_kad_post_content_style":"default","_kad_post_vertical_padding":"default","_kad_post_feature":"","_kad_post_feature_position":"","_kad_post_header":false,"_kad_post_footer":false,"_kad_post_classname":""},"product_brand":[946],"product_cat":[10630,10641,10759,9104],"product_tag":[],"product_facet":[10773],"class_list":{"0":"post-1014916","1":"product","2":"type-product","3":"status-publish","4":"has-post-thumbnail","6":"product_brand-mafelec","7":"product_cat-components","8":"product_cat-led-lights","9":"product_cat-products","10":"product_cat-special-led","11":"product_facet-facet-components","13":"first","14":"instock","15":"downloadable","16":"shipping-taxable","17":"product-type-simple","18":"entry","19":"content-bg","20":"loop-entry"},"_links":{"self":[{"href":"https:\/\/scn.eu\/sv\/wp-json\/wp\/v2\/product\/1014916","targetHints":{"allow":["GET"]}}],"collection":[{"href":"https:\/\/scn.eu\/sv\/wp-json\/wp\/v2\/product"}],"about":[{"href":"https:\/\/scn.eu\/sv\/wp-json\/wp\/v2\/types\/product"}],"replies":[{"embeddable":true,"href":"https:\/\/scn.eu\/sv\/wp-json\/wp\/v2\/comments?post=1014916"}],"version-history":[{"count":1,"href":"https:\/\/scn.eu\/sv\/wp-json\/wp\/v2\/product\/1014916\/revisions"}],"predecessor-version":[{"id":8033605,"href":"https:\/\/scn.eu\/sv\/wp-json\/wp\/v2\/product\/1014916\/revisions\/8033605"}],"wp:featuredmedia":[{"embeddable":true,"href":"https:\/\/scn.eu\/sv\/wp-json\/wp\/v2\/media\/8033603"}],"wp:attachment":[{"href":"https:\/\/scn.eu\/sv\/wp-json\/wp\/v2\/media?parent=1014916"}],"wp:term":[{"taxonomy":"product_brand","embeddable":true,"href":"https:\/\/scn.eu\/sv\/wp-json\/wp\/v2\/product_brand?post=1014916"},{"taxonomy":"product_cat","embeddable":true,"href":"https:\/\/scn.eu\/sv\/wp-json\/wp\/v2\/product_cat?post=1014916"},{"taxonomy":"product_tag","embeddable":true,"href":"https:\/\/scn.eu\/sv\/wp-json\/wp\/v2\/product_tag?post=1014916"},{"taxonomy":"product_facet","embeddable":true,"href":"https:\/\/scn.eu\/sv\/wp-json\/wp\/v2\/product_facet?post=1014916"}],"curies":[{"name":"wp","href":"https:\/\/api.w.org\/{rel}","templated":true}]}}