{"id":1014650,"date":"2025-01-01T00:00:00","date_gmt":"2025-01-01T00:00:00","guid":{"rendered":"http:\/\/&#038;p=1014650"},"modified":"2026-03-20T01:55:39","modified_gmt":"2026-03-20T01:55:39","slug":"smartalarms-sv","status":"publish","type":"product","link":"https:\/\/scn.eu\/sv\/produkt\/smartalarms-sv\/","title":{"rendered":"Smart Alarms 900-serien"},"content":{"rendered":"<p>ECCOs sortiment av Smart Alarms\u00ae var v\u00e4rldens f\u00f6rsta sj\u00e4lvjusterande reservlarm.<br \/>\nSmart Alarms m\u00e4ter konstant omgivningsljud och justerar deras ljudniv\u00e5, vilket skapar en volym som \u00e4r s\u00e4ker utan att vara st\u00f6rande eller bidra till buller. Smarta larm eliminerar behovet av konstant manuell justering och hj\u00e4lper till att f\u00f6rhindra avsiktlig bortkoppling av larm.<\/p>\n","protected":false},"excerpt":{"rendered":"<p>ECCOs sortiment av Smart Alarms\u00ae var v\u00e4rldens f\u00f6rsta sj\u00e4lvjusterande reservlarm. Smart Alarms m\u00e4ter konstant omgivningsljud och justerar deras ljudniv\u00e5, vilket skapar en volym som \u00e4r s\u00e4ker utan att vara st\u00f6rande eller bidra till buller. Smarta larm eliminerar behovet av konstant manuell justering och hj\u00e4lper till att f\u00f6rhindra avsiktlig bortkoppling av larm.<\/p>\n","protected":false},"featured_media":8032830,"comment_status":"closed","ping_status":"closed","template":"","meta":{"_kad_post_transparent":"default","_kad_post_title":"","_kad_post_layout":"default","_kad_post_sidebar_id":"","_kad_post_content_style":"default","_kad_post_vertical_padding":"default","_kad_post_feature":"","_kad_post_feature_position":"","_kad_post_header":false,"_kad_post_footer":false,"_kad_post_classname":""},"product_brand":[921],"product_cat":[9345,8823,10630,10759],"product_tag":[],"product_facet":[10773],"class_list":{"0":"post-1014650","1":"product","2":"type-product","3":"status-publish","4":"has-post-thumbnail","6":"product_brand-ecco-safety","7":"product_cat-back-up-alarms","8":"product_cat-back-up-alarms-cameras","9":"product_cat-components","10":"product_cat-products","11":"product_facet-facet-components","13":"first","14":"instock","15":"downloadable","16":"shipping-taxable","17":"product-type-simple","18":"entry","19":"content-bg","20":"loop-entry"},"_links":{"self":[{"href":"https:\/\/scn.eu\/sv\/wp-json\/wp\/v2\/product\/1014650","targetHints":{"allow":["GET"]}}],"collection":[{"href":"https:\/\/scn.eu\/sv\/wp-json\/wp\/v2\/product"}],"about":[{"href":"https:\/\/scn.eu\/sv\/wp-json\/wp\/v2\/types\/product"}],"replies":[{"embeddable":true,"href":"https:\/\/scn.eu\/sv\/wp-json\/wp\/v2\/comments?post=1014650"}],"version-history":[{"count":1,"href":"https:\/\/scn.eu\/sv\/wp-json\/wp\/v2\/product\/1014650\/revisions"}],"predecessor-version":[{"id":8032832,"href":"https:\/\/scn.eu\/sv\/wp-json\/wp\/v2\/product\/1014650\/revisions\/8032832"}],"wp:featuredmedia":[{"embeddable":true,"href":"https:\/\/scn.eu\/sv\/wp-json\/wp\/v2\/media\/8032830"}],"wp:attachment":[{"href":"https:\/\/scn.eu\/sv\/wp-json\/wp\/v2\/media?parent=1014650"}],"wp:term":[{"taxonomy":"product_brand","embeddable":true,"href":"https:\/\/scn.eu\/sv\/wp-json\/wp\/v2\/product_brand?post=1014650"},{"taxonomy":"product_cat","embeddable":true,"href":"https:\/\/scn.eu\/sv\/wp-json\/wp\/v2\/product_cat?post=1014650"},{"taxonomy":"product_tag","embeddable":true,"href":"https:\/\/scn.eu\/sv\/wp-json\/wp\/v2\/product_tag?post=1014650"},{"taxonomy":"product_facet","embeddable":true,"href":"https:\/\/scn.eu\/sv\/wp-json\/wp\/v2\/product_facet?post=1014650"}],"curies":[{"name":"wp","href":"https:\/\/api.w.org\/{rel}","templated":true}]}}