{"id":1014552,"date":"2025-01-01T00:00:00","date_gmt":"2025-01-01T00:00:00","guid":{"rendered":"http:\/\/&#038;p=1014552"},"modified":"2026-03-20T01:54:36","modified_gmt":"2026-03-20T01:54:36","slug":"sgx250-sv","status":"publish","type":"product","link":"https:\/\/scn.eu\/sv\/produkt\/sgx250-sv\/","title":{"rendered":"SGX250 Kontaktor 12-1000VDC"},"content":{"rendered":"<p>Hermetiskt t\u00e4t och klassad till 175\u00b0C med minimal risk f\u00f6r brand eller h\u00e4rdsm\u00e4lta under \u00f6verstr\u00f6msf\u00f6rh\u00e5llanden.<\/p>\n<p>\u00c5terfylld med gas (fr\u00e4mst v\u00e4te) f\u00f6r att effektivt h\u00e4mma oxidation, vilket resulterar i en l\u00e5g och stabil kontaktresistans.<\/p>\n<p>Isolationsresistansen ligger p\u00e5 1000M\u03a9 (1000Vdc), medan den dielektriska styrkan mellan spolen och kontakterna n\u00e5r 4,0kV.<\/p>\n<p>Kontinuerlig str\u00f6m p\u00e5 250A vid 85\u00b0C,<\/p>\n<p>F\u00f6ljer IEC 60664-1 och RoHS-standarder.<\/p>\n","protected":false},"excerpt":{"rendered":"<p>Hermetiskt t\u00e4t och klassad till 175\u00b0C med minimal risk f\u00f6r brand eller h\u00e4rdsm\u00e4lta under \u00f6verstr\u00f6msf\u00f6rh\u00e5llanden. \u00c5terfylld med gas (fr\u00e4mst v\u00e4te) f\u00f6r att effektivt h\u00e4mma oxidation, vilket resulterar i en l\u00e5g och stabil kontaktresistans. Isolationsresistansen ligger p\u00e5 1000M\u03a9 (1000Vdc), medan den dielektriska styrkan mellan spolen och kontakterna n\u00e5r 4,0kV. Kontinuerlig str\u00f6m p\u00e5 250A vid 85\u00b0C, F\u00f6ljer&#8230;<\/p>\n","protected":false},"featured_media":8032536,"comment_status":"closed","ping_status":"closed","template":"","meta":{"_kad_post_transparent":"default","_kad_post_title":"","_kad_post_layout":"default","_kad_post_sidebar_id":"","_kad_post_content_style":"default","_kad_post_vertical_padding":"default","_kad_post_feature":"","_kad_post_feature_position":"","_kad_post_header":false,"_kad_post_footer":false,"_kad_post_classname":""},"product_brand":[920],"product_cat":[9037,10630,10656,10759],"product_tag":[],"product_facet":[10773],"class_list":{"0":"post-1014552","1":"product","2":"type-product","3":"status-publish","4":"has-post-thumbnail","6":"product_brand-gigavac","7":"product_cat-12100vdc-10080090010001500vdc","8":"product_cat-components","9":"product_cat-power-contactors","10":"product_cat-products","11":"product_facet-facet-components","13":"first","14":"instock","15":"downloadable","16":"shipping-taxable","17":"product-type-simple","18":"entry","19":"content-bg","20":"loop-entry"},"_links":{"self":[{"href":"https:\/\/scn.eu\/sv\/wp-json\/wp\/v2\/product\/1014552","targetHints":{"allow":["GET"]}}],"collection":[{"href":"https:\/\/scn.eu\/sv\/wp-json\/wp\/v2\/product"}],"about":[{"href":"https:\/\/scn.eu\/sv\/wp-json\/wp\/v2\/types\/product"}],"replies":[{"embeddable":true,"href":"https:\/\/scn.eu\/sv\/wp-json\/wp\/v2\/comments?post=1014552"}],"version-history":[{"count":1,"href":"https:\/\/scn.eu\/sv\/wp-json\/wp\/v2\/product\/1014552\/revisions"}],"predecessor-version":[{"id":8032538,"href":"https:\/\/scn.eu\/sv\/wp-json\/wp\/v2\/product\/1014552\/revisions\/8032538"}],"wp:featuredmedia":[{"embeddable":true,"href":"https:\/\/scn.eu\/sv\/wp-json\/wp\/v2\/media\/8032536"}],"wp:attachment":[{"href":"https:\/\/scn.eu\/sv\/wp-json\/wp\/v2\/media?parent=1014552"}],"wp:term":[{"taxonomy":"product_brand","embeddable":true,"href":"https:\/\/scn.eu\/sv\/wp-json\/wp\/v2\/product_brand?post=1014552"},{"taxonomy":"product_cat","embeddable":true,"href":"https:\/\/scn.eu\/sv\/wp-json\/wp\/v2\/product_cat?post=1014552"},{"taxonomy":"product_tag","embeddable":true,"href":"https:\/\/scn.eu\/sv\/wp-json\/wp\/v2\/product_tag?post=1014552"},{"taxonomy":"product_facet","embeddable":true,"href":"https:\/\/scn.eu\/sv\/wp-json\/wp\/v2\/product_facet?post=1014552"}],"curies":[{"name":"wp","href":"https:\/\/api.w.org\/{rel}","templated":true}]}}