{"id":1014489,"date":"2025-01-01T00:00:00","date_gmt":"2025-01-01T00:00:00","guid":{"rendered":"http:\/\/&#038;p=1014489"},"modified":"2026-03-20T01:53:52","modified_gmt":"2026-03-20T01:53:52","slug":"sgt9654302-sv","status":"publish","type":"product","link":"https:\/\/scn.eu\/sv\/produkt\/sgt9654302-sv\/","title":{"rendered":"SGT9654302 Halvledarrel\u00e4 50A"},"content":{"rendered":"<p>\u2192 Zero Cross Solid State-rel\u00e4 speciellt designat f\u00f6r resistiva belastningar.<br \/>\n\u2192 \u00d6versp\u00e4nningsskydd (TVS) p\u00e5 ing\u00e5ng och utg\u00e5ng.<br \/>\n\u2192 Rygg mot rygg tyristorer p\u00e5 utg\u00e5ng med TMS\u00b2-teknik f\u00f6r en l\u00e5ng f\u00f6rv\u00e4ntad livsl\u00e4ngd, RoHS-fri process.<br \/>\n\u2192 Teknik f\u00f6r direkt kopparbindning (DCB).<br \/>\n\u2192 Stort kontrollomr\u00e5de: 4-30VDC med ing\u00e5ngsstr\u00f6mbegr\u00e4nsare. Gr\u00f6n LED-visualisering p\u00e5 ing\u00e5ngen.<br \/>\n\u2192 Designad i enlighet med IEC\/EN60947-4-3<br \/>\n\u2192 Inbyggd IP20 &#8211; skydd med klaffar<\/p>\n","protected":false},"excerpt":{"rendered":"<p>\u2192 Zero Cross Solid State-rel\u00e4 speciellt designat f\u00f6r resistiva belastningar. \u2192 \u00d6versp\u00e4nningsskydd (TVS) p\u00e5 ing\u00e5ng och utg\u00e5ng. \u2192 Rygg mot rygg tyristorer p\u00e5 utg\u00e5ng med TMS\u00b2-teknik f\u00f6r en l\u00e5ng f\u00f6rv\u00e4ntad livsl\u00e4ngd, RoHS-fri process. \u2192 Teknik f\u00f6r direkt kopparbindning (DCB). \u2192 Stort kontrollomr\u00e5de: 4-30VDC med ing\u00e5ngsstr\u00f6mbegr\u00e4nsare. Gr\u00f6n LED-visualisering p\u00e5 ing\u00e5ngen. \u2192 Designad i enlighet med IEC\/EN60947-4-3&#8230;<\/p>\n","protected":false},"featured_media":8032338,"comment_status":"closed","ping_status":"closed","template":"","meta":{"_kad_post_transparent":"default","_kad_post_title":"","_kad_post_layout":"default","_kad_post_sidebar_id":"","_kad_post_content_style":"default","_kad_post_vertical_padding":"default","_kad_post_feature":"","_kad_post_feature_position":"","_kad_post_header":false,"_kad_post_footer":false,"_kad_post_classname":""},"product_brand":[938],"product_cat":[9436,10630,10759,10417],"product_tag":[],"product_facet":[10773],"class_list":{"0":"post-1014489","1":"product","2":"type-product","3":"status-publish","4":"has-post-thumbnail","6":"product_brand-celduc","7":"product_cat-2-3-phase","8":"product_cat-components","9":"product_cat-products","10":"product_cat-solid-state-relays-ssr","11":"product_facet-facet-components","13":"first","14":"instock","15":"downloadable","16":"shipping-taxable","17":"product-type-simple","18":"entry","19":"content-bg","20":"loop-entry"},"_links":{"self":[{"href":"https:\/\/scn.eu\/sv\/wp-json\/wp\/v2\/product\/1014489","targetHints":{"allow":["GET"]}}],"collection":[{"href":"https:\/\/scn.eu\/sv\/wp-json\/wp\/v2\/product"}],"about":[{"href":"https:\/\/scn.eu\/sv\/wp-json\/wp\/v2\/types\/product"}],"replies":[{"embeddable":true,"href":"https:\/\/scn.eu\/sv\/wp-json\/wp\/v2\/comments?post=1014489"}],"version-history":[{"count":1,"href":"https:\/\/scn.eu\/sv\/wp-json\/wp\/v2\/product\/1014489\/revisions"}],"predecessor-version":[{"id":8032340,"href":"https:\/\/scn.eu\/sv\/wp-json\/wp\/v2\/product\/1014489\/revisions\/8032340"}],"wp:featuredmedia":[{"embeddable":true,"href":"https:\/\/scn.eu\/sv\/wp-json\/wp\/v2\/media\/8032338"}],"wp:attachment":[{"href":"https:\/\/scn.eu\/sv\/wp-json\/wp\/v2\/media?parent=1014489"}],"wp:term":[{"taxonomy":"product_brand","embeddable":true,"href":"https:\/\/scn.eu\/sv\/wp-json\/wp\/v2\/product_brand?post=1014489"},{"taxonomy":"product_cat","embeddable":true,"href":"https:\/\/scn.eu\/sv\/wp-json\/wp\/v2\/product_cat?post=1014489"},{"taxonomy":"product_tag","embeddable":true,"href":"https:\/\/scn.eu\/sv\/wp-json\/wp\/v2\/product_tag?post=1014489"},{"taxonomy":"product_facet","embeddable":true,"href":"https:\/\/scn.eu\/sv\/wp-json\/wp\/v2\/product_facet?post=1014489"}],"curies":[{"name":"wp","href":"https:\/\/api.w.org\/{rel}","templated":true}]}}