{"id":1014482,"date":"2025-01-01T00:00:00","date_gmt":"2025-01-01T00:00:00","guid":{"rendered":"http:\/\/&#038;p=1014482"},"modified":"2026-03-20T01:53:45","modified_gmt":"2026-03-20T01:53:45","slug":"sgt9624300-sv","status":"publish","type":"product","link":"https:\/\/scn.eu\/sv\/produkt\/sgt9624300-sv\/","title":{"rendered":"SGT9624300 Halvledarrel\u00e4 25A"},"content":{"rendered":"<p>SGT9624300<br \/>\nStr\u00f6mf\u00f6rdelning: 3x25A<br \/>\nKopplingssp\u00e4nning: 24-660VAC<br \/>\nToppsp\u00e4nning: 1200V<br \/>\nStyrsp\u00e4nning: 4-30VDC<\/p>\n","protected":false},"excerpt":{"rendered":"<p>SGT9624300 Str\u00f6mf\u00f6rdelning: 3x25A Kopplingssp\u00e4nning: 24-660VAC Toppsp\u00e4nning: 1200V Styrsp\u00e4nning: 4-30VDC<\/p>\n","protected":false},"featured_media":8032316,"comment_status":"closed","ping_status":"closed","template":"","meta":{"_kad_post_transparent":"default","_kad_post_title":"","_kad_post_layout":"default","_kad_post_sidebar_id":"","_kad_post_content_style":"default","_kad_post_vertical_padding":"default","_kad_post_feature":"","_kad_post_feature_position":"","_kad_post_header":false,"_kad_post_footer":false,"_kad_post_classname":""},"product_brand":[938],"product_cat":[9436,10630,10759,10417],"product_tag":[],"product_facet":[10773],"class_list":{"0":"post-1014482","1":"product","2":"type-product","3":"status-publish","4":"has-post-thumbnail","6":"product_brand-celduc","7":"product_cat-2-3-phase","8":"product_cat-components","9":"product_cat-products","10":"product_cat-solid-state-relays-ssr","11":"product_facet-facet-components","13":"first","14":"instock","15":"downloadable","16":"shipping-taxable","17":"product-type-simple","18":"entry","19":"content-bg","20":"loop-entry"},"_links":{"self":[{"href":"https:\/\/scn.eu\/sv\/wp-json\/wp\/v2\/product\/1014482","targetHints":{"allow":["GET"]}}],"collection":[{"href":"https:\/\/scn.eu\/sv\/wp-json\/wp\/v2\/product"}],"about":[{"href":"https:\/\/scn.eu\/sv\/wp-json\/wp\/v2\/types\/product"}],"replies":[{"embeddable":true,"href":"https:\/\/scn.eu\/sv\/wp-json\/wp\/v2\/comments?post=1014482"}],"version-history":[{"count":1,"href":"https:\/\/scn.eu\/sv\/wp-json\/wp\/v2\/product\/1014482\/revisions"}],"predecessor-version":[{"id":8032318,"href":"https:\/\/scn.eu\/sv\/wp-json\/wp\/v2\/product\/1014482\/revisions\/8032318"}],"wp:featuredmedia":[{"embeddable":true,"href":"https:\/\/scn.eu\/sv\/wp-json\/wp\/v2\/media\/8032316"}],"wp:attachment":[{"href":"https:\/\/scn.eu\/sv\/wp-json\/wp\/v2\/media?parent=1014482"}],"wp:term":[{"taxonomy":"product_brand","embeddable":true,"href":"https:\/\/scn.eu\/sv\/wp-json\/wp\/v2\/product_brand?post=1014482"},{"taxonomy":"product_cat","embeddable":true,"href":"https:\/\/scn.eu\/sv\/wp-json\/wp\/v2\/product_cat?post=1014482"},{"taxonomy":"product_tag","embeddable":true,"href":"https:\/\/scn.eu\/sv\/wp-json\/wp\/v2\/product_tag?post=1014482"},{"taxonomy":"product_facet","embeddable":true,"href":"https:\/\/scn.eu\/sv\/wp-json\/wp\/v2\/product_facet?post=1014482"}],"curies":[{"name":"wp","href":"https:\/\/api.w.org\/{rel}","templated":true}]}}