{"id":1014405,"date":"2025-01-01T00:00:00","date_gmt":"2025-01-01T00:00:00","guid":{"rendered":"http:\/\/&#038;p=1014405"},"modified":"2026-03-20T01:52:16","modified_gmt":"2026-03-20T01:52:16","slug":"sgb-sv","status":"publish","type":"product","link":"https:\/\/scn.eu\/sv\/produkt\/sgb-sv\/","title":{"rendered":"SGB Halvledarrel\u00e4"},"content":{"rendered":"<p>SGB-serien<br \/>\n2 ben trefas solid state-rel\u00e4er<\/p>\n<p>V\u00e5r SGB-serie \u00e4r utformad f\u00f6r att styra trefas-belastningar som \u00e4r anslutna i delta eller, om de \u00e4r balanserade, anslutna i stj\u00e4rna utan nollanslutningen. <\/p>\n<p>Tv\u00e5 av de tre faserna kopplas om av SSR:n, medan den tredje \u00e4r direkt ansluten.<br \/>\nDenna tillf\u00f6rlitliga l\u00f6sning kan l\u00e4tt integreras i ett styrsystem tack vare enkel kabeldragning.<\/p>\n","protected":false},"excerpt":{"rendered":"<p>SGB-serien 2 ben trefas solid state-rel\u00e4er V\u00e5r SGB-serie \u00e4r utformad f\u00f6r att styra trefas-belastningar som \u00e4r anslutna i delta eller, om de \u00e4r balanserade, anslutna i stj\u00e4rna utan nollanslutningen. Tv\u00e5 av de tre faserna kopplas om av SSR:n, medan den tredje \u00e4r direkt ansluten. Denna tillf\u00f6rlitliga l\u00f6sning kan l\u00e4tt integreras i ett styrsystem tack vare&#8230;<\/p>\n","protected":false},"featured_media":8032081,"comment_status":"closed","ping_status":"closed","template":"","meta":{"_kad_post_transparent":"default","_kad_post_title":"","_kad_post_layout":"default","_kad_post_sidebar_id":"","_kad_post_content_style":"default","_kad_post_vertical_padding":"default","_kad_post_feature":"","_kad_post_feature_position":"","_kad_post_header":false,"_kad_post_footer":false,"_kad_post_classname":""},"product_brand":[938],"product_cat":[9436,10630,10759,10417],"product_tag":[],"product_facet":[10773],"class_list":{"0":"post-1014405","1":"product","2":"type-product","3":"status-publish","4":"has-post-thumbnail","6":"product_brand-celduc","7":"product_cat-2-3-phase","8":"product_cat-components","9":"product_cat-products","10":"product_cat-solid-state-relays-ssr","11":"product_facet-facet-components","13":"first","14":"instock","15":"downloadable","16":"shipping-taxable","17":"product-type-simple","18":"entry","19":"content-bg","20":"loop-entry"},"_links":{"self":[{"href":"https:\/\/scn.eu\/sv\/wp-json\/wp\/v2\/product\/1014405","targetHints":{"allow":["GET"]}}],"collection":[{"href":"https:\/\/scn.eu\/sv\/wp-json\/wp\/v2\/product"}],"about":[{"href":"https:\/\/scn.eu\/sv\/wp-json\/wp\/v2\/types\/product"}],"replies":[{"embeddable":true,"href":"https:\/\/scn.eu\/sv\/wp-json\/wp\/v2\/comments?post=1014405"}],"version-history":[{"count":1,"href":"https:\/\/scn.eu\/sv\/wp-json\/wp\/v2\/product\/1014405\/revisions"}],"predecessor-version":[{"id":8032083,"href":"https:\/\/scn.eu\/sv\/wp-json\/wp\/v2\/product\/1014405\/revisions\/8032083"}],"wp:featuredmedia":[{"embeddable":true,"href":"https:\/\/scn.eu\/sv\/wp-json\/wp\/v2\/media\/8032081"}],"wp:attachment":[{"href":"https:\/\/scn.eu\/sv\/wp-json\/wp\/v2\/media?parent=1014405"}],"wp:term":[{"taxonomy":"product_brand","embeddable":true,"href":"https:\/\/scn.eu\/sv\/wp-json\/wp\/v2\/product_brand?post=1014405"},{"taxonomy":"product_cat","embeddable":true,"href":"https:\/\/scn.eu\/sv\/wp-json\/wp\/v2\/product_cat?post=1014405"},{"taxonomy":"product_tag","embeddable":true,"href":"https:\/\/scn.eu\/sv\/wp-json\/wp\/v2\/product_tag?post=1014405"},{"taxonomy":"product_facet","embeddable":true,"href":"https:\/\/scn.eu\/sv\/wp-json\/wp\/v2\/product_facet?post=1014405"}],"curies":[{"name":"wp","href":"https:\/\/api.w.org\/{rel}","templated":true}]}}