{"id":1014384,"date":"2025-01-01T00:00:00","date_gmt":"2025-01-01T00:00:00","guid":{"rendered":"http:\/\/&#038;p=1014384"},"modified":"2026-03-20T01:51:49","modified_gmt":"2026-03-20T01:51:49","slug":"sfp203mod-sv","status":"publish","type":"product","link":"https:\/\/scn.eu\/sv\/produkt\/sfp203mod-sv\/","title":{"rendered":"SFP203 MOD Precisionsm\u00e4tning f\u00f6r Str\u00f6m"},"content":{"rendered":"<p>The SFP203MOD precisely measures currents from mA to kA. Designed specifically for the needs of electric vehicles (EVs) and Energy Storage Systems (ESS), this cost-effective member of Sensata | Sendyne&#8217;s SFP family communicates via an isolated CAN 2.0B interface (500 kbit\/s).<br \/>\nThe module achieves a total accuracy of \u00b11.0% for current and voltage measurement over the whole operating temperature range of \u201340 \u00b0C to +125 \u00b0C.<\/p>\n","protected":false},"excerpt":{"rendered":"<p>The SFP203MOD precisely measures currents from mA to kA. Designed specifically for the needs of electric vehicles (EVs) and Energy Storage Systems (ESS), this cost-effective member of Sensata | Sendyne&#8217;s SFP family communicates via an isolated CAN 2.0B interface (500 kbit\/s). The module achieves a total accuracy of \u00b11.0% for current and voltage measurement over&#8230;<\/p>\n","protected":false},"featured_media":8032015,"comment_status":"closed","ping_status":"closed","template":"","meta":{"_kad_post_transparent":"default","_kad_post_title":"","_kad_post_layout":"default","_kad_post_sidebar_id":"","_kad_post_content_style":"default","_kad_post_vertical_padding":"default","_kad_post_feature":"","_kad_post_feature_position":"","_kad_post_header":false,"_kad_post_footer":false,"_kad_post_classname":""},"product_brand":[922],"product_cat":[10630,8872,10759],"product_tag":[],"product_facet":[10773],"class_list":{"0":"post-1014384","1":"product","2":"type-product","3":"status-publish","4":"has-post-thumbnail","6":"product_brand-sensata","7":"product_cat-components","8":"product_cat-insulation-current-and-voltage-sensors","9":"product_cat-products","10":"product_facet-facet-components","12":"first","13":"instock","14":"downloadable","15":"shipping-taxable","16":"product-type-simple","17":"entry","18":"content-bg","19":"loop-entry"},"_links":{"self":[{"href":"https:\/\/scn.eu\/sv\/wp-json\/wp\/v2\/product\/1014384","targetHints":{"allow":["GET"]}}],"collection":[{"href":"https:\/\/scn.eu\/sv\/wp-json\/wp\/v2\/product"}],"about":[{"href":"https:\/\/scn.eu\/sv\/wp-json\/wp\/v2\/types\/product"}],"replies":[{"embeddable":true,"href":"https:\/\/scn.eu\/sv\/wp-json\/wp\/v2\/comments?post=1014384"}],"version-history":[{"count":1,"href":"https:\/\/scn.eu\/sv\/wp-json\/wp\/v2\/product\/1014384\/revisions"}],"predecessor-version":[{"id":8032017,"href":"https:\/\/scn.eu\/sv\/wp-json\/wp\/v2\/product\/1014384\/revisions\/8032017"}],"wp:featuredmedia":[{"embeddable":true,"href":"https:\/\/scn.eu\/sv\/wp-json\/wp\/v2\/media\/8032015"}],"wp:attachment":[{"href":"https:\/\/scn.eu\/sv\/wp-json\/wp\/v2\/media?parent=1014384"}],"wp:term":[{"taxonomy":"product_brand","embeddable":true,"href":"https:\/\/scn.eu\/sv\/wp-json\/wp\/v2\/product_brand?post=1014384"},{"taxonomy":"product_cat","embeddable":true,"href":"https:\/\/scn.eu\/sv\/wp-json\/wp\/v2\/product_cat?post=1014384"},{"taxonomy":"product_tag","embeddable":true,"href":"https:\/\/scn.eu\/sv\/wp-json\/wp\/v2\/product_tag?post=1014384"},{"taxonomy":"product_facet","embeddable":true,"href":"https:\/\/scn.eu\/sv\/wp-json\/wp\/v2\/product_facet?post=1014384"}],"curies":[{"name":"wp","href":"https:\/\/api.w.org\/{rel}","templated":true}]}}