{"id":1013789,"date":"2025-01-01T00:00:00","date_gmt":"2025-01-01T00:00:00","guid":{"rendered":"http:\/\/&#038;p=1013789"},"modified":"2026-03-20T01:43:33","modified_gmt":"2026-03-20T01:43:33","slug":"procanxlrear-sv","status":"publish","type":"product","link":"https:\/\/scn.eu\/sv\/produkt\/procanxlrear-sv\/","title":{"rendered":"ProCAN XL Bakljus"},"content":{"rendered":"<p>LED-baklykta<br \/>\nLED-bromsljus<br \/>\nLED-blinkers<br \/>\nIndikatorlampa f\u00f6r sekventiell k\u00f6rriktning<\/p>\n<p>Snygg design tack vare klar glasoptik med lysande FF-teknik.<\/p>\n<p>Anv\u00e4ndning av 18 High Power LED-lampor f\u00f6r ljusstark belysning.<\/p>\n<p>Huset \u00e4r vattent\u00e4tt.<\/p>\n<p>Flexibelt fasts\u00e4ttning.<\/p>\n<p>12 Volt \/ 24 Volt, kabel 0,5m.<\/p>\n<p>Optisk klar lins.<\/p>\n<p>ECE- och ADR-godk\u00e4nd.<\/p>\n<p>IP67<\/p>\n","protected":false},"excerpt":{"rendered":"<p>LED-baklykta LED-bromsljus LED-blinkers Indikatorlampa f\u00f6r sekventiell k\u00f6rriktning Snygg design tack vare klar glasoptik med lysande FF-teknik. Anv\u00e4ndning av 18 High Power LED-lampor f\u00f6r ljusstark belysning. Huset \u00e4r vattent\u00e4tt. Flexibelt fasts\u00e4ttning. 12 Volt \/ 24 Volt, kabel 0,5m. Optisk klar lins. ECE- och ADR-godk\u00e4nd. IP67<\/p>\n","protected":false},"featured_media":8030318,"comment_status":"closed","ping_status":"closed","template":"","meta":{"_kad_post_transparent":"default","_kad_post_title":"","_kad_post_layout":"default","_kad_post_sidebar_id":"","_kad_post_content_style":"default","_kad_post_vertical_padding":"default","_kad_post_feature":"","_kad_post_feature_position":"","_kad_post_header":false,"_kad_post_footer":false,"_kad_post_classname":""},"product_brand":[942],"product_cat":[10630,9099,10641,10759],"product_tag":[],"product_facet":[10773],"class_list":{"0":"post-1013789","1":"product","2":"type-product","3":"status-publish","4":"has-post-thumbnail","6":"product_brand-proplast","7":"product_cat-components","8":"product_cat-led-direction-indication-and-beacon-lights","9":"product_cat-led-lights","10":"product_cat-products","11":"product_facet-facet-components","13":"first","14":"instock","15":"downloadable","16":"shipping-taxable","17":"product-type-simple","18":"entry","19":"content-bg","20":"loop-entry"},"_links":{"self":[{"href":"https:\/\/scn.eu\/sv\/wp-json\/wp\/v2\/product\/1013789","targetHints":{"allow":["GET"]}}],"collection":[{"href":"https:\/\/scn.eu\/sv\/wp-json\/wp\/v2\/product"}],"about":[{"href":"https:\/\/scn.eu\/sv\/wp-json\/wp\/v2\/types\/product"}],"replies":[{"embeddable":true,"href":"https:\/\/scn.eu\/sv\/wp-json\/wp\/v2\/comments?post=1013789"}],"version-history":[{"count":1,"href":"https:\/\/scn.eu\/sv\/wp-json\/wp\/v2\/product\/1013789\/revisions"}],"predecessor-version":[{"id":8030319,"href":"https:\/\/scn.eu\/sv\/wp-json\/wp\/v2\/product\/1013789\/revisions\/8030319"}],"wp:featuredmedia":[{"embeddable":true,"href":"https:\/\/scn.eu\/sv\/wp-json\/wp\/v2\/media\/8030318"}],"wp:attachment":[{"href":"https:\/\/scn.eu\/sv\/wp-json\/wp\/v2\/media?parent=1013789"}],"wp:term":[{"taxonomy":"product_brand","embeddable":true,"href":"https:\/\/scn.eu\/sv\/wp-json\/wp\/v2\/product_brand?post=1013789"},{"taxonomy":"product_cat","embeddable":true,"href":"https:\/\/scn.eu\/sv\/wp-json\/wp\/v2\/product_cat?post=1013789"},{"taxonomy":"product_tag","embeddable":true,"href":"https:\/\/scn.eu\/sv\/wp-json\/wp\/v2\/product_tag?post=1013789"},{"taxonomy":"product_facet","embeddable":true,"href":"https:\/\/scn.eu\/sv\/wp-json\/wp\/v2\/product_facet?post=1013789"}],"curies":[{"name":"wp","href":"https:\/\/api.w.org\/{rel}","templated":true}]}}