{"id":1013782,"date":"2025-01-01T00:00:00","date_gmt":"2025-01-01T00:00:00","guid":{"rendered":"http:\/\/&#038;p=1013782"},"modified":"2026-03-20T01:43:24","modified_gmt":"2026-03-20T01:43:24","slug":"probes-sv","status":"publish","type":"product","link":"https:\/\/scn.eu\/sv\/produkt\/probes-sv\/","title":{"rendered":"Prober"},"content":{"rendered":"<p>Klixon-termostater anpassade och monterade i prober.<\/p>\n<p>Enpolig \/ enkelriktad (SPST) och finns som normalt \u00f6ppen (NO) eller normalt st\u00e4ngd (NC).<\/p>\n<p>Finns i flera fasta temperaturomr\u00e5den.<\/p>\n<p>Hermetiskt vakuumf\u00f6rseglade insatser (prober).<\/p>\n<p>Dessa skr\u00e4ddarsydda termostater finns tillg\u00e4ngliga f\u00f6r extrema temperaturer, smala arbetsomr\u00e5den eller andra specialanpassningar.<\/p>\n<p>Och i varianter av MIL-S-24236, MIL-S-24236\/2, MIL-S-24236\/11 och MIL-S-24236\/25.<\/p>\n","protected":false},"excerpt":{"rendered":"<p>Klixon-termostater anpassade och monterade i prober. Enpolig \/ enkelriktad (SPST) och finns som normalt \u00f6ppen (NO) eller normalt st\u00e4ngd (NC). Finns i flera fasta temperaturomr\u00e5den. Hermetiskt vakuumf\u00f6rseglade insatser (prober). Dessa skr\u00e4ddarsydda termostater finns tillg\u00e4ngliga f\u00f6r extrema temperaturer, smala arbetsomr\u00e5den eller andra specialanpassningar. Och i varianter av MIL-S-24236, MIL-S-24236\/2, MIL-S-24236\/11 och MIL-S-24236\/25.<\/p>\n","protected":false},"featured_media":8030302,"comment_status":"closed","ping_status":"closed","template":"","meta":{"_kad_post_transparent":"default","_kad_post_title":"","_kad_post_layout":"default","_kad_post_sidebar_id":"","_kad_post_content_style":"default","_kad_post_vertical_padding":"default","_kad_post_feature":"","_kad_post_feature_position":"","_kad_post_header":false,"_kad_post_footer":false,"_kad_post_classname":""},"product_brand":[922],"product_cat":[10630,9116,10759,10565],"product_tag":[],"product_facet":[10773],"class_list":{"0":"post-1013782","1":"product","2":"type-product","3":"status-publish","4":"has-post-thumbnail","6":"product_brand-sensata","7":"product_cat-components","8":"product_cat-klixon-7mm-probes","9":"product_cat-products","10":"product_cat-thermostats","11":"product_facet-facet-components","13":"first","14":"instock","15":"downloadable","16":"shipping-taxable","17":"product-type-simple","18":"entry","19":"content-bg","20":"loop-entry"},"_links":{"self":[{"href":"https:\/\/scn.eu\/sv\/wp-json\/wp\/v2\/product\/1013782","targetHints":{"allow":["GET"]}}],"collection":[{"href":"https:\/\/scn.eu\/sv\/wp-json\/wp\/v2\/product"}],"about":[{"href":"https:\/\/scn.eu\/sv\/wp-json\/wp\/v2\/types\/product"}],"replies":[{"embeddable":true,"href":"https:\/\/scn.eu\/sv\/wp-json\/wp\/v2\/comments?post=1013782"}],"version-history":[{"count":1,"href":"https:\/\/scn.eu\/sv\/wp-json\/wp\/v2\/product\/1013782\/revisions"}],"predecessor-version":[{"id":8030304,"href":"https:\/\/scn.eu\/sv\/wp-json\/wp\/v2\/product\/1013782\/revisions\/8030304"}],"wp:featuredmedia":[{"embeddable":true,"href":"https:\/\/scn.eu\/sv\/wp-json\/wp\/v2\/media\/8030302"}],"wp:attachment":[{"href":"https:\/\/scn.eu\/sv\/wp-json\/wp\/v2\/media?parent=1013782"}],"wp:term":[{"taxonomy":"product_brand","embeddable":true,"href":"https:\/\/scn.eu\/sv\/wp-json\/wp\/v2\/product_brand?post=1013782"},{"taxonomy":"product_cat","embeddable":true,"href":"https:\/\/scn.eu\/sv\/wp-json\/wp\/v2\/product_cat?post=1013782"},{"taxonomy":"product_tag","embeddable":true,"href":"https:\/\/scn.eu\/sv\/wp-json\/wp\/v2\/product_tag?post=1013782"},{"taxonomy":"product_facet","embeddable":true,"href":"https:\/\/scn.eu\/sv\/wp-json\/wp\/v2\/product_facet?post=1013782"}],"curies":[{"name":"wp","href":"https:\/\/api.w.org\/{rel}","templated":true}]}}