{"id":1013775,"date":"2025-01-01T00:00:00","date_gmt":"2025-01-01T00:00:00","guid":{"rendered":"http:\/\/&#038;p=1013775"},"modified":"2026-03-20T01:43:20","modified_gmt":"2026-03-20T01:43:20","slug":"pro-rockiiwider-sv","status":"publish","type":"product","link":"https:\/\/scn.eu\/sv\/produkt\/pro-rockiiwider-sv\/","title":{"rendered":"PRO-ROCK II Arbetsbelysning med bredare ljusbild"},"content":{"rendered":"<p>PRO-ROCK II LED Standard arbetsljus fr\u00e5n PROPLAST ger en bred belysning. <\/p>\n<p>En bra egenskap \u00e4r omedelbar och kraftfull 2000 lumen och driftsp\u00e4nning fr\u00e5n 12 till 80Volt. <\/p>\n<p>Den subtila skillnaden i PRO-ROCK II LED ligger i den specialtillverkade linsen.<br \/>\nHundratals ljusfacetter tr\u00e4ffar linsen och bryts f\u00f6r att skapa extremt bred och intensiv belysning p\u00e5 n\u00e4ra h\u00e5ll.<\/p>\n","protected":false},"excerpt":{"rendered":"<p>PRO-ROCK II LED Standard arbetsljus fr\u00e5n PROPLAST ger en bred belysning. En bra egenskap \u00e4r omedelbar och kraftfull 2000 lumen och driftsp\u00e4nning fr\u00e5n 12 till 80Volt. Den subtila skillnaden i PRO-ROCK II LED ligger i den specialtillverkade linsen. Hundratals ljusfacetter tr\u00e4ffar linsen och bryts f\u00f6r att skapa extremt bred och intensiv belysning p\u00e5 n\u00e4ra h\u00e5ll.<\/p>\n","protected":false},"featured_media":8030280,"comment_status":"closed","ping_status":"closed","template":"","meta":{"_kad_post_transparent":"default","_kad_post_title":"","_kad_post_layout":"default","_kad_post_sidebar_id":"","_kad_post_content_style":"default","_kad_post_vertical_padding":"default","_kad_post_feature":"","_kad_post_feature_position":"","_kad_post_header":false,"_kad_post_footer":false,"_kad_post_classname":""},"product_brand":[942],"product_cat":[10630,10641,9098,10759],"product_tag":[],"product_facet":[10773],"class_list":{"0":"post-1013775","1":"product","2":"type-product","3":"status-publish","4":"has-post-thumbnail","6":"product_brand-proplast","7":"product_cat-components","8":"product_cat-led-lights","9":"product_cat-led-work-lamps","10":"product_cat-products","11":"product_facet-facet-components","13":"first","14":"instock","15":"downloadable","16":"shipping-taxable","17":"product-type-simple","18":"entry","19":"content-bg","20":"loop-entry"},"_links":{"self":[{"href":"https:\/\/scn.eu\/sv\/wp-json\/wp\/v2\/product\/1013775","targetHints":{"allow":["GET"]}}],"collection":[{"href":"https:\/\/scn.eu\/sv\/wp-json\/wp\/v2\/product"}],"about":[{"href":"https:\/\/scn.eu\/sv\/wp-json\/wp\/v2\/types\/product"}],"replies":[{"embeddable":true,"href":"https:\/\/scn.eu\/sv\/wp-json\/wp\/v2\/comments?post=1013775"}],"version-history":[{"count":1,"href":"https:\/\/scn.eu\/sv\/wp-json\/wp\/v2\/product\/1013775\/revisions"}],"predecessor-version":[{"id":8030282,"href":"https:\/\/scn.eu\/sv\/wp-json\/wp\/v2\/product\/1013775\/revisions\/8030282"}],"wp:featuredmedia":[{"embeddable":true,"href":"https:\/\/scn.eu\/sv\/wp-json\/wp\/v2\/media\/8030280"}],"wp:attachment":[{"href":"https:\/\/scn.eu\/sv\/wp-json\/wp\/v2\/media?parent=1013775"}],"wp:term":[{"taxonomy":"product_brand","embeddable":true,"href":"https:\/\/scn.eu\/sv\/wp-json\/wp\/v2\/product_brand?post=1013775"},{"taxonomy":"product_cat","embeddable":true,"href":"https:\/\/scn.eu\/sv\/wp-json\/wp\/v2\/product_cat?post=1013775"},{"taxonomy":"product_tag","embeddable":true,"href":"https:\/\/scn.eu\/sv\/wp-json\/wp\/v2\/product_tag?post=1013775"},{"taxonomy":"product_facet","embeddable":true,"href":"https:\/\/scn.eu\/sv\/wp-json\/wp\/v2\/product_facet?post=1013775"}],"curies":[{"name":"wp","href":"https:\/\/api.w.org\/{rel}","templated":true}]}}