{"id":1013768,"date":"2025-01-01T00:00:00","date_gmt":"2025-01-01T00:00:00","guid":{"rendered":"http:\/\/&#038;p=1013768"},"modified":"2026-03-20T01:43:15","modified_gmt":"2026-03-20T01:43:15","slug":"pro-rockiistandard-2-sv","status":"publish","type":"product","link":"https:\/\/scn.eu\/sv\/produkt\/pro-rockiistandard-2-sv\/","title":{"rendered":"PRO-ROCK II Standard-2 Arbetsbelysning"},"content":{"rendered":"<p>PRO-ROCK II LED Standard arbetsljus fr\u00e5n PROPLAST ger en h\u00e4lsosam blandning av l\u00e5ng och bred belysning. <\/p>\n<p>En bra egenskap \u00e4r omedelbar och kraftfull 2000 lumen och driftsp\u00e4nning fr\u00e5n 12 till 80Volt. <\/p>\n<p>PRO-ROCK II LED Standard kan till exempel anv\u00e4ndas p\u00e5 stora gaffeltruckar. <\/p>\n<p>F\u00f6r att hantera den spillv\u00e4rme som produceras av 2000 lumen \u00e4r kylelementet tillverkat av robust, flexibel aluminium. <\/p>\n<p>Tack vare den LED-teknik som anv\u00e4nds h\u00e4r fungerar PRO-ROCK II LED-arbetsbelysningen vid temperaturer mellan -30\u00b0C och +50\u00b0C.<\/p>\n","protected":false},"excerpt":{"rendered":"<p>PRO-ROCK II LED Standard arbetsljus fr\u00e5n PROPLAST ger en h\u00e4lsosam blandning av l\u00e5ng och bred belysning. En bra egenskap \u00e4r omedelbar och kraftfull 2000 lumen och driftsp\u00e4nning fr\u00e5n 12 till 80Volt. PRO-ROCK II LED Standard kan till exempel anv\u00e4ndas p\u00e5 stora gaffeltruckar. F\u00f6r att hantera den spillv\u00e4rme som produceras av 2000 lumen \u00e4r kylelementet tillverkat&#8230;<\/p>\n","protected":false},"featured_media":8030198,"comment_status":"closed","ping_status":"closed","template":"","meta":{"_kad_post_transparent":"default","_kad_post_title":"","_kad_post_layout":"default","_kad_post_sidebar_id":"","_kad_post_content_style":"default","_kad_post_vertical_padding":"default","_kad_post_feature":"","_kad_post_feature_position":"","_kad_post_header":false,"_kad_post_footer":false,"_kad_post_classname":""},"product_brand":[942],"product_cat":[10630,10641,9098,10759],"product_tag":[],"product_facet":[10773],"class_list":{"0":"post-1013768","1":"product","2":"type-product","3":"status-publish","4":"has-post-thumbnail","6":"product_brand-proplast","7":"product_cat-components","8":"product_cat-led-lights","9":"product_cat-led-work-lamps","10":"product_cat-products","11":"product_facet-facet-components","13":"first","14":"instock","15":"downloadable","16":"shipping-taxable","17":"product-type-simple","18":"entry","19":"content-bg","20":"loop-entry"},"_links":{"self":[{"href":"https:\/\/scn.eu\/sv\/wp-json\/wp\/v2\/product\/1013768","targetHints":{"allow":["GET"]}}],"collection":[{"href":"https:\/\/scn.eu\/sv\/wp-json\/wp\/v2\/product"}],"about":[{"href":"https:\/\/scn.eu\/sv\/wp-json\/wp\/v2\/types\/product"}],"replies":[{"embeddable":true,"href":"https:\/\/scn.eu\/sv\/wp-json\/wp\/v2\/comments?post=1013768"}],"version-history":[{"count":1,"href":"https:\/\/scn.eu\/sv\/wp-json\/wp\/v2\/product\/1013768\/revisions"}],"predecessor-version":[{"id":8030260,"href":"https:\/\/scn.eu\/sv\/wp-json\/wp\/v2\/product\/1013768\/revisions\/8030260"}],"wp:featuredmedia":[{"embeddable":true,"href":"https:\/\/scn.eu\/sv\/wp-json\/wp\/v2\/media\/8030198"}],"wp:attachment":[{"href":"https:\/\/scn.eu\/sv\/wp-json\/wp\/v2\/media?parent=1013768"}],"wp:term":[{"taxonomy":"product_brand","embeddable":true,"href":"https:\/\/scn.eu\/sv\/wp-json\/wp\/v2\/product_brand?post=1013768"},{"taxonomy":"product_cat","embeddable":true,"href":"https:\/\/scn.eu\/sv\/wp-json\/wp\/v2\/product_cat?post=1013768"},{"taxonomy":"product_tag","embeddable":true,"href":"https:\/\/scn.eu\/sv\/wp-json\/wp\/v2\/product_tag?post=1013768"},{"taxonomy":"product_facet","embeddable":true,"href":"https:\/\/scn.eu\/sv\/wp-json\/wp\/v2\/product_facet?post=1013768"}],"curies":[{"name":"wp","href":"https:\/\/api.w.org\/{rel}","templated":true}]}}