{"id":1013761,"date":"2025-01-01T00:00:00","date_gmt":"2025-01-01T00:00:00","guid":{"rendered":"http:\/\/&#038;p=1013761"},"modified":"2026-03-20T01:43:11","modified_gmt":"2026-03-20T01:43:11","slug":"pro-rockiispot-2-sv","status":"publish","type":"product","link":"https:\/\/scn.eu\/sv\/produkt\/pro-rockiispot-2-sv\/","title":{"rendered":"PRO-ROCK II Spot-2 Arbetsbelysning"},"content":{"rendered":"<p>PRO-ROCK II Spot fr\u00e5n PROPLAST \u00e4r en annan variant av PRO-ROCK II-standarden som ger 2 000 lumen. <\/p>\n<p>Skillnaden \u00e4r linsen. Glaset kanaliserar ljuset till en smal str\u00e5le f\u00f6r spot- och bred belysning. <\/p>\n<p>PRO-ROCK II spot \u00e4r fullt fungerande med endast en 25-watts str\u00f6mf\u00f6rs\u00f6rjning. <\/p>\n<p>H\u00f6ljet med kylfl\u00e4nsar \u00e4r tillverkat av robust aluminium och ger \u00f6kad kylning av systemet. <\/p>\n<p>Hela paketet har en IP6K9K-klassning, vilket inneb\u00e4r att lampan \u00e4r damm- och vattent\u00e4t och klarar av jet- och \u00e5ngreng\u00f6ring.<\/p>\n","protected":false},"excerpt":{"rendered":"<p>PRO-ROCK II Spot fr\u00e5n PROPLAST \u00e4r en annan variant av PRO-ROCK II-standarden som ger 2 000 lumen. Skillnaden \u00e4r linsen. Glaset kanaliserar ljuset till en smal str\u00e5le f\u00f6r spot- och bred belysning. PRO-ROCK II spot \u00e4r fullt fungerande med endast en 25-watts str\u00f6mf\u00f6rs\u00f6rjning. H\u00f6ljet med kylfl\u00e4nsar \u00e4r tillverkat av robust aluminium och ger \u00f6kad kylning&#8230;<\/p>\n","protected":false},"featured_media":8030198,"comment_status":"closed","ping_status":"closed","template":"","meta":{"_kad_post_transparent":"default","_kad_post_title":"","_kad_post_layout":"default","_kad_post_sidebar_id":"","_kad_post_content_style":"default","_kad_post_vertical_padding":"default","_kad_post_feature":"","_kad_post_feature_position":"","_kad_post_header":false,"_kad_post_footer":false,"_kad_post_classname":""},"product_brand":[942],"product_cat":[10630,10641,9098,10759],"product_tag":[],"product_facet":[10773],"class_list":{"0":"post-1013761","1":"product","2":"type-product","3":"status-publish","4":"has-post-thumbnail","6":"product_brand-proplast","7":"product_cat-components","8":"product_cat-led-lights","9":"product_cat-led-work-lamps","10":"product_cat-products","11":"product_facet-facet-components","13":"first","14":"instock","15":"downloadable","16":"shipping-taxable","17":"product-type-simple","18":"entry","19":"content-bg","20":"loop-entry"},"_links":{"self":[{"href":"https:\/\/scn.eu\/sv\/wp-json\/wp\/v2\/product\/1013761","targetHints":{"allow":["GET"]}}],"collection":[{"href":"https:\/\/scn.eu\/sv\/wp-json\/wp\/v2\/product"}],"about":[{"href":"https:\/\/scn.eu\/sv\/wp-json\/wp\/v2\/types\/product"}],"replies":[{"embeddable":true,"href":"https:\/\/scn.eu\/sv\/wp-json\/wp\/v2\/comments?post=1013761"}],"version-history":[{"count":1,"href":"https:\/\/scn.eu\/sv\/wp-json\/wp\/v2\/product\/1013761\/revisions"}],"predecessor-version":[{"id":8030252,"href":"https:\/\/scn.eu\/sv\/wp-json\/wp\/v2\/product\/1013761\/revisions\/8030252"}],"wp:featuredmedia":[{"embeddable":true,"href":"https:\/\/scn.eu\/sv\/wp-json\/wp\/v2\/media\/8030198"}],"wp:attachment":[{"href":"https:\/\/scn.eu\/sv\/wp-json\/wp\/v2\/media?parent=1013761"}],"wp:term":[{"taxonomy":"product_brand","embeddable":true,"href":"https:\/\/scn.eu\/sv\/wp-json\/wp\/v2\/product_brand?post=1013761"},{"taxonomy":"product_cat","embeddable":true,"href":"https:\/\/scn.eu\/sv\/wp-json\/wp\/v2\/product_cat?post=1013761"},{"taxonomy":"product_tag","embeddable":true,"href":"https:\/\/scn.eu\/sv\/wp-json\/wp\/v2\/product_tag?post=1013761"},{"taxonomy":"product_facet","embeddable":true,"href":"https:\/\/scn.eu\/sv\/wp-json\/wp\/v2\/product_facet?post=1013761"}],"curies":[{"name":"wp","href":"https:\/\/api.w.org\/{rel}","templated":true}]}}