{"id":1013754,"date":"2025-01-01T00:00:00","date_gmt":"2025-01-01T00:00:00","guid":{"rendered":"http:\/\/&#038;p=1013754"},"modified":"2026-03-20T01:43:05","modified_gmt":"2026-03-20T01:43:05","slug":"pro-power-rock-2-sv","status":"publish","type":"product","link":"https:\/\/scn.eu\/sv\/produkt\/pro-power-rock-2-sv\/","title":{"rendered":"PRO-POWER-ROCK-2 Arbetsbelysning"},"content":{"rendered":"<p>PROPLAST ROCK \u00e4r grunden f\u00f6r detta belysningssystem.<br \/>\nDet \u00e4r en kraftfull enhet som sk\u00e4r igenom m\u00f6rkret och kastar ljus p\u00e5 \u00e4ven de minsta dammpartiklarna. <\/p>\n<p>Den h\u00e4r versionen av LED-arbetslampan PRO-POWER-ROCK klarar 4500 lumen och \u00e4r idealisk f\u00f6r alla typer av situationer.<br \/>\n\u00d6verallt d\u00e4r h\u00f6gpresterande maskiner anv\u00e4nds \u00e4r det d\u00e4r du hittar de h\u00e4r arbetslamporna. <\/p>\n<p>Ogynnsamma arbetsf\u00f6rh\u00e5llanden och l\u00e5nga arbetstider g\u00f6r det sv\u00e5rt f\u00f6r vanliga arbetslampor att ge tillr\u00e4cklig belysning och s\u00e4kerhetsniv\u00e5, men inte f\u00f6r PRO-POWER-ROCK. Den h\u00e4r lampan \u00e4r utformad f\u00f6r att fungera utan problem under l\u00e5ng tid &#8211; och det g\u00f6r den med stil. <\/p>\n<p>Lampans viktigaste egenskaper \u00e4r det robusta aluminiumh\u00f6ljet, linsen av h\u00e4rdat glas, den vattent\u00e4ta f\u00f6rslutningen och naturligtvis de st\u00f6tt\u00e5liga lysdioderna. Alla dessa faktorer samlas f\u00f6r att ge dig denna n\u00e4stan of\u00f6rst\u00f6rbara LED-arbetslampa fr\u00e5n ROCK-serien, PRO-ROCK II Spot.<\/p>\n","protected":false},"excerpt":{"rendered":"<p>PROPLAST ROCK \u00e4r grunden f\u00f6r detta belysningssystem. Det \u00e4r en kraftfull enhet som sk\u00e4r igenom m\u00f6rkret och kastar ljus p\u00e5 \u00e4ven de minsta dammpartiklarna. Den h\u00e4r versionen av LED-arbetslampan PRO-POWER-ROCK klarar 4500 lumen och \u00e4r idealisk f\u00f6r alla typer av situationer. \u00d6verallt d\u00e4r h\u00f6gpresterande maskiner anv\u00e4nds \u00e4r det d\u00e4r du hittar de h\u00e4r arbetslamporna. Ogynnsamma&#8230;<\/p>\n","protected":false},"featured_media":8030242,"comment_status":"closed","ping_status":"closed","template":"","meta":{"_kad_post_transparent":"default","_kad_post_title":"","_kad_post_layout":"default","_kad_post_sidebar_id":"","_kad_post_content_style":"default","_kad_post_vertical_padding":"default","_kad_post_feature":"","_kad_post_feature_position":"","_kad_post_header":false,"_kad_post_footer":false,"_kad_post_classname":""},"product_brand":[942],"product_cat":[10630,10641,9098,10759],"product_tag":[],"product_facet":[10773],"class_list":{"0":"post-1013754","1":"product","2":"type-product","3":"status-publish","4":"has-post-thumbnail","6":"product_brand-proplast","7":"product_cat-components","8":"product_cat-led-lights","9":"product_cat-led-work-lamps","10":"product_cat-products","11":"product_facet-facet-components","13":"first","14":"instock","15":"downloadable","16":"shipping-taxable","17":"product-type-simple","18":"entry","19":"content-bg","20":"loop-entry"},"_links":{"self":[{"href":"https:\/\/scn.eu\/sv\/wp-json\/wp\/v2\/product\/1013754","targetHints":{"allow":["GET"]}}],"collection":[{"href":"https:\/\/scn.eu\/sv\/wp-json\/wp\/v2\/product"}],"about":[{"href":"https:\/\/scn.eu\/sv\/wp-json\/wp\/v2\/types\/product"}],"replies":[{"embeddable":true,"href":"https:\/\/scn.eu\/sv\/wp-json\/wp\/v2\/comments?post=1013754"}],"version-history":[{"count":1,"href":"https:\/\/scn.eu\/sv\/wp-json\/wp\/v2\/product\/1013754\/revisions"}],"predecessor-version":[{"id":8030244,"href":"https:\/\/scn.eu\/sv\/wp-json\/wp\/v2\/product\/1013754\/revisions\/8030244"}],"wp:featuredmedia":[{"embeddable":true,"href":"https:\/\/scn.eu\/sv\/wp-json\/wp\/v2\/media\/8030242"}],"wp:attachment":[{"href":"https:\/\/scn.eu\/sv\/wp-json\/wp\/v2\/media?parent=1013754"}],"wp:term":[{"taxonomy":"product_brand","embeddable":true,"href":"https:\/\/scn.eu\/sv\/wp-json\/wp\/v2\/product_brand?post=1013754"},{"taxonomy":"product_cat","embeddable":true,"href":"https:\/\/scn.eu\/sv\/wp-json\/wp\/v2\/product_cat?post=1013754"},{"taxonomy":"product_tag","embeddable":true,"href":"https:\/\/scn.eu\/sv\/wp-json\/wp\/v2\/product_tag?post=1013754"},{"taxonomy":"product_facet","embeddable":true,"href":"https:\/\/scn.eu\/sv\/wp-json\/wp\/v2\/product_facet?post=1013754"}],"curies":[{"name":"wp","href":"https:\/\/api.w.org\/{rel}","templated":true}]}}