{"id":1013747,"date":"2025-01-01T00:00:00","date_gmt":"2025-01-01T00:00:00","guid":{"rendered":"http:\/\/&#038;p=1013747"},"modified":"2026-03-20T01:43:02","modified_gmt":"2026-03-20T01:43:02","slug":"pro-mini-rock-2-sv","status":"publish","type":"product","link":"https:\/\/scn.eu\/sv\/produkt\/pro-mini-rock-2-sv\/","title":{"rendered":"PRO-MINI-ROCK-2 Arbetsbelysning"},"content":{"rendered":"<p>LED-arbetslampor PRO-MINI-ROCK 500 fr\u00e5n PROPLAST har \u00e4rvt m\u00e5nga fantastiska funktioner fr\u00e5n sina kraftfullare syskon. <\/p>\n<p>Dessa inkluderar det solida aluminiumh\u00f6ljet, ett driftsomr\u00e5de p\u00e5 mellan 12 och 36 volt och skydd mot damm och vatten, vilket bevisas av dess IP6K9K-klassning. <\/p>\n<p>PRO-MINI-ROCK 500 har tv\u00e5 integrerade lysdioder som genererar 500 lumen ljus. <\/p>\n<p>Den totala f\u00f6rbrukningen \u00e4r endast 6,5 watt vid 12 och 24 volt. <\/p>\n<p>I vintersn\u00f6 eller sommarsol fungerar PRO-MINI-ROCK arbetslamporna tillf\u00f6rlitligt s\u00e5 l\u00e4nge temperaturen ligger inom intervallet -30\u00b0 och +50\u00b0C.<\/p>\n","protected":false},"excerpt":{"rendered":"<p>LED-arbetslampor PRO-MINI-ROCK 500 fr\u00e5n PROPLAST har \u00e4rvt m\u00e5nga fantastiska funktioner fr\u00e5n sina kraftfullare syskon. Dessa inkluderar det solida aluminiumh\u00f6ljet, ett driftsomr\u00e5de p\u00e5 mellan 12 och 36 volt och skydd mot damm och vatten, vilket bevisas av dess IP6K9K-klassning. PRO-MINI-ROCK 500 har tv\u00e5 integrerade lysdioder som genererar 500 lumen ljus. Den totala f\u00f6rbrukningen \u00e4r endast 6,5&#8230;<\/p>\n","protected":false},"featured_media":8030220,"comment_status":"closed","ping_status":"closed","template":"","meta":{"_kad_post_transparent":"default","_kad_post_title":"","_kad_post_layout":"default","_kad_post_sidebar_id":"","_kad_post_content_style":"default","_kad_post_vertical_padding":"default","_kad_post_feature":"","_kad_post_feature_position":"","_kad_post_header":false,"_kad_post_footer":false,"_kad_post_classname":""},"product_brand":[942],"product_cat":[10630,10641,9098,10759],"product_tag":[],"product_facet":[10773],"class_list":{"0":"post-1013747","1":"product","2":"type-product","3":"status-publish","4":"has-post-thumbnail","6":"product_brand-proplast","7":"product_cat-components","8":"product_cat-led-lights","9":"product_cat-led-work-lamps","10":"product_cat-products","11":"product_facet-facet-components","13":"first","14":"instock","15":"downloadable","16":"shipping-taxable","17":"product-type-simple","18":"entry","19":"content-bg","20":"loop-entry"},"_links":{"self":[{"href":"https:\/\/scn.eu\/sv\/wp-json\/wp\/v2\/product\/1013747","targetHints":{"allow":["GET"]}}],"collection":[{"href":"https:\/\/scn.eu\/sv\/wp-json\/wp\/v2\/product"}],"about":[{"href":"https:\/\/scn.eu\/sv\/wp-json\/wp\/v2\/types\/product"}],"replies":[{"embeddable":true,"href":"https:\/\/scn.eu\/sv\/wp-json\/wp\/v2\/comments?post=1013747"}],"version-history":[{"count":1,"href":"https:\/\/scn.eu\/sv\/wp-json\/wp\/v2\/product\/1013747\/revisions"}],"predecessor-version":[{"id":8030222,"href":"https:\/\/scn.eu\/sv\/wp-json\/wp\/v2\/product\/1013747\/revisions\/8030222"}],"wp:featuredmedia":[{"embeddable":true,"href":"https:\/\/scn.eu\/sv\/wp-json\/wp\/v2\/media\/8030220"}],"wp:attachment":[{"href":"https:\/\/scn.eu\/sv\/wp-json\/wp\/v2\/media?parent=1013747"}],"wp:term":[{"taxonomy":"product_brand","embeddable":true,"href":"https:\/\/scn.eu\/sv\/wp-json\/wp\/v2\/product_brand?post=1013747"},{"taxonomy":"product_cat","embeddable":true,"href":"https:\/\/scn.eu\/sv\/wp-json\/wp\/v2\/product_cat?post=1013747"},{"taxonomy":"product_tag","embeddable":true,"href":"https:\/\/scn.eu\/sv\/wp-json\/wp\/v2\/product_tag?post=1013747"},{"taxonomy":"product_facet","embeddable":true,"href":"https:\/\/scn.eu\/sv\/wp-json\/wp\/v2\/product_facet?post=1013747"}],"curies":[{"name":"wp","href":"https:\/\/api.w.org\/{rel}","templated":true}]}}