{"id":1013733,"date":"2025-01-01T00:00:00","date_gmt":"2025-01-01T00:00:00","guid":{"rendered":"http:\/\/&#038;p=1013733"},"modified":"2026-03-20T01:42:54","modified_gmt":"2026-03-20T01:42:54","slug":"12pro-sv","status":"publish","type":"product","link":"https:\/\/scn.eu\/sv\/produkt\/12pro-sv\/","title":{"rendered":"Pro Vantage Serien Ljusramp 12+"},"content":{"rendered":"<p>Den eleganta och m\u00e5ngsidiga 12+ Pro Vantage\u2122-serien kan rymma ett brett utbud av fordonstyper och uppgifter. Med fler ljusramper tillg\u00e4ngliga anv\u00e4nder Pro Vantage avancerad ICE-optik f\u00f6r att maximera uteffekten och leverera fokuserad varning. Den levererar 64 blixtm\u00f6nster, tillsammans med en sk\u00e4rfunktion, f\u00f6r att \u00f6ka sikten under n\u00e5gra villkor. Ljusrampen kan antingen monteras permanent eller med en valfri takmonteringssats. 12+ Pro-serien har ett slitstarkt aluminiumchassi, polykarbonatlins och ett val av svart eller vit bas.<\/p>\n","protected":false},"excerpt":{"rendered":"<p>Den eleganta och m\u00e5ngsidiga 12+ Pro Vantage\u2122-serien kan rymma ett brett utbud av fordonstyper och uppgifter. Med fler ljusramper tillg\u00e4ngliga anv\u00e4nder Pro Vantage avancerad ICE-optik f\u00f6r att maximera uteffekten och leverera fokuserad varning. Den levererar 64 blixtm\u00f6nster, tillsammans med en sk\u00e4rfunktion, f\u00f6r att \u00f6ka sikten under n\u00e5gra villkor. Ljusrampen kan antingen monteras permanent eller med&#8230;<\/p>\n","protected":false},"featured_media":8030176,"comment_status":"closed","ping_status":"closed","template":"","meta":{"_kad_post_transparent":"default","_kad_post_title":"","_kad_post_layout":"default","_kad_post_sidebar_id":"","_kad_post_content_style":"default","_kad_post_vertical_padding":"default","_kad_post_feature":"","_kad_post_feature_position":"","_kad_post_header":false,"_kad_post_footer":false,"_kad_post_classname":""},"product_brand":[921],"product_cat":[10630,9103,10641,10759],"product_tag":[],"product_facet":[10773],"class_list":{"0":"post-1013733","1":"product","2":"type-product","3":"status-publish","4":"has-post-thumbnail","6":"product_brand-ecco-safety","7":"product_cat-components","8":"product_cat-led-bars","9":"product_cat-led-lights","10":"product_cat-products","11":"product_facet-facet-components","13":"first","14":"instock","15":"downloadable","16":"shipping-taxable","17":"product-type-simple","18":"entry","19":"content-bg","20":"loop-entry"},"_links":{"self":[{"href":"https:\/\/scn.eu\/sv\/wp-json\/wp\/v2\/product\/1013733","targetHints":{"allow":["GET"]}}],"collection":[{"href":"https:\/\/scn.eu\/sv\/wp-json\/wp\/v2\/product"}],"about":[{"href":"https:\/\/scn.eu\/sv\/wp-json\/wp\/v2\/types\/product"}],"replies":[{"embeddable":true,"href":"https:\/\/scn.eu\/sv\/wp-json\/wp\/v2\/comments?post=1013733"}],"version-history":[{"count":1,"href":"https:\/\/scn.eu\/sv\/wp-json\/wp\/v2\/product\/1013733\/revisions"}],"predecessor-version":[{"id":8030178,"href":"https:\/\/scn.eu\/sv\/wp-json\/wp\/v2\/product\/1013733\/revisions\/8030178"}],"wp:featuredmedia":[{"embeddable":true,"href":"https:\/\/scn.eu\/sv\/wp-json\/wp\/v2\/media\/8030176"}],"wp:attachment":[{"href":"https:\/\/scn.eu\/sv\/wp-json\/wp\/v2\/media?parent=1013733"}],"wp:term":[{"taxonomy":"product_brand","embeddable":true,"href":"https:\/\/scn.eu\/sv\/wp-json\/wp\/v2\/product_brand?post=1013733"},{"taxonomy":"product_cat","embeddable":true,"href":"https:\/\/scn.eu\/sv\/wp-json\/wp\/v2\/product_cat?post=1013733"},{"taxonomy":"product_tag","embeddable":true,"href":"https:\/\/scn.eu\/sv\/wp-json\/wp\/v2\/product_tag?post=1013733"},{"taxonomy":"product_facet","embeddable":true,"href":"https:\/\/scn.eu\/sv\/wp-json\/wp\/v2\/product_facet?post=1013733"}],"curies":[{"name":"wp","href":"https:\/\/api.w.org\/{rel}","templated":true}]}}