{"id":1013726,"date":"2025-01-01T00:00:00","date_gmt":"2025-01-01T00:00:00","guid":{"rendered":"http:\/\/&#038;p=1013726"},"modified":"2026-03-20T01:42:50","modified_gmt":"2026-03-20T01:42:50","slug":"pro-super-rock-2-sv","status":"publish","type":"product","link":"https:\/\/scn.eu\/sv\/produkt\/pro-super-rock-2-sv\/","title":{"rendered":"PRO SUPER ROCK-2 Arbetsbelysning"},"content":{"rendered":"<p>PROPLAST PRO-SUPER-ROCK-versionen av LED-arbetsljus best\u00e5r av 6 h\u00f6gpresterande lysdioder som genererar 3000 lumen i h\u00f6g ljusstyrka: det finns inga siktf\u00f6rh\u00e5llanden som de inte klarar av. <\/p>\n<p>Trots den platta, kompakta konstruktionen \u00e4r PRO-SUPER-ROCK med sitt formsprutade solida aluminiumh\u00f6lje och motst\u00e5ndskraftigt mot vind och v\u00e4der. <\/p>\n<p>En IP6K9K-klassning s\u00e4tter ytterligare ett kryss i s\u00e4kerhetskolumnen.<br \/>\nDen h\u00e4r lampan klarar av h\u00f6gtrycksstr\u00e5le fr\u00e5n vilken vinkel som helst. <\/p>\n<p>PRO-SUPER-ROCK LED-arbetsljus kan anv\u00e4ndas vid temperaturer fr\u00e5n -30\u00b0C till +50\u00b0C. <\/p>\n<p>Dessa arbetsljus \u00e4r inte heller utan ekonomiska f\u00f6rdelar.<br \/>\nEn maximal effektf\u00f6rbrukning p\u00e5 endast 35 watt inneb\u00e4r att ditt fordon f\u00f6rbrukar mindre br\u00e4nsle. <\/p>\n<p>Dessa lampor hj\u00e4lper dig att uppr\u00e4tth\u00e5lla optimal synlighet och d\u00e4rmed \u00f6kad s\u00e4kerhet p\u00e5 arbetsplatsen.<\/p>\n","protected":false},"excerpt":{"rendered":"<p>PROPLAST PRO-SUPER-ROCK-versionen av LED-arbetsljus best\u00e5r av 6 h\u00f6gpresterande lysdioder som genererar 3000 lumen i h\u00f6g ljusstyrka: det finns inga siktf\u00f6rh\u00e5llanden som de inte klarar av. Trots den platta, kompakta konstruktionen \u00e4r PRO-SUPER-ROCK med sitt formsprutade solida aluminiumh\u00f6lje och motst\u00e5ndskraftigt mot vind och v\u00e4der. En IP6K9K-klassning s\u00e4tter ytterligare ett kryss i s\u00e4kerhetskolumnen. Den h\u00e4r lampan klarar&#8230;<\/p>\n","protected":false},"featured_media":8030154,"comment_status":"closed","ping_status":"closed","template":"","meta":{"_kad_post_transparent":"default","_kad_post_title":"","_kad_post_layout":"default","_kad_post_sidebar_id":"","_kad_post_content_style":"default","_kad_post_vertical_padding":"default","_kad_post_feature":"","_kad_post_feature_position":"","_kad_post_header":false,"_kad_post_footer":false,"_kad_post_classname":""},"product_brand":[942],"product_cat":[10630,10641,9098,10759],"product_tag":[],"product_facet":[10773],"class_list":{"0":"post-1013726","1":"product","2":"type-product","3":"status-publish","4":"has-post-thumbnail","6":"product_brand-proplast","7":"product_cat-components","8":"product_cat-led-lights","9":"product_cat-led-work-lamps","10":"product_cat-products","11":"product_facet-facet-components","13":"first","14":"instock","15":"downloadable","16":"shipping-taxable","17":"product-type-simple","18":"entry","19":"content-bg","20":"loop-entry"},"_links":{"self":[{"href":"https:\/\/scn.eu\/sv\/wp-json\/wp\/v2\/product\/1013726","targetHints":{"allow":["GET"]}}],"collection":[{"href":"https:\/\/scn.eu\/sv\/wp-json\/wp\/v2\/product"}],"about":[{"href":"https:\/\/scn.eu\/sv\/wp-json\/wp\/v2\/types\/product"}],"replies":[{"embeddable":true,"href":"https:\/\/scn.eu\/sv\/wp-json\/wp\/v2\/comments?post=1013726"}],"version-history":[{"count":1,"href":"https:\/\/scn.eu\/sv\/wp-json\/wp\/v2\/product\/1013726\/revisions"}],"predecessor-version":[{"id":8030156,"href":"https:\/\/scn.eu\/sv\/wp-json\/wp\/v2\/product\/1013726\/revisions\/8030156"}],"wp:featuredmedia":[{"embeddable":true,"href":"https:\/\/scn.eu\/sv\/wp-json\/wp\/v2\/media\/8030154"}],"wp:attachment":[{"href":"https:\/\/scn.eu\/sv\/wp-json\/wp\/v2\/media?parent=1013726"}],"wp:term":[{"taxonomy":"product_brand","embeddable":true,"href":"https:\/\/scn.eu\/sv\/wp-json\/wp\/v2\/product_brand?post=1013726"},{"taxonomy":"product_cat","embeddable":true,"href":"https:\/\/scn.eu\/sv\/wp-json\/wp\/v2\/product_cat?post=1013726"},{"taxonomy":"product_tag","embeddable":true,"href":"https:\/\/scn.eu\/sv\/wp-json\/wp\/v2\/product_tag?post=1013726"},{"taxonomy":"product_facet","embeddable":true,"href":"https:\/\/scn.eu\/sv\/wp-json\/wp\/v2\/product_facet?post=1013726"}],"curies":[{"name":"wp","href":"https:\/\/api.w.org\/{rel}","templated":true}]}}