{"id":1013600,"date":"2025-01-01T00:00:00","date_gmt":"2025-01-01T00:00:00","guid":{"rendered":"http:\/\/&#038;p=1013600"},"modified":"2026-03-20T01:40:58","modified_gmt":"2026-03-20T01:40:58","slug":"p1251-sv","status":"publish","type":"product","link":"https:\/\/scn.eu\/sv\/produkt\/p1251-sv\/","title":{"rendered":"P126 Kontaktor f\u00f6r montering p\u00e5 kretskort."},"content":{"rendered":"<p>GIGAVACs MiniTACTOR\u2122-serien med kraftiga kontaktorer men \u00e4nd\u00e5 \u00e4r sm\u00e5, l\u00e4tta och kostnadseffektiva. <\/p>\n<p>Nu \u00e4r tidigare modell P125 (30A) uppdaterad till P126 (60A).<\/p>\n<p>Trots en l\u00e5g vikt p\u00e5 90 gram kan P126 enkelt installeras p\u00e5 ett kretskort och i valfri orientering. <\/p>\n<p>Den t\u00e4ta kammare f\u00f6r b\u00e5de kontakter och spole skyddar och s\u00e4kerst\u00e4ller ren koppling i alla milj\u00f6er. <\/p>\n<p>S\u00e4ker slutning och brytning av systemkretsar upp till 1200VDC och 60A. <\/p>\n<p>Dessutom bistabil med m\u00f6jlighet att bryta i b\u00e5da str\u00f6mriktningarna. <\/p>\n<p>Allt detta g\u00f6r P126 MiniTACTOR\u2122 till det perfekta valet f\u00f6r f\u00f6rladdning, laddning och solcellsapplikationer.<br \/>\nP126 MiniTACTOR\u2122 uppfyller solenergikraven enligt NEC 690.11 och NEC 690.12.<\/p>\n","protected":false},"excerpt":{"rendered":"<p>GIGAVACs MiniTACTOR\u2122-serien med kraftiga kontaktorer men \u00e4nd\u00e5 \u00e4r sm\u00e5, l\u00e4tta och kostnadseffektiva. Nu \u00e4r tidigare modell P125 (30A) uppdaterad till P126 (60A). Trots en l\u00e5g vikt p\u00e5 90 gram kan P126 enkelt installeras p\u00e5 ett kretskort och i valfri orientering. Den t\u00e4ta kammare f\u00f6r b\u00e5de kontakter och spole skyddar och s\u00e4kerst\u00e4ller ren koppling i alla&#8230;<\/p>\n","protected":false},"featured_media":8029786,"comment_status":"closed","ping_status":"closed","template":"","meta":{"_kad_post_transparent":"default","_kad_post_title":"","_kad_post_layout":"default","_kad_post_sidebar_id":"","_kad_post_content_style":"default","_kad_post_vertical_padding":"default","_kad_post_feature":"","_kad_post_feature_position":"","_kad_post_header":false,"_kad_post_footer":false,"_kad_post_classname":""},"product_brand":[920],"product_cat":[10630,9067,10656,10759],"product_tag":[],"product_facet":[10773],"class_list":{"0":"post-1013600","1":"product","2":"type-product","3":"status-publish","4":"has-post-thumbnail","6":"product_brand-gigavac","7":"product_cat-components","8":"product_cat-pcb-mount","9":"product_cat-power-contactors","10":"product_cat-products","11":"product_facet-facet-components","13":"first","14":"instock","15":"downloadable","16":"shipping-taxable","17":"product-type-simple","18":"entry","19":"content-bg","20":"loop-entry"},"_links":{"self":[{"href":"https:\/\/scn.eu\/sv\/wp-json\/wp\/v2\/product\/1013600","targetHints":{"allow":["GET"]}}],"collection":[{"href":"https:\/\/scn.eu\/sv\/wp-json\/wp\/v2\/product"}],"about":[{"href":"https:\/\/scn.eu\/sv\/wp-json\/wp\/v2\/types\/product"}],"replies":[{"embeddable":true,"href":"https:\/\/scn.eu\/sv\/wp-json\/wp\/v2\/comments?post=1013600"}],"version-history":[{"count":1,"href":"https:\/\/scn.eu\/sv\/wp-json\/wp\/v2\/product\/1013600\/revisions"}],"predecessor-version":[{"id":8029788,"href":"https:\/\/scn.eu\/sv\/wp-json\/wp\/v2\/product\/1013600\/revisions\/8029788"}],"wp:featuredmedia":[{"embeddable":true,"href":"https:\/\/scn.eu\/sv\/wp-json\/wp\/v2\/media\/8029786"}],"wp:attachment":[{"href":"https:\/\/scn.eu\/sv\/wp-json\/wp\/v2\/media?parent=1013600"}],"wp:term":[{"taxonomy":"product_brand","embeddable":true,"href":"https:\/\/scn.eu\/sv\/wp-json\/wp\/v2\/product_brand?post=1013600"},{"taxonomy":"product_cat","embeddable":true,"href":"https:\/\/scn.eu\/sv\/wp-json\/wp\/v2\/product_cat?post=1013600"},{"taxonomy":"product_tag","embeddable":true,"href":"https:\/\/scn.eu\/sv\/wp-json\/wp\/v2\/product_tag?post=1013600"},{"taxonomy":"product_facet","embeddable":true,"href":"https:\/\/scn.eu\/sv\/wp-json\/wp\/v2\/product_facet?post=1013600"}],"curies":[{"name":"wp","href":"https:\/\/api.w.org\/{rel}","templated":true}]}}