{"id":1013579,"date":"2025-01-01T00:00:00","date_gmt":"2025-01-01T00:00:00","guid":{"rendered":"http:\/\/&#038;p=1013579"},"modified":"2026-03-20T01:40:36","modified_gmt":"2026-03-20T01:40:36","slug":"offshore-sv","status":"publish","type":"product","link":"https:\/\/scn.eu\/sv\/produkt\/offshore-sv\/","title":{"rendered":"Offshore &#038; Marin Industri"},"content":{"rendered":"<p>Sl\u00e4pringar med kraftigt dimensionerade grafitborstar f\u00f6r h\u00f6ga str\u00f6mmar. Jinpat anv\u00e4nder s\u00e5 kallade h\u00f6gstr\u00f6msborsth\u00e5llare f\u00f6r skydd mot ljusb\u00e5gar och \u00f6verf\u00f6r str\u00f6mmar fr\u00e5n station\u00e4ra till roterande komponenter. M\u00f6jliga varianter fr\u00e5n 2A till 800A (str\u00f6mspikar p\u00e5 upp till 2000A).<br \/>\nUtm\u00e4rkt vattent\u00e4t prestanda, anpassad till den h\u00e5rda milj\u00f6n till havs.<\/p>\n","protected":false},"excerpt":{"rendered":"<p>Sl\u00e4pringar med kraftigt dimensionerade grafitborstar f\u00f6r h\u00f6ga str\u00f6mmar. Jinpat anv\u00e4nder s\u00e5 kallade h\u00f6gstr\u00f6msborsth\u00e5llare f\u00f6r skydd mot ljusb\u00e5gar och \u00f6verf\u00f6r str\u00f6mmar fr\u00e5n station\u00e4ra till roterande komponenter. M\u00f6jliga varianter fr\u00e5n 2A till 800A (str\u00f6mspikar p\u00e5 upp till 2000A). Utm\u00e4rkt vattent\u00e4t prestanda, anpassad till den h\u00e5rda milj\u00f6n till havs.<\/p>\n","protected":false},"featured_media":8029727,"comment_status":"closed","ping_status":"closed","template":"","meta":{"_kad_post_transparent":"default","_kad_post_title":"","_kad_post_layout":"default","_kad_post_sidebar_id":"","_kad_post_content_style":"default","_kad_post_vertical_padding":"default","_kad_post_feature":"","_kad_post_feature_position":"","_kad_post_header":false,"_kad_post_footer":false,"_kad_post_classname":""},"product_brand":[941],"product_cat":[10630,9506,10759,10632],"product_tag":[],"product_facet":[10773],"class_list":{"0":"post-1013579","1":"product","2":"type-product","3":"status-publish","4":"has-post-thumbnail","6":"product_brand-jinpat","7":"product_cat-components","8":"product_cat-high-current-slip-rings","9":"product_cat-products","10":"product_cat-slip-rings","11":"product_facet-facet-components","13":"first","14":"instock","15":"downloadable","16":"shipping-taxable","17":"product-type-simple","18":"entry","19":"content-bg","20":"loop-entry"},"_links":{"self":[{"href":"https:\/\/scn.eu\/sv\/wp-json\/wp\/v2\/product\/1013579","targetHints":{"allow":["GET"]}}],"collection":[{"href":"https:\/\/scn.eu\/sv\/wp-json\/wp\/v2\/product"}],"about":[{"href":"https:\/\/scn.eu\/sv\/wp-json\/wp\/v2\/types\/product"}],"replies":[{"embeddable":true,"href":"https:\/\/scn.eu\/sv\/wp-json\/wp\/v2\/comments?post=1013579"}],"version-history":[{"count":1,"href":"https:\/\/scn.eu\/sv\/wp-json\/wp\/v2\/product\/1013579\/revisions"}],"predecessor-version":[{"id":8029729,"href":"https:\/\/scn.eu\/sv\/wp-json\/wp\/v2\/product\/1013579\/revisions\/8029729"}],"wp:featuredmedia":[{"embeddable":true,"href":"https:\/\/scn.eu\/sv\/wp-json\/wp\/v2\/media\/8029727"}],"wp:attachment":[{"href":"https:\/\/scn.eu\/sv\/wp-json\/wp\/v2\/media?parent=1013579"}],"wp:term":[{"taxonomy":"product_brand","embeddable":true,"href":"https:\/\/scn.eu\/sv\/wp-json\/wp\/v2\/product_brand?post=1013579"},{"taxonomy":"product_cat","embeddable":true,"href":"https:\/\/scn.eu\/sv\/wp-json\/wp\/v2\/product_cat?post=1013579"},{"taxonomy":"product_tag","embeddable":true,"href":"https:\/\/scn.eu\/sv\/wp-json\/wp\/v2\/product_tag?post=1013579"},{"taxonomy":"product_facet","embeddable":true,"href":"https:\/\/scn.eu\/sv\/wp-json\/wp\/v2\/product_facet?post=1013579"}],"curies":[{"name":"wp","href":"https:\/\/api.w.org\/{rel}","templated":true}]}}