{"id":1013558,"date":"2025-01-01T00:00:00","date_gmt":"2025-01-01T00:00:00","guid":{"rendered":"http:\/\/&#038;p=1013558"},"modified":"2026-03-20T01:40:07","modified_gmt":"2026-03-20T01:40:07","slug":"11series-sv","status":"publish","type":"product","link":"https:\/\/scn.eu\/sv\/produkt\/11series-sv\/","title":{"rendered":"LED ljusramp med l\u00e5g h\u00f6jd &#8211; 11-Serien"},"content":{"rendered":"<p>11-serien RefleXL\u00ae \u00e4r ECCOs mest kompakta och l\u00e5gprofilerade varningsljusbalk hittills. Denna eleganta ljusstav erbjuder robust h\u00e5llbarhet med sin polykarbonatlins och aluminiumram. Designad f\u00f6r att monteras permanent med medf\u00f6ljande monteringsf\u00f6tter, p\u00e5 ett valfritt huvudv\u00e4rksst\u00e4ll eller tillf\u00e4lligt med magnetiska monteringsalternativ, ger RefleXL\u00ae diskret och kraftfull varning f\u00f6r alla fordonstill\u00e4mpningar.<\/p>\n<p>Tillg\u00e4nglig i enf\u00e4rgs- eller tv\u00e5f\u00e4rgsalternativ som st\u00f6der upp till 91 blixtm\u00f6nster, denna LED-ljusramp utrustar ditt fordon med den m\u00e5ngsidighet som kr\u00e4vs f\u00f6r att f\u00e5 jobbet gjort &#8211; den perfekta passformen f\u00f6r alla b\u00e4rgningsbilar, arbetsfordon eller nyttofordon d\u00e4r de \u00e4r kompakta varning \u00e4r viktigt.<\/p>\n","protected":false},"excerpt":{"rendered":"<p>11-serien RefleXL\u00ae \u00e4r ECCOs mest kompakta och l\u00e5gprofilerade varningsljusbalk hittills. Denna eleganta ljusstav erbjuder robust h\u00e5llbarhet med sin polykarbonatlins och aluminiumram. Designad f\u00f6r att monteras permanent med medf\u00f6ljande monteringsf\u00f6tter, p\u00e5 ett valfritt huvudv\u00e4rksst\u00e4ll eller tillf\u00e4lligt med magnetiska monteringsalternativ, ger RefleXL\u00ae diskret och kraftfull varning f\u00f6r alla fordonstill\u00e4mpningar. Tillg\u00e4nglig i enf\u00e4rgs- eller tv\u00e5f\u00e4rgsalternativ som st\u00f6der upp&#8230;<\/p>\n","protected":false},"featured_media":8029661,"comment_status":"closed","ping_status":"closed","template":"","meta":{"_kad_post_transparent":"default","_kad_post_title":"","_kad_post_layout":"default","_kad_post_sidebar_id":"","_kad_post_content_style":"default","_kad_post_vertical_padding":"default","_kad_post_feature":"","_kad_post_feature_position":"","_kad_post_header":false,"_kad_post_footer":false,"_kad_post_classname":""},"product_brand":[921],"product_cat":[10630,9103,10641,10759],"product_tag":[],"product_facet":[10773],"class_list":{"0":"post-1013558","1":"product","2":"type-product","3":"status-publish","4":"has-post-thumbnail","6":"product_brand-ecco-safety","7":"product_cat-components","8":"product_cat-led-bars","9":"product_cat-led-lights","10":"product_cat-products","11":"product_facet-facet-components","13":"first","14":"instock","15":"downloadable","16":"shipping-taxable","17":"product-type-simple","18":"entry","19":"content-bg","20":"loop-entry"},"_links":{"self":[{"href":"https:\/\/scn.eu\/sv\/wp-json\/wp\/v2\/product\/1013558","targetHints":{"allow":["GET"]}}],"collection":[{"href":"https:\/\/scn.eu\/sv\/wp-json\/wp\/v2\/product"}],"about":[{"href":"https:\/\/scn.eu\/sv\/wp-json\/wp\/v2\/types\/product"}],"replies":[{"embeddable":true,"href":"https:\/\/scn.eu\/sv\/wp-json\/wp\/v2\/comments?post=1013558"}],"version-history":[{"count":1,"href":"https:\/\/scn.eu\/sv\/wp-json\/wp\/v2\/product\/1013558\/revisions"}],"predecessor-version":[{"id":8029663,"href":"https:\/\/scn.eu\/sv\/wp-json\/wp\/v2\/product\/1013558\/revisions\/8029663"}],"wp:featuredmedia":[{"embeddable":true,"href":"https:\/\/scn.eu\/sv\/wp-json\/wp\/v2\/media\/8029661"}],"wp:attachment":[{"href":"https:\/\/scn.eu\/sv\/wp-json\/wp\/v2\/media?parent=1013558"}],"wp:term":[{"taxonomy":"product_brand","embeddable":true,"href":"https:\/\/scn.eu\/sv\/wp-json\/wp\/v2\/product_brand?post=1013558"},{"taxonomy":"product_cat","embeddable":true,"href":"https:\/\/scn.eu\/sv\/wp-json\/wp\/v2\/product_cat?post=1013558"},{"taxonomy":"product_tag","embeddable":true,"href":"https:\/\/scn.eu\/sv\/wp-json\/wp\/v2\/product_tag?post=1013558"},{"taxonomy":"product_facet","embeddable":true,"href":"https:\/\/scn.eu\/sv\/wp-json\/wp\/v2\/product_facet?post=1013558"}],"curies":[{"name":"wp","href":"https:\/\/api.w.org\/{rel}","templated":true}]}}