{"id":1013446,"date":"2025-01-01T00:00:00","date_gmt":"2025-01-01T00:00:00","guid":{"rendered":"http:\/\/&#038;p=1013446"},"modified":"2026-03-20T01:39:00","modified_gmt":"2026-03-20T01:39:00","slug":"pu210-sv-2","status":"publish","type":"product","link":"https:\/\/scn.eu\/sv\/produkt\/pu210-sv-2\/","title":{"rendered":"MX350 TouchMATRIX den innovativa kombinationen av r\u00e4knare och frekvensvisning"},"content":{"rendered":"<p>MX350 \u00e4r en innovativ kombination av r\u00e4knare och frekvensvisare. Den har f\u00f6rm\u00e5gan att samtidigt visa tv\u00e5 storlekar fr\u00e5n olika m\u00e4tmetoder. D\u00e4rmed kan enheten anv\u00e4ndas f\u00f6r samtidig insamling och visning av tv\u00e5 faktorer, t.ex. hastighet\/frekvens och position\/stycken. Dessutom kan enheten hantera en ing\u00e5ngsfrekvens p\u00e5 upp till 250 kHz. MX350 erbjuder ocks\u00e5 andra anv\u00e4ndbara funktioner som att koppla ihop b\u00e5da kanalerna (A+B, A-B, &#8230;), linj\u00e4risering, skalning, filtrering och startundertryckning. S\u00e4rskild anm\u00e4rkning: Den tv\u00e5radiga displayen \u00e4r ocks\u00e5 integrerad i enheterna touchMATRIX\u00ae DX350 och AX350.<\/p>\n<p>Pulsing\u00e5ng med format A, B, 90\u00b0 [HTL], en kanal som tillval.<br \/>\nHTL-ing\u00e5ngar f\u00f6r givare och sensorer med NPN\/PNP- eller NAMUR-omkopplingsegenskaper.<br \/>\nIng\u00e5ngsfrekvens upp till 250 kHz<br \/>\n3 styring\u00e5ngar f\u00f6r HTL-\/PNP-signaler.<br \/>\nStr\u00f6mf\u00f6rs\u00f6rjning 18 &#8230; 30 VDC<br \/>\n24 V extrautg\u00e5ng f\u00f6r givarf\u00f6rs\u00f6rjning<br \/>\n3,78 x 1,89 tums normpanelh\u00f6lje och IP65-skydd.<br \/>\nLjus och kontraststark display med h\u00e4ndelsestyrda f\u00e4rgvariationer.<br \/>\nEmulering av en 7-segmentsdisplay inklusive ikoner och enheter.<br \/>\nIntuitiv och enkel parametrering med klartext och peksk\u00e4rm.<br \/>\nMultifunktionsenhet f\u00f6r anv\u00e4ndning som hastighetsm\u00e4tare\/varvr\u00e4knare, pulsr\u00e4knare\/l\u00e4gesindikator, antalsr\u00e4knare och totalr\u00e4knare.<br \/>\nDrifts\u00e4tt som skalning, genomsnittsfilter, startundertryckning.<br \/>\nLinj\u00e4risering med 24 kontrollpunkter<\/p>\n<p>Alternativ AC: Str\u00f6mf\u00f6rs\u00f6rjning 115 &#8230; 230 VAC<br \/>\nAlternativ AO: 16 bitars analog utg\u00e5ng, 4 kontrollutg\u00e5ngar, seriellt RS232-gr\u00e4nssnitt.<br \/>\nAlternativ AR: 16 bitars analog utg\u00e5ng, 4 kontrollutg\u00e5ngar, seriellt RS485-gr\u00e4nssnitt.<br \/>\nAlternativ CO: 4 kontrollutg\u00e5ngar, seriellt RS232-gr\u00e4nssnitt.<br \/>\nAlternativ CR: 4 kontrollutg\u00e5ngar, seriellt RS485-gr\u00e4nssnitt.<br \/>\nAlternativ RL: 2 rel\u00e4utg\u00e5ngar<br \/>\nAlternativen kan kombineras.<\/p>\n","protected":false},"excerpt":{"rendered":"<p>MX350 \u00e4r en innovativ kombination av r\u00e4knare och frekvensvisare. Den har f\u00f6rm\u00e5gan att samtidigt visa tv\u00e5 storlekar fr\u00e5n olika m\u00e4tmetoder. D\u00e4rmed kan enheten anv\u00e4ndas f\u00f6r samtidig insamling och visning av tv\u00e5 faktorer, t.ex. hastighet\/frekvens och position\/stycken. Dessutom kan enheten hantera en ing\u00e5ngsfrekvens p\u00e5 upp till 250 kHz. MX350 erbjuder ocks\u00e5 andra anv\u00e4ndbara funktioner som att&#8230;<\/p>\n","protected":false},"featured_media":8029330,"comment_status":"closed","ping_status":"closed","template":"","meta":{"_kad_post_transparent":"default","_kad_post_title":"","_kad_post_layout":"default","_kad_post_sidebar_id":"","_kad_post_content_style":"default","_kad_post_vertical_padding":"default","_kad_post_feature":"","_kad_post_feature_position":"","_kad_post_header":false,"_kad_post_footer":false,"_kad_post_classname":""},"product_brand":[936],"product_cat":[10630,8853,10759],"product_tag":[],"product_facet":[10773],"class_list":{"0":"post-1013446","1":"product","2":"type-product","3":"status-publish","4":"has-post-thumbnail","6":"product_brand-motrona","7":"product_cat-components","8":"product_cat-panel-indicators-and-converters","9":"product_cat-products","10":"product_facet-facet-components","12":"first","13":"instock","14":"downloadable","15":"shipping-taxable","16":"product-type-simple","17":"entry","18":"content-bg","19":"loop-entry"},"_links":{"self":[{"href":"https:\/\/scn.eu\/sv\/wp-json\/wp\/v2\/product\/1013446","targetHints":{"allow":["GET"]}}],"collection":[{"href":"https:\/\/scn.eu\/sv\/wp-json\/wp\/v2\/product"}],"about":[{"href":"https:\/\/scn.eu\/sv\/wp-json\/wp\/v2\/types\/product"}],"replies":[{"embeddable":true,"href":"https:\/\/scn.eu\/sv\/wp-json\/wp\/v2\/comments?post=1013446"}],"version-history":[{"count":1,"href":"https:\/\/scn.eu\/sv\/wp-json\/wp\/v2\/product\/1013446\/revisions"}],"predecessor-version":[{"id":8029332,"href":"https:\/\/scn.eu\/sv\/wp-json\/wp\/v2\/product\/1013446\/revisions\/8029332"}],"wp:featuredmedia":[{"embeddable":true,"href":"https:\/\/scn.eu\/sv\/wp-json\/wp\/v2\/media\/8029330"}],"wp:attachment":[{"href":"https:\/\/scn.eu\/sv\/wp-json\/wp\/v2\/media?parent=1013446"}],"wp:term":[{"taxonomy":"product_brand","embeddable":true,"href":"https:\/\/scn.eu\/sv\/wp-json\/wp\/v2\/product_brand?post=1013446"},{"taxonomy":"product_cat","embeddable":true,"href":"https:\/\/scn.eu\/sv\/wp-json\/wp\/v2\/product_cat?post=1013446"},{"taxonomy":"product_tag","embeddable":true,"href":"https:\/\/scn.eu\/sv\/wp-json\/wp\/v2\/product_tag?post=1013446"},{"taxonomy":"product_facet","embeddable":true,"href":"https:\/\/scn.eu\/sv\/wp-json\/wp\/v2\/product_facet?post=1013446"}],"curies":[{"name":"wp","href":"https:\/\/api.w.org\/{rel}","templated":true}]}}