{"id":1013285,"date":"2025-01-01T00:00:00","date_gmt":"2025-01-01T00:00:00","guid":{"rendered":"http:\/\/&#038;p=1013285"},"modified":"2026-03-20T01:37:25","modified_gmt":"2026-03-20T01:37:25","slug":"multifrequency-sv","status":"publish","type":"product","link":"https:\/\/scn.eu\/sv\/produkt\/multifrequency-sv\/","title":{"rendered":"Backvarnare med varierande frekvens"},"content":{"rendered":"<p>Backvarnare med flera frekvenser \u00e4r en l\u00f6sning p\u00e5 buller som orsakas av konventionella entoniga backvarnare i tr\u00e5nga eller t\u00e4ttbefolkade arbetsomr\u00e5den. <\/p>\n<p>Dessa multifrekvenslarm ger en mycket s\u00e4ker varningssignal f\u00f6r de som befinner sig i farozonen f\u00f6r backande fordon samtidigt minimeras st\u00f6rningen f\u00f6r grannarna till arbetsplatsen. <\/p>\n<p>Backvarnare med flera frekvenser fungerar genom att avge ljud med flera frekvenser som d\u00e4mpas \u00f6ver 4000Hz.<\/p>\n","protected":false},"excerpt":{"rendered":"<p>Backvarnare med flera frekvenser \u00e4r en l\u00f6sning p\u00e5 buller som orsakas av konventionella entoniga backvarnare i tr\u00e5nga eller t\u00e4ttbefolkade arbetsomr\u00e5den. Dessa multifrekvenslarm ger en mycket s\u00e4ker varningssignal f\u00f6r de som befinner sig i farozonen f\u00f6r backande fordon samtidigt minimeras st\u00f6rningen f\u00f6r grannarna till arbetsplatsen. Backvarnare med flera frekvenser fungerar genom att avge ljud med flera&#8230;<\/p>\n","protected":false},"featured_media":8028852,"comment_status":"closed","ping_status":"closed","template":"","meta":{"_kad_post_transparent":"default","_kad_post_title":"","_kad_post_layout":"default","_kad_post_sidebar_id":"","_kad_post_content_style":"default","_kad_post_vertical_padding":"default","_kad_post_feature":"","_kad_post_feature_position":"","_kad_post_header":false,"_kad_post_footer":false,"_kad_post_classname":""},"product_brand":[921],"product_cat":[9345,8823,10630,10759],"product_tag":[],"product_facet":[10773],"class_list":{"0":"post-1013285","1":"product","2":"type-product","3":"status-publish","4":"has-post-thumbnail","6":"product_brand-ecco-safety","7":"product_cat-back-up-alarms","8":"product_cat-back-up-alarms-cameras","9":"product_cat-components","10":"product_cat-products","11":"product_facet-facet-components","13":"first","14":"instock","15":"downloadable","16":"shipping-taxable","17":"product-type-simple","18":"entry","19":"content-bg","20":"loop-entry"},"_links":{"self":[{"href":"https:\/\/scn.eu\/sv\/wp-json\/wp\/v2\/product\/1013285","targetHints":{"allow":["GET"]}}],"collection":[{"href":"https:\/\/scn.eu\/sv\/wp-json\/wp\/v2\/product"}],"about":[{"href":"https:\/\/scn.eu\/sv\/wp-json\/wp\/v2\/types\/product"}],"replies":[{"embeddable":true,"href":"https:\/\/scn.eu\/sv\/wp-json\/wp\/v2\/comments?post=1013285"}],"version-history":[{"count":1,"href":"https:\/\/scn.eu\/sv\/wp-json\/wp\/v2\/product\/1013285\/revisions"}],"predecessor-version":[{"id":8028854,"href":"https:\/\/scn.eu\/sv\/wp-json\/wp\/v2\/product\/1013285\/revisions\/8028854"}],"wp:featuredmedia":[{"embeddable":true,"href":"https:\/\/scn.eu\/sv\/wp-json\/wp\/v2\/media\/8028852"}],"wp:attachment":[{"href":"https:\/\/scn.eu\/sv\/wp-json\/wp\/v2\/media?parent=1013285"}],"wp:term":[{"taxonomy":"product_brand","embeddable":true,"href":"https:\/\/scn.eu\/sv\/wp-json\/wp\/v2\/product_brand?post=1013285"},{"taxonomy":"product_cat","embeddable":true,"href":"https:\/\/scn.eu\/sv\/wp-json\/wp\/v2\/product_cat?post=1013285"},{"taxonomy":"product_tag","embeddable":true,"href":"https:\/\/scn.eu\/sv\/wp-json\/wp\/v2\/product_tag?post=1013285"},{"taxonomy":"product_facet","embeddable":true,"href":"https:\/\/scn.eu\/sv\/wp-json\/wp\/v2\/product_facet?post=1013285"}],"curies":[{"name":"wp","href":"https:\/\/api.w.org\/{rel}","templated":true}]}}