{"id":1013222,"date":"2025-01-01T00:00:00","date_gmt":"2025-01-01T00:00:00","guid":{"rendered":"http:\/\/&#038;p=1013222"},"modified":"2026-03-20T01:36:45","modified_gmt":"2026-03-20T01:36:45","slug":"mtr240-sv","status":"publish","type":"product","link":"https:\/\/scn.eu\/sv\/produkt\/mtr240-sv\/","title":{"rendered":"MTR240 N\u00e4taggregat 3-fas"},"content":{"rendered":"<p>Funktioner:<br \/>\n340 ~ 550V 3-fas ing\u00e5ng med brett intervall (2-fas ing\u00e5ng \u00e4r m\u00f6jlig).<br \/>\nBredd endast 63mm.<br \/>\nInbyggd aktiv PFC-funktion i enlighet med EN61000-3-2.<br \/>\nH\u00f6g effektivitet 92% och l\u00e5g effektf\u00f6rlust.<\/p>\n<p>Skydd:<br \/>\nKortslutning\/\u00f6verbelastning\/\u00f6versp\u00e4nning\/\u00f6vertemperatur.<br \/>\nKylning genom fri luftcirkulation.<br \/>\nInbyggd krets f\u00f6r begr\u00e4nsning av konstant str\u00f6m.<br \/>\nMonteras p\u00e5 DIN-skena TS-35\/7,5 eller 15.<br \/>\nTillval som finns; inbyggd DC OK-rel\u00e4kontakt.<br \/>\n3 \u00e5rs garanti.<\/p>\n<p>Anv\u00e4ndningsomr\u00e5den:<br \/>\nIndustriellt styrsystem.<br \/>\nTillverkningsutrustning f\u00f6r halvledare.<br \/>\nFabriksautomatisering.<br \/>\nMekanisk utrustning.<\/p>\n","protected":false},"excerpt":{"rendered":"<p>Funktioner: 340 ~ 550V 3-fas ing\u00e5ng med brett intervall (2-fas ing\u00e5ng \u00e4r m\u00f6jlig). Bredd endast 63mm. Inbyggd aktiv PFC-funktion i enlighet med EN61000-3-2. H\u00f6g effektivitet 92% och l\u00e5g effektf\u00f6rlust. Skydd: Kortslutning\/\u00f6verbelastning\/\u00f6versp\u00e4nning\/\u00f6vertemperatur. Kylning genom fri luftcirkulation. Inbyggd krets f\u00f6r begr\u00e4nsning av konstant str\u00f6m. Monteras p\u00e5 DIN-skena TS-35\/7,5 eller 15. Tillval som finns; inbyggd DC OK-rel\u00e4kontakt. 3&#8230;<\/p>\n","protected":false},"featured_media":8028661,"comment_status":"closed","ping_status":"closed","template":"","meta":{"_kad_post_transparent":"default","_kad_post_title":"","_kad_post_layout":"default","_kad_post_sidebar_id":"","_kad_post_content_style":"default","_kad_post_vertical_padding":"default","_kad_post_feature":"","_kad_post_feature_position":"","_kad_post_header":false,"_kad_post_footer":false,"_kad_post_classname":""},"product_brand":[933],"product_cat":[9206,10630,10682,10759],"product_tag":[],"product_facet":[10773],"class_list":{"0":"post-1013222","1":"product","2":"type-product","3":"status-publish","4":"has-post-thumbnail","6":"product_brand-mibbo","7":"product_cat-3-phase","8":"product_cat-components","9":"product_cat-power-supplies","10":"product_cat-products","11":"product_facet-facet-components","13":"first","14":"instock","15":"downloadable","16":"shipping-taxable","17":"product-type-simple","18":"entry","19":"content-bg","20":"loop-entry"},"_links":{"self":[{"href":"https:\/\/scn.eu\/sv\/wp-json\/wp\/v2\/product\/1013222","targetHints":{"allow":["GET"]}}],"collection":[{"href":"https:\/\/scn.eu\/sv\/wp-json\/wp\/v2\/product"}],"about":[{"href":"https:\/\/scn.eu\/sv\/wp-json\/wp\/v2\/types\/product"}],"replies":[{"embeddable":true,"href":"https:\/\/scn.eu\/sv\/wp-json\/wp\/v2\/comments?post=1013222"}],"version-history":[{"count":1,"href":"https:\/\/scn.eu\/sv\/wp-json\/wp\/v2\/product\/1013222\/revisions"}],"predecessor-version":[{"id":8028663,"href":"https:\/\/scn.eu\/sv\/wp-json\/wp\/v2\/product\/1013222\/revisions\/8028663"}],"wp:featuredmedia":[{"embeddable":true,"href":"https:\/\/scn.eu\/sv\/wp-json\/wp\/v2\/media\/8028661"}],"wp:attachment":[{"href":"https:\/\/scn.eu\/sv\/wp-json\/wp\/v2\/media?parent=1013222"}],"wp:term":[{"taxonomy":"product_brand","embeddable":true,"href":"https:\/\/scn.eu\/sv\/wp-json\/wp\/v2\/product_brand?post=1013222"},{"taxonomy":"product_cat","embeddable":true,"href":"https:\/\/scn.eu\/sv\/wp-json\/wp\/v2\/product_cat?post=1013222"},{"taxonomy":"product_tag","embeddable":true,"href":"https:\/\/scn.eu\/sv\/wp-json\/wp\/v2\/product_tag?post=1013222"},{"taxonomy":"product_facet","embeddable":true,"href":"https:\/\/scn.eu\/sv\/wp-json\/wp\/v2\/product_facet?post=1013222"}],"curies":[{"name":"wp","href":"https:\/\/api.w.org\/{rel}","templated":true}]}}