{"id":1013117,"date":"2025-01-01T00:00:00","date_gmt":"2025-01-01T00:00:00","guid":{"rendered":"http:\/\/&#038;p=1013117"},"modified":"2026-03-20T01:35:39","modified_gmt":"2026-03-20T01:35:39","slug":"mps-024w-sv","status":"publish","type":"product","link":"https:\/\/scn.eu\/sv\/produkt\/mps-024w-sv\/","title":{"rendered":"MPS-024W N\u00e4taggregat 24W"},"content":{"rendered":"<p>Ripple-prestandan \u00e4r \u00f6verl\u00e4gsen<br \/>\nUniversal, olika modeller med olika utsp\u00e4nningar<br \/>\n100% fullt \u00e5ldrande<br \/>\n\u00d6versp\u00e4nning, \u00f6verbelastning och kortslutningsskydd<br \/>\nLED-arbetsinstruktion<br \/>\nUniversal, komplett utbud av m\u00f6jiga ing\u00e5ngar<br \/>\nKompakt enhet med ett installationsf\u00e4ste<br \/>\nH\u00f6geffektiv naturlig v\u00e4rmeavledning<br \/>\nSeismiskt skydd<br \/>\n\u00d6versp\u00e4nningsskydd<\/p>\n","protected":false},"excerpt":{"rendered":"<p>Ripple-prestandan \u00e4r \u00f6verl\u00e4gsen Universal, olika modeller med olika utsp\u00e4nningar 100% fullt \u00e5ldrande \u00d6versp\u00e4nning, \u00f6verbelastning och kortslutningsskydd LED-arbetsinstruktion Universal, komplett utbud av m\u00f6jiga ing\u00e5ngar Kompakt enhet med ett installationsf\u00e4ste H\u00f6geffektiv naturlig v\u00e4rmeavledning Seismiskt skydd \u00d6versp\u00e4nningsskydd<\/p>\n","protected":false},"featured_media":8028315,"comment_status":"closed","ping_status":"closed","template":"","meta":{"_kad_post_transparent":"default","_kad_post_title":"","_kad_post_layout":"default","_kad_post_sidebar_id":"","_kad_post_content_style":"default","_kad_post_vertical_padding":"default","_kad_post_feature":"","_kad_post_feature_position":"","_kad_post_header":false,"_kad_post_footer":false,"_kad_post_classname":""},"product_brand":[933],"product_cat":[10630,10682,10759,9205],"product_tag":[],"product_facet":[10773],"class_list":{"0":"post-1013117","1":"product","2":"type-product","3":"status-publish","4":"has-post-thumbnail","6":"product_brand-mibbo","7":"product_cat-components","8":"product_cat-power-supplies","9":"product_cat-products","10":"product_cat-single-phase","11":"product_facet-facet-components","13":"first","14":"instock","15":"downloadable","16":"shipping-taxable","17":"product-type-simple","18":"entry","19":"content-bg","20":"loop-entry"},"_links":{"self":[{"href":"https:\/\/scn.eu\/sv\/wp-json\/wp\/v2\/product\/1013117","targetHints":{"allow":["GET"]}}],"collection":[{"href":"https:\/\/scn.eu\/sv\/wp-json\/wp\/v2\/product"}],"about":[{"href":"https:\/\/scn.eu\/sv\/wp-json\/wp\/v2\/types\/product"}],"replies":[{"embeddable":true,"href":"https:\/\/scn.eu\/sv\/wp-json\/wp\/v2\/comments?post=1013117"}],"version-history":[{"count":1,"href":"https:\/\/scn.eu\/sv\/wp-json\/wp\/v2\/product\/1013117\/revisions"}],"predecessor-version":[{"id":8028317,"href":"https:\/\/scn.eu\/sv\/wp-json\/wp\/v2\/product\/1013117\/revisions\/8028317"}],"wp:featuredmedia":[{"embeddable":true,"href":"https:\/\/scn.eu\/sv\/wp-json\/wp\/v2\/media\/8028315"}],"wp:attachment":[{"href":"https:\/\/scn.eu\/sv\/wp-json\/wp\/v2\/media?parent=1013117"}],"wp:term":[{"taxonomy":"product_brand","embeddable":true,"href":"https:\/\/scn.eu\/sv\/wp-json\/wp\/v2\/product_brand?post=1013117"},{"taxonomy":"product_cat","embeddable":true,"href":"https:\/\/scn.eu\/sv\/wp-json\/wp\/v2\/product_cat?post=1013117"},{"taxonomy":"product_tag","embeddable":true,"href":"https:\/\/scn.eu\/sv\/wp-json\/wp\/v2\/product_tag?post=1013117"},{"taxonomy":"product_facet","embeddable":true,"href":"https:\/\/scn.eu\/sv\/wp-json\/wp\/v2\/product_facet?post=1013117"}],"curies":[{"name":"wp","href":"https:\/\/api.w.org\/{rel}","templated":true}]}}