{"id":1013082,"date":"2025-01-01T00:00:00","date_gmt":"2025-01-01T00:00:00","guid":{"rendered":"http:\/\/&#038;p=1013082"},"modified":"2026-03-20T01:35:19","modified_gmt":"2026-03-20T01:35:19","slug":"mpd-050w-sv","status":"publish","type":"product","link":"https:\/\/scn.eu\/sv\/produkt\/mpd-050w-sv\/","title":{"rendered":"MPD-050W N\u00e4taggregat dubbla utg\u00e5ngar 50W"},"content":{"rendered":"<p>100% fullt \u00e5ldrande<br \/>\n\u00d6versp\u00e4nning, \u00f6verbelastning och kortslutningsskydd<br \/>\nLED-arbetsinstruktion<br \/>\nRackmontering som tillval, TS35-montering<br \/>\nSeismiskt skydd<br \/>\nKraftiga anslutningar<br \/>\nSkyddsbehandlat f\u00f6r sv\u00e5ra arbetsf\u00f6rh\u00e5llanden<br \/>\nAnslutningsplint med skyddsk\u00e5pa f\u00f6r ledarna<br \/>\nH\u00f6lje i Aluminium<br \/>\n\u00d6versp\u00e4nningsskydd<\/p>\n","protected":false},"excerpt":{"rendered":"<p>100% fullt \u00e5ldrande \u00d6versp\u00e4nning, \u00f6verbelastning och kortslutningsskydd LED-arbetsinstruktion Rackmontering som tillval, TS35-montering Seismiskt skydd Kraftiga anslutningar Skyddsbehandlat f\u00f6r sv\u00e5ra arbetsf\u00f6rh\u00e5llanden Anslutningsplint med skyddsk\u00e5pa f\u00f6r ledarna H\u00f6lje i Aluminium \u00d6versp\u00e4nningsskydd<\/p>\n","protected":false},"featured_media":8028205,"comment_status":"closed","ping_status":"closed","template":"","meta":{"_kad_post_transparent":"default","_kad_post_title":"","_kad_post_layout":"default","_kad_post_sidebar_id":"","_kad_post_content_style":"default","_kad_post_vertical_padding":"default","_kad_post_feature":"","_kad_post_feature_position":"","_kad_post_header":false,"_kad_post_footer":false,"_kad_post_classname":""},"product_brand":[933],"product_cat":[10630,10682,10759,9205],"product_tag":[],"product_facet":[10773],"class_list":{"0":"post-1013082","1":"product","2":"type-product","3":"status-publish","4":"has-post-thumbnail","6":"product_brand-mibbo","7":"product_cat-components","8":"product_cat-power-supplies","9":"product_cat-products","10":"product_cat-single-phase","11":"product_facet-facet-components","13":"first","14":"instock","15":"downloadable","16":"shipping-taxable","17":"product-type-simple","18":"entry","19":"content-bg","20":"loop-entry"},"_links":{"self":[{"href":"https:\/\/scn.eu\/sv\/wp-json\/wp\/v2\/product\/1013082","targetHints":{"allow":["GET"]}}],"collection":[{"href":"https:\/\/scn.eu\/sv\/wp-json\/wp\/v2\/product"}],"about":[{"href":"https:\/\/scn.eu\/sv\/wp-json\/wp\/v2\/types\/product"}],"replies":[{"embeddable":true,"href":"https:\/\/scn.eu\/sv\/wp-json\/wp\/v2\/comments?post=1013082"}],"version-history":[{"count":1,"href":"https:\/\/scn.eu\/sv\/wp-json\/wp\/v2\/product\/1013082\/revisions"}],"predecessor-version":[{"id":8028207,"href":"https:\/\/scn.eu\/sv\/wp-json\/wp\/v2\/product\/1013082\/revisions\/8028207"}],"wp:featuredmedia":[{"embeddable":true,"href":"https:\/\/scn.eu\/sv\/wp-json\/wp\/v2\/media\/8028205"}],"wp:attachment":[{"href":"https:\/\/scn.eu\/sv\/wp-json\/wp\/v2\/media?parent=1013082"}],"wp:term":[{"taxonomy":"product_brand","embeddable":true,"href":"https:\/\/scn.eu\/sv\/wp-json\/wp\/v2\/product_brand?post=1013082"},{"taxonomy":"product_cat","embeddable":true,"href":"https:\/\/scn.eu\/sv\/wp-json\/wp\/v2\/product_cat?post=1013082"},{"taxonomy":"product_tag","embeddable":true,"href":"https:\/\/scn.eu\/sv\/wp-json\/wp\/v2\/product_tag?post=1013082"},{"taxonomy":"product_facet","embeddable":true,"href":"https:\/\/scn.eu\/sv\/wp-json\/wp\/v2\/product_facet?post=1013082"}],"curies":[{"name":"wp","href":"https:\/\/api.w.org\/{rel}","templated":true}]}}