{"id":1013068,"date":"2025-01-01T00:00:00","date_gmt":"2025-01-01T00:00:00","guid":{"rendered":"http:\/\/&#038;p=1013068"},"modified":"2026-03-20T01:35:12","modified_gmt":"2026-03-20T01:35:12","slug":"mpda-sv","status":"publish","type":"product","link":"https:\/\/scn.eu\/sv\/produkt\/mpda-sv\/","title":{"rendered":"MPD A Serien &#8211; N\u00e4taggregat fr\u00e5n 35W till 100W"},"content":{"rendered":"<p>MPD-035W A<br \/>\n\u2022 Karakteristisk:<br \/>\n\u2022 \u25cf Kombination av utsp\u00e4nning: 5V\u300112V\u300124V\u300148V\u3001\u00b15V\u3001\u00b112V\u3001 \u00b115V<br \/>\n\u2022 \u25cf\u00d6verl\u00e4gsen prestanda med liten krusning<br \/>\n\u2022 \u25cf -A Series, Dubbel belastning beh\u00f6ver samma<br \/>\n\u2022 \u25cfSkydd: \u00d6versp\u00e4nning\/\u00d6verbelastning\/Kortslutning<br \/>\n\u2022 \u25cf \u00d6versp\u00e4nningsskydd<br \/>\n\u2022 \u25cfUtrymmesbesparing, h\u00f6g integration, f\u00f6rb\u00e4ttrade konkurrensf\u00f6rdelar<\/p>\n<p>\u2022 MPD-050W A<br \/>\n\u2022 Karakteristisk:<br \/>\n\u25cf Kombination av utsp\u00e4nning: 5V\u300112V\u300124V\u300148V\u3001\u00b15V\u3001\u00b112V\u3001 \u00b115V<br \/>\n\u25cf\u00d6verl\u00e4gsen prestanda med liten krusning<br \/>\n\u25cf -A Series, Dubbel belastning beh\u00f6ver samma<br \/>\n\u25cfSkydd: \u00d6versp\u00e4nning\/\u00d6verbelastning\/Kortslutning<br \/>\n\u25cf \u00d6versp\u00e4nningsskydd<br \/>\n\u25cfUtrymmesbesparing, h\u00f6g integration, f\u00f6rb\u00e4ttrade konkurrensf\u00f6rdelar<\/p>\n<p>\u2022 MPD-075W A<br \/>\n\u2022 Karakteristisk:<br \/>\n\u25cf Kombination av utsp\u00e4nning: 5V\u300112V\u300124V\u300148V\u3001\u00b15V\u3001\u00b112V\u3001 \u00b115V<br \/>\n\u25cf\u00d6verl\u00e4gsen prestanda med liten krusning<br \/>\n\u25cf -A Series, Dubbel belastning beh\u00f6ver samma<br \/>\n\u25cfSkydd: \u00d6versp\u00e4nning\/\u00d6verbelastning\/Kortslutning<br \/>\n\u25cf \u00d6versp\u00e4nningsskydd<br \/>\n\u25cfUtrymmesbesparing, h\u00f6g integration, f\u00f6rb\u00e4ttrade konkurrensf\u00f6rdelar<\/p>\n<p>\u2022 MPD-100W A<br \/>\n\u2022 Karakteristisk:<br \/>\n\u25cf utg\u00e5ng: 12-24VDC<br \/>\n\u25cf\u00d6verl\u00e4gsen prestanda med liten krusning<br \/>\n\u25cf -A Series, Dubbel belastning beh\u00f6ver samma<br \/>\n\u25cfSkydd: \u00d6versp\u00e4nning\/\u00d6verbelastning\/Kortslutning<br \/>\n\u25cf \u00d6versp\u00e4nningsskydd<br \/>\n\u25cfUtrymmesbesparing, h\u00f6g integration, f\u00f6rb\u00e4ttrade konkurrensf\u00f6rdelar<\/p>\n","protected":false},"excerpt":{"rendered":"<p>MPD-035W A \u2022 Karakteristisk: \u2022 \u25cf Kombination av utsp\u00e4nning: 5V\u300112V\u300124V\u300148V\u3001\u00b15V\u3001\u00b112V\u3001 \u00b115V \u2022 \u25cf\u00d6verl\u00e4gsen prestanda med liten krusning \u2022 \u25cf -A Series, Dubbel belastning beh\u00f6ver samma \u2022 \u25cfSkydd: \u00d6versp\u00e4nning\/\u00d6verbelastning\/Kortslutning \u2022 \u25cf \u00d6versp\u00e4nningsskydd \u2022 \u25cfUtrymmesbesparing, h\u00f6g integration, f\u00f6rb\u00e4ttrade konkurrensf\u00f6rdelar \u2022 MPD-050W A \u2022 Karakteristisk: \u25cf Kombination av utsp\u00e4nning: 5V\u300112V\u300124V\u300148V\u3001\u00b15V\u3001\u00b112V\u3001 \u00b115V \u25cf\u00d6verl\u00e4gsen prestanda med liten krusning \u25cf -A&#8230;<\/p>\n","protected":false},"featured_media":8028168,"comment_status":"closed","ping_status":"closed","template":"","meta":{"_kad_post_transparent":"default","_kad_post_title":"","_kad_post_layout":"default","_kad_post_sidebar_id":"","_kad_post_content_style":"default","_kad_post_vertical_padding":"default","_kad_post_feature":"","_kad_post_feature_position":"","_kad_post_header":false,"_kad_post_footer":false,"_kad_post_classname":""},"product_brand":[933],"product_cat":[10630,10682,10759,9205],"product_tag":[],"product_facet":[10773],"class_list":{"0":"post-1013068","1":"product","2":"type-product","3":"status-publish","4":"has-post-thumbnail","6":"product_brand-mibbo","7":"product_cat-components","8":"product_cat-power-supplies","9":"product_cat-products","10":"product_cat-single-phase","11":"product_facet-facet-components","13":"first","14":"instock","15":"downloadable","16":"shipping-taxable","17":"product-type-simple","18":"entry","19":"content-bg","20":"loop-entry"},"_links":{"self":[{"href":"https:\/\/scn.eu\/sv\/wp-json\/wp\/v2\/product\/1013068","targetHints":{"allow":["GET"]}}],"collection":[{"href":"https:\/\/scn.eu\/sv\/wp-json\/wp\/v2\/product"}],"about":[{"href":"https:\/\/scn.eu\/sv\/wp-json\/wp\/v2\/types\/product"}],"replies":[{"embeddable":true,"href":"https:\/\/scn.eu\/sv\/wp-json\/wp\/v2\/comments?post=1013068"}],"version-history":[{"count":1,"href":"https:\/\/scn.eu\/sv\/wp-json\/wp\/v2\/product\/1013068\/revisions"}],"predecessor-version":[{"id":8028170,"href":"https:\/\/scn.eu\/sv\/wp-json\/wp\/v2\/product\/1013068\/revisions\/8028170"}],"wp:featuredmedia":[{"embeddable":true,"href":"https:\/\/scn.eu\/sv\/wp-json\/wp\/v2\/media\/8028168"}],"wp:attachment":[{"href":"https:\/\/scn.eu\/sv\/wp-json\/wp\/v2\/media?parent=1013068"}],"wp:term":[{"taxonomy":"product_brand","embeddable":true,"href":"https:\/\/scn.eu\/sv\/wp-json\/wp\/v2\/product_brand?post=1013068"},{"taxonomy":"product_cat","embeddable":true,"href":"https:\/\/scn.eu\/sv\/wp-json\/wp\/v2\/product_cat?post=1013068"},{"taxonomy":"product_tag","embeddable":true,"href":"https:\/\/scn.eu\/sv\/wp-json\/wp\/v2\/product_tag?post=1013068"},{"taxonomy":"product_facet","embeddable":true,"href":"https:\/\/scn.eu\/sv\/wp-json\/wp\/v2\/product_facet?post=1013068"}],"curies":[{"name":"wp","href":"https:\/\/api.w.org\/{rel}","templated":true}]}}