{"id":1013047,"date":"2025-01-01T00:00:00","date_gmt":"2025-01-01T00:00:00","guid":{"rendered":"http:\/\/&#038;p=1013047"},"modified":"2026-03-20T01:35:00","modified_gmt":"2026-03-20T01:35:00","slug":"mountingampheatsinkampdinadaptoroption-sv","status":"publish","type":"product","link":"https:\/\/scn.eu\/sv\/produkt\/mountingampheatsinkampdinadaptoroption-sv\/","title":{"rendered":"Montering-, kylning- och DIN-adapter l\u00f6sningar"},"content":{"rendered":"<p>Monteringssatser:<\/p>\n<p>1LK00100:<br \/>\nMontering av SC-SO-SF p\u00e5 kylfl\u00e4ns eller SC-SO p\u00e5 1LD12020.<\/p>\n<p>1LK00200:<br \/>\nMontering av SG-SVT-SV9 p\u00e5 kylfl\u00e4ns eller 1LD00000.<\/p>\n<p>1LK00300:<br \/>\nMontering av kylfl\u00e4nsar p\u00e5 1LD00400 eller SC-SO p\u00e5 1LD00000.<\/p>\n<p>1LK00700:<br \/>\nS\u00e4rskilt kit f\u00f6r h\u00f6ga str\u00f6mmar (okpac-serien).<br \/>\nTermiska t\u00e4tningar f\u00f6r rel\u00e4\/v\u00e4rmeslinga.<\/p>\n<p>5HT15000:<br \/>\nTermiskt fett f\u00f6r 30 rel\u00e4er SG\/SVT eller 60 rel\u00e4er SC\/SO.<\/p>\n<p>5TH21000:<br \/>\nTermisk film f\u00f6r SC\/SO.<\/p>\n<p>5TH23000:<br \/>\nTermiska kuddar.<\/p>\n<p>WF031100:<br \/>\nTerminalegenskaper: 0,3K\/W.<br \/>\nSpecifikationer: ventilerad f\u00f6r DIN-skena eller skruv.<br \/>\nM\u00e5tt (mm): 110x120x145.<br \/>\nTyp av rel\u00e4: SO, SC, SG, SGT, SVT.<\/p>\n<p>WF050000:<br \/>\nTerminalegenskaper: 0,55K\/W.<br \/>\nSpecifikationer: DIN-skena-adapter som tillval.<br \/>\nM\u00e5tt (mm): 110x100x200.<br \/>\nTyp av rel\u00e4: SO, SC, SG, SGT, SVT.<\/p>\n<p>WF070000:<br \/>\nTerminalegenskaper: 0,75K\/W.<br \/>\nSpecifikationer: DIN-skena-adapter som tillval.<br \/>\nM\u00e5tt (mm): 110x100x100.<br \/>\nTyp av rel\u00e4: SO, SC, SG, SGT, SVT.<\/p>\n<p>WF115100:<br \/>\nTerminalegenskaper: 0,9K\/W.<br \/>\nSpecifikationer: F\u00f6r DIN-skena eller skruv.<br \/>\nM\u00e5tt (mm): 110x100x90.<br \/>\nTyp av rel\u00e4: SO, SC, SG, SGT, SVT.<\/p>\n<p>WF108110:<br \/>\nTerminalegenskaper: 1,1K\/W.<br \/>\nSpecifikationer: F\u00f6r DIN-skena eller skruv.<br \/>\nM\u00e5tt (mm): 89,8X81X98,02.<br \/>\nTyp av rel\u00e4: SO, SC.<\/p>\n<p>WF121000:<br \/>\nTerminalegenskaper: 1,2K\/W.<br \/>\nSpecifikationer: F\u00f6r DIN-skena eller skruv.<br \/>\nM\u00e5tt (mm): 110x40x100.<br \/>\nTyp av rel\u00e4: SO, SC, SG, SGT, SVT.<\/p>\n<p>WF210000:<br \/>\nTerminalegenskaper: 2,1K\/W.<br \/>\nSpecifikationer: DIN-skena-adapter som tillval.<br \/>\nM\u00e5tt (mm): 96X41X55.<br \/>\nTyp av rel\u00e4: SO, SC.<\/p>\n<p>WF151200:<br \/>\nTerminalegenskaper: 2,2K\/W.<br \/>\nSpecifikationer: F\u00f6r DIN-skena eller skruv.<br \/>\nM\u00e5tt (mm): 45X73X80.<br \/>\nTyp av rel\u00e4: SO, SC, SA, SU.<\/p>\n<p>WF311100:<br \/>\nTerminalegenskaper: 3K\/W.<br \/>\nSpecifikationer: F\u00f6r DIN-skena eller skruv.<br \/>\nM\u00e5tt (mm): 22,5X73X80.<br \/>\nTyp av rel\u00e4: SA, SU.<\/p>\n","protected":false},"excerpt":{"rendered":"<p>Monteringssatser: 1LK00100: Montering av SC-SO-SF p\u00e5 kylfl\u00e4ns eller SC-SO p\u00e5 1LD12020. 1LK00200: Montering av SG-SVT-SV9 p\u00e5 kylfl\u00e4ns eller 1LD00000. 1LK00300: Montering av kylfl\u00e4nsar p\u00e5 1LD00400 eller SC-SO p\u00e5 1LD00000. 1LK00700: S\u00e4rskilt kit f\u00f6r h\u00f6ga str\u00f6mmar (okpac-serien). Termiska t\u00e4tningar f\u00f6r rel\u00e4\/v\u00e4rmeslinga. 5HT15000: Termiskt fett f\u00f6r 30 rel\u00e4er SG\/SVT eller 60 rel\u00e4er SC\/SO. 5TH21000: Termisk film f\u00f6r&#8230;<\/p>\n","protected":false},"featured_media":8028116,"comment_status":"closed","ping_status":"closed","template":"","meta":{"_kad_post_transparent":"default","_kad_post_title":"","_kad_post_layout":"default","_kad_post_sidebar_id":"","_kad_post_content_style":"default","_kad_post_vertical_padding":"default","_kad_post_feature":"","_kad_post_feature_position":"","_kad_post_header":false,"_kad_post_footer":false,"_kad_post_classname":""},"product_brand":[938],"product_cat":[9452,10630,10759,10417],"product_tag":[],"product_facet":[10773],"class_list":{"0":"post-1013047","1":"product","2":"type-product","3":"status-publish","4":"has-post-thumbnail","6":"product_brand-celduc","7":"product_cat-accessories-solid-state-relays-ssr","8":"product_cat-components","9":"product_cat-products","10":"product_cat-solid-state-relays-ssr","11":"product_facet-facet-components","13":"first","14":"instock","15":"downloadable","16":"shipping-taxable","17":"product-type-simple","18":"entry","19":"content-bg","20":"loop-entry"},"_links":{"self":[{"href":"https:\/\/scn.eu\/sv\/wp-json\/wp\/v2\/product\/1013047","targetHints":{"allow":["GET"]}}],"collection":[{"href":"https:\/\/scn.eu\/sv\/wp-json\/wp\/v2\/product"}],"about":[{"href":"https:\/\/scn.eu\/sv\/wp-json\/wp\/v2\/types\/product"}],"replies":[{"embeddable":true,"href":"https:\/\/scn.eu\/sv\/wp-json\/wp\/v2\/comments?post=1013047"}],"version-history":[{"count":1,"href":"https:\/\/scn.eu\/sv\/wp-json\/wp\/v2\/product\/1013047\/revisions"}],"predecessor-version":[{"id":8028118,"href":"https:\/\/scn.eu\/sv\/wp-json\/wp\/v2\/product\/1013047\/revisions\/8028118"}],"wp:featuredmedia":[{"embeddable":true,"href":"https:\/\/scn.eu\/sv\/wp-json\/wp\/v2\/media\/8028116"}],"wp:attachment":[{"href":"https:\/\/scn.eu\/sv\/wp-json\/wp\/v2\/media?parent=1013047"}],"wp:term":[{"taxonomy":"product_brand","embeddable":true,"href":"https:\/\/scn.eu\/sv\/wp-json\/wp\/v2\/product_brand?post=1013047"},{"taxonomy":"product_cat","embeddable":true,"href":"https:\/\/scn.eu\/sv\/wp-json\/wp\/v2\/product_cat?post=1013047"},{"taxonomy":"product_tag","embeddable":true,"href":"https:\/\/scn.eu\/sv\/wp-json\/wp\/v2\/product_tag?post=1013047"},{"taxonomy":"product_facet","embeddable":true,"href":"https:\/\/scn.eu\/sv\/wp-json\/wp\/v2\/product_facet?post=1013047"}],"curies":[{"name":"wp","href":"https:\/\/api.w.org\/{rel}","templated":true}]}}