{"id":1013040,"date":"2025-01-01T00:00:00","date_gmt":"2025-01-01T00:00:00","guid":{"rendered":"http:\/\/&#038;p=1013040"},"modified":"2026-03-20T01:34:55","modified_gmt":"2026-03-20T01:34:55","slug":"mountingkits-sv","status":"publish","type":"product","link":"https:\/\/scn.eu\/sv\/produkt\/mountingkits-sv\/","title":{"rendered":"Monteringssatser"},"content":{"rendered":"<p>&#8211; Monteringssatser:<\/p>\n<p>1LK00100:<br \/>\nMontering av SC-SO-SF p\u00e5 kylfl\u00e4ns eller SC-SO p\u00e5 1LD12020.<\/p>\n<p>1LK00200:<br \/>\nMontering av SG-SVT-SV9 p\u00e5 kylfl\u00e4ns eller 1LD00000.<\/p>\n<p>1LK00300:<br \/>\nMontering av kylfl\u00e4nsar p\u00e5 1LD00400 eller SC-SO p\u00e5 1LD00000.<\/p>\n<p>1LK00700:<br \/>\nS\u00e4rskilt kit f\u00f6r h\u00f6gstr\u00f6m (okpac-serien).<\/p>\n<p>&#8211; Termiska t\u00e4tningar f\u00f6r rel\u00e4\/v\u00e4rmeslinga:<\/p>\n<p>5HT15000:<br \/>\nTermiskt fett f\u00f6r 30 rel\u00e4er SG\/SVT eller 60 rel\u00e4er SC\/SO.<\/p>\n<p>5TH21000:<br \/>\nTermisk film f\u00f6r SC\/SO.<\/p>\n<p>5TH23000:<br \/>\nTermiska kuddar.<\/p>\n<p>&#8211; Adapter f\u00f6r DIN-skena:<\/p>\n<p>1LD00400:<br \/>\nAdapter f\u00f6r DIN-skena f\u00f6r WF21\/07\/05.<\/p>\n<p>1LD00500:<br \/>\nAdapter f\u00f6r DIN-skena f\u00f6r SG\/SVT\/SV969300.<\/p>\n<p>1LD12020:<br \/>\nAdapter f\u00f6r DIN-skena f\u00f6r SC\/SV8\/SO vertikal montering.<\/p>\n<p>&#8211; Montering + kylfl\u00e4ns + DIN-adapter Alternativ:<\/p>\n<p>1LWD1202:<br \/>\nMontering av SC\/SV\/SO p\u00e5 1LD12020 + 1LD12020.<\/p>\n<p>&#8211; Monteringsalternativ (skruvsats ing\u00e5r) Endast om antal >10:<\/p>\n<p>1LW00000:<br \/>\nMontering av rel\u00e4er p\u00e5 kylfl\u00e4ns.<\/p>\n<p>1LWD0000:<br \/>\nMontering av kylfl\u00e4ns p\u00e5 DIN-skena adapter.<\/p>\n","protected":false},"excerpt":{"rendered":"<p>&#8211; Monteringssatser: 1LK00100: Montering av SC-SO-SF p\u00e5 kylfl\u00e4ns eller SC-SO p\u00e5 1LD12020. 1LK00200: Montering av SG-SVT-SV9 p\u00e5 kylfl\u00e4ns eller 1LD00000. 1LK00300: Montering av kylfl\u00e4nsar p\u00e5 1LD00400 eller SC-SO p\u00e5 1LD00000. 1LK00700: S\u00e4rskilt kit f\u00f6r h\u00f6gstr\u00f6m (okpac-serien). &#8211; Termiska t\u00e4tningar f\u00f6r rel\u00e4\/v\u00e4rmeslinga: 5HT15000: Termiskt fett f\u00f6r 30 rel\u00e4er SG\/SVT eller 60 rel\u00e4er SC\/SO. 5TH21000: Termisk film&#8230;<\/p>\n","protected":false},"featured_media":8028094,"comment_status":"closed","ping_status":"closed","template":"","meta":{"_kad_post_transparent":"default","_kad_post_title":"","_kad_post_layout":"default","_kad_post_sidebar_id":"","_kad_post_content_style":"default","_kad_post_vertical_padding":"default","_kad_post_feature":"","_kad_post_feature_position":"","_kad_post_header":false,"_kad_post_footer":false,"_kad_post_classname":""},"product_brand":[938],"product_cat":[9452,10630,10759,10417],"product_tag":[],"product_facet":[10773],"class_list":{"0":"post-1013040","1":"product","2":"type-product","3":"status-publish","4":"has-post-thumbnail","6":"product_brand-celduc","7":"product_cat-accessories-solid-state-relays-ssr","8":"product_cat-components","9":"product_cat-products","10":"product_cat-solid-state-relays-ssr","11":"product_facet-facet-components","13":"first","14":"instock","15":"downloadable","16":"shipping-taxable","17":"product-type-simple","18":"entry","19":"content-bg","20":"loop-entry"},"_links":{"self":[{"href":"https:\/\/scn.eu\/sv\/wp-json\/wp\/v2\/product\/1013040","targetHints":{"allow":["GET"]}}],"collection":[{"href":"https:\/\/scn.eu\/sv\/wp-json\/wp\/v2\/product"}],"about":[{"href":"https:\/\/scn.eu\/sv\/wp-json\/wp\/v2\/types\/product"}],"replies":[{"embeddable":true,"href":"https:\/\/scn.eu\/sv\/wp-json\/wp\/v2\/comments?post=1013040"}],"version-history":[{"count":1,"href":"https:\/\/scn.eu\/sv\/wp-json\/wp\/v2\/product\/1013040\/revisions"}],"predecessor-version":[{"id":8028096,"href":"https:\/\/scn.eu\/sv\/wp-json\/wp\/v2\/product\/1013040\/revisions\/8028096"}],"wp:featuredmedia":[{"embeddable":true,"href":"https:\/\/scn.eu\/sv\/wp-json\/wp\/v2\/media\/8028094"}],"wp:attachment":[{"href":"https:\/\/scn.eu\/sv\/wp-json\/wp\/v2\/media?parent=1013040"}],"wp:term":[{"taxonomy":"product_brand","embeddable":true,"href":"https:\/\/scn.eu\/sv\/wp-json\/wp\/v2\/product_brand?post=1013040"},{"taxonomy":"product_cat","embeddable":true,"href":"https:\/\/scn.eu\/sv\/wp-json\/wp\/v2\/product_cat?post=1013040"},{"taxonomy":"product_tag","embeddable":true,"href":"https:\/\/scn.eu\/sv\/wp-json\/wp\/v2\/product_tag?post=1013040"},{"taxonomy":"product_facet","embeddable":true,"href":"https:\/\/scn.eu\/sv\/wp-json\/wp\/v2\/product_facet?post=1013040"}],"curies":[{"name":"wp","href":"https:\/\/api.w.org\/{rel}","templated":true}]}}