{"id":1012915,"date":"2025-01-01T00:00:00","date_gmt":"2025-01-01T00:00:00","guid":{"rendered":"http:\/\/&#038;p=1012915"},"modified":"2026-03-20T01:33:40","modified_gmt":"2026-03-20T01:33:40","slug":"mgr040-sv","status":"publish","type":"product","link":"https:\/\/scn.eu\/sv\/produkt\/mgr040-sv\/","title":{"rendered":"MGR040-24F, 40W, utsp\u00e4nning 5-48V"},"content":{"rendered":"<p>K\u00e4nnetecken:<br \/>\n\u25cf 40W, utg\u00e5ng 5-48V fulla kategorier.<\/p>\n<p>\u25cf Smal storlek, monteras p\u00e5 industri DIN-skena TS-35 \/ 7,5 eller 15mm.<\/p>\n<p>\u25cf Plasth\u00f6lje.<\/p>\n<p>\u25cf Universell v\u00e4xelstr\u00f6msing\u00e5ng \/ fullt intervall.<\/p>\n<p>\u25cf Str\u00f6mf\u00f6rbrukning utan belastning <1W.\n\n\u25cf Inbyggd aktiv PFC-funktion.\n\n\u25cf -R-modeller DC OK-signalutg\u00e5ng.\n\n\u25cf EMC EN55022 klass A.\n\n\u25cf 3 \u00e5rs garanti.\n\n\u25cf CE\/RoHS.\n<\/p>\n","protected":false},"excerpt":{"rendered":"<p>K\u00e4nnetecken: \u25cf 40W, utg\u00e5ng 5-48V fulla kategorier. \u25cf Smal storlek, monteras p\u00e5 industri DIN-skena TS-35 \/ 7,5 eller 15mm. \u25cf Plasth\u00f6lje. \u25cf Universell v\u00e4xelstr\u00f6msing\u00e5ng \/ fullt intervall. \u25cf Str\u00f6mf\u00f6rbrukning utan belastning<\/p>\n","protected":false},"featured_media":8027778,"comment_status":"closed","ping_status":"closed","template":"","meta":{"_kad_post_transparent":"default","_kad_post_title":"","_kad_post_layout":"default","_kad_post_sidebar_id":"","_kad_post_content_style":"default","_kad_post_vertical_padding":"default","_kad_post_feature":"","_kad_post_feature_position":"","_kad_post_header":false,"_kad_post_footer":false,"_kad_post_classname":""},"product_brand":[933],"product_cat":[10630,10682,10759,9205],"product_tag":[],"product_facet":[10773],"class_list":{"0":"post-1012915","1":"product","2":"type-product","3":"status-publish","4":"has-post-thumbnail","6":"product_brand-mibbo","7":"product_cat-components","8":"product_cat-power-supplies","9":"product_cat-products","10":"product_cat-single-phase","11":"product_facet-facet-components","13":"first","14":"instock","15":"downloadable","16":"shipping-taxable","17":"product-type-simple","18":"entry","19":"content-bg","20":"loop-entry"},"_links":{"self":[{"href":"https:\/\/scn.eu\/sv\/wp-json\/wp\/v2\/product\/1012915","targetHints":{"allow":["GET"]}}],"collection":[{"href":"https:\/\/scn.eu\/sv\/wp-json\/wp\/v2\/product"}],"about":[{"href":"https:\/\/scn.eu\/sv\/wp-json\/wp\/v2\/types\/product"}],"replies":[{"embeddable":true,"href":"https:\/\/scn.eu\/sv\/wp-json\/wp\/v2\/comments?post=1012915"}],"version-history":[{"count":1,"href":"https:\/\/scn.eu\/sv\/wp-json\/wp\/v2\/product\/1012915\/revisions"}],"predecessor-version":[{"id":8027780,"href":"https:\/\/scn.eu\/sv\/wp-json\/wp\/v2\/product\/1012915\/revisions\/8027780"}],"wp:featuredmedia":[{"embeddable":true,"href":"https:\/\/scn.eu\/sv\/wp-json\/wp\/v2\/media\/8027778"}],"wp:attachment":[{"href":"https:\/\/scn.eu\/sv\/wp-json\/wp\/v2\/media?parent=1012915"}],"wp:term":[{"taxonomy":"product_brand","embeddable":true,"href":"https:\/\/scn.eu\/sv\/wp-json\/wp\/v2\/product_brand?post=1012915"},{"taxonomy":"product_cat","embeddable":true,"href":"https:\/\/scn.eu\/sv\/wp-json\/wp\/v2\/product_cat?post=1012915"},{"taxonomy":"product_tag","embeddable":true,"href":"https:\/\/scn.eu\/sv\/wp-json\/wp\/v2\/product_tag?post=1012915"},{"taxonomy":"product_facet","embeddable":true,"href":"https:\/\/scn.eu\/sv\/wp-json\/wp\/v2\/product_facet?post=1012915"}],"curies":[{"name":"wp","href":"https:\/\/api.w.org\/{rel}","templated":true}]}}