{"id":1012859,"date":"2025-01-01T00:00:00","date_gmt":"2025-01-01T00:00:00","guid":{"rendered":"http:\/\/&#038;p=1012859"},"modified":"2026-03-20T01:33:06","modified_gmt":"2026-03-20T01:33:06","slug":"mc700-sv","status":"publish","type":"product","link":"https:\/\/scn.eu\/sv\/produkt\/mc700-sv\/","title":{"rendered":"MC700 universal r\u00f6relsekontroller"},"content":{"rendered":"<p>MC700 fr\u00e5n Motrona \u00e4r en universell r\u00f6relsekontroller f\u00f6r 1 till 4 axlar, programmerbar f\u00f6r flera r\u00f6relsetill\u00e4mpningar genom enkel nedladdning av motsvarande firmware. <\/p>\n<p>Med anv\u00e4ndning av v\u00e5r BY701 firmware ger MC700 utm\u00e4rkta l\u00f6sningar f\u00f6r alla typer av synkroniseringstill\u00e4mpningar med flera axlar. <\/p>\n<p>MC700 erbjuder m\u00e5nga m\u00f6jligheter till kontroll av relativ fas, position, index och utv\u00e4rdering av tryckm\u00e4rken. Den har valfria driftl\u00e4gen med antingen en verklig fysisk master eller en inb\u00e4ddad virtuell masteraxel och programmerbara masterhastighetsprofiler. <\/p>\n<p>MC700-h\u00e5rdvaran \u00e4r en black-box-enhet f\u00f6r sk\u00e5pmontering. Fj\u00e4rrstyrning och kommunikationsm\u00f6jligheter via extern operat\u00f6rsterminal, seriell PC-kommunikation, CANBUS, PROFIBUS etc.<\/p>\n","protected":false},"excerpt":{"rendered":"<p>MC700 fr\u00e5n Motrona \u00e4r en universell r\u00f6relsekontroller f\u00f6r 1 till 4 axlar, programmerbar f\u00f6r flera r\u00f6relsetill\u00e4mpningar genom enkel nedladdning av motsvarande firmware. Med anv\u00e4ndning av v\u00e5r BY701 firmware ger MC700 utm\u00e4rkta l\u00f6sningar f\u00f6r alla typer av synkroniseringstill\u00e4mpningar med flera axlar. MC700 erbjuder m\u00e5nga m\u00f6jligheter till kontroll av relativ fas, position, index och utv\u00e4rdering av tryckm\u00e4rken&#8230;.<\/p>\n","protected":false},"featured_media":8027602,"comment_status":"closed","ping_status":"closed","template":"","meta":{"_kad_post_transparent":"default","_kad_post_title":"","_kad_post_layout":"default","_kad_post_sidebar_id":"","_kad_post_content_style":"default","_kad_post_vertical_padding":"default","_kad_post_feature":"","_kad_post_feature_position":"","_kad_post_header":false,"_kad_post_footer":false,"_kad_post_classname":""},"product_brand":[936],"product_cat":[10630,8853,10759],"product_tag":[],"product_facet":[10773],"class_list":{"0":"post-1012859","1":"product","2":"type-product","3":"status-publish","4":"has-post-thumbnail","6":"product_brand-motrona","7":"product_cat-components","8":"product_cat-panel-indicators-and-converters","9":"product_cat-products","10":"product_facet-facet-components","12":"first","13":"instock","14":"downloadable","15":"shipping-taxable","16":"product-type-simple","17":"entry","18":"content-bg","19":"loop-entry"},"_links":{"self":[{"href":"https:\/\/scn.eu\/sv\/wp-json\/wp\/v2\/product\/1012859","targetHints":{"allow":["GET"]}}],"collection":[{"href":"https:\/\/scn.eu\/sv\/wp-json\/wp\/v2\/product"}],"about":[{"href":"https:\/\/scn.eu\/sv\/wp-json\/wp\/v2\/types\/product"}],"replies":[{"embeddable":true,"href":"https:\/\/scn.eu\/sv\/wp-json\/wp\/v2\/comments?post=1012859"}],"version-history":[{"count":1,"href":"https:\/\/scn.eu\/sv\/wp-json\/wp\/v2\/product\/1012859\/revisions"}],"predecessor-version":[{"id":8027604,"href":"https:\/\/scn.eu\/sv\/wp-json\/wp\/v2\/product\/1012859\/revisions\/8027604"}],"wp:featuredmedia":[{"embeddable":true,"href":"https:\/\/scn.eu\/sv\/wp-json\/wp\/v2\/media\/8027602"}],"wp:attachment":[{"href":"https:\/\/scn.eu\/sv\/wp-json\/wp\/v2\/media?parent=1012859"}],"wp:term":[{"taxonomy":"product_brand","embeddable":true,"href":"https:\/\/scn.eu\/sv\/wp-json\/wp\/v2\/product_brand?post=1012859"},{"taxonomy":"product_cat","embeddable":true,"href":"https:\/\/scn.eu\/sv\/wp-json\/wp\/v2\/product_cat?post=1012859"},{"taxonomy":"product_tag","embeddable":true,"href":"https:\/\/scn.eu\/sv\/wp-json\/wp\/v2\/product_tag?post=1012859"},{"taxonomy":"product_facet","embeddable":true,"href":"https:\/\/scn.eu\/sv\/wp-json\/wp\/v2\/product_facet?post=1012859"}],"curies":[{"name":"wp","href":"https:\/\/api.w.org\/{rel}","templated":true}]}}