{"id":1012845,"date":"2025-01-01T00:00:00","date_gmt":"2025-01-01T00:00:00","guid":{"rendered":"http:\/\/&#038;p=1012845"},"modified":"2026-03-20T01:32:59","modified_gmt":"2026-03-20T01:32:59","slug":"manualswitch100a-sv","status":"publish","type":"product","link":"https:\/\/scn.eu\/sv\/produkt\/manualswitch100a-sv\/","title":{"rendered":"Manuell brytare 100A alternativt 150A"},"content":{"rendered":"<p>Kompakt manuell batteribrytare med ett avtagbart plasthandtag.<br \/>\nUpp till 100A (med M8-anslutning) kontinuerlig str\u00f6m g\u00f6r den h\u00e4r omkopplaren idealisk f\u00f6r l\u00e4tta applikationer.<\/p>\n<p>Finns \u00e4ven i version med gummilock som skyddar n\u00e4r str\u00f6mbrytaren tas bort fr\u00e5n uttaget.<\/p>\n<p>Varianten med den nyare designen som har st\u00f6rre kontakter (M10) och f\u00f6rb\u00e4ttrade komponenter f\u00f6r upp till 150A men fortfarande i samma kompakta format. Detta g\u00f6r den till en av de mer popul\u00e4ra produkterna f\u00f6r 12V-applikationer.<\/p>\n<p>Alla dessa manuella batteribrytare har ett avtagbart handtag med en plastkropp.<\/p>\n<p>100-150A kontinuerlig str\u00f6mklassificering beroende p\u00e5 modell.<\/p>\n<p>F\u00f6r extra s\u00e4kerhet s\u00e5 \u00e4r handtaget i synligt ljusr\u00f6d f\u00e4rg.<\/p>\n<p>T\u00e4thetsklassad enligt IP43.<\/p>\n","protected":false},"excerpt":{"rendered":"<p>Kompakt manuell batteribrytare med ett avtagbart plasthandtag. Upp till 100A (med M8-anslutning) kontinuerlig str\u00f6m g\u00f6r den h\u00e4r omkopplaren idealisk f\u00f6r l\u00e4tta applikationer. Finns \u00e4ven i version med gummilock som skyddar n\u00e4r str\u00f6mbrytaren tas bort fr\u00e5n uttaget. Varianten med den nyare designen som har st\u00f6rre kontakter (M10) och f\u00f6rb\u00e4ttrade komponenter f\u00f6r upp till 150A men fortfarande&#8230;<\/p>\n","protected":false},"featured_media":8027558,"comment_status":"closed","ping_status":"closed","template":"","meta":{"_kad_post_transparent":"default","_kad_post_title":"","_kad_post_layout":"default","_kad_post_sidebar_id":"","_kad_post_content_style":"default","_kad_post_vertical_padding":"default","_kad_post_feature":"","_kad_post_feature_position":"","_kad_post_header":false,"_kad_post_footer":false,"_kad_post_classname":""},"product_brand":[],"product_cat":[10655,10630,9465,10759],"product_tag":[],"product_facet":[10773],"class_list":{"0":"post-1012845","1":"product","2":"type-product","3":"status-publish","4":"has-post-thumbnail","6":"product_cat-battery-disconnector-switches","7":"product_cat-components","8":"product_cat-manual-battery-switch-12-36vdc","9":"product_cat-products","10":"product_facet-facet-components","12":"first","13":"instock","14":"downloadable","15":"shipping-taxable","16":"product-type-simple","17":"entry","18":"content-bg","19":"loop-entry"},"_links":{"self":[{"href":"https:\/\/scn.eu\/sv\/wp-json\/wp\/v2\/product\/1012845","targetHints":{"allow":["GET"]}}],"collection":[{"href":"https:\/\/scn.eu\/sv\/wp-json\/wp\/v2\/product"}],"about":[{"href":"https:\/\/scn.eu\/sv\/wp-json\/wp\/v2\/types\/product"}],"replies":[{"embeddable":true,"href":"https:\/\/scn.eu\/sv\/wp-json\/wp\/v2\/comments?post=1012845"}],"version-history":[{"count":1,"href":"https:\/\/scn.eu\/sv\/wp-json\/wp\/v2\/product\/1012845\/revisions"}],"predecessor-version":[{"id":8027560,"href":"https:\/\/scn.eu\/sv\/wp-json\/wp\/v2\/product\/1012845\/revisions\/8027560"}],"wp:featuredmedia":[{"embeddable":true,"href":"https:\/\/scn.eu\/sv\/wp-json\/wp\/v2\/media\/8027558"}],"wp:attachment":[{"href":"https:\/\/scn.eu\/sv\/wp-json\/wp\/v2\/media?parent=1012845"}],"wp:term":[{"taxonomy":"product_brand","embeddable":true,"href":"https:\/\/scn.eu\/sv\/wp-json\/wp\/v2\/product_brand?post=1012845"},{"taxonomy":"product_cat","embeddable":true,"href":"https:\/\/scn.eu\/sv\/wp-json\/wp\/v2\/product_cat?post=1012845"},{"taxonomy":"product_tag","embeddable":true,"href":"https:\/\/scn.eu\/sv\/wp-json\/wp\/v2\/product_tag?post=1012845"},{"taxonomy":"product_facet","embeddable":true,"href":"https:\/\/scn.eu\/sv\/wp-json\/wp\/v2\/product_facet?post=1012845"}],"curies":[{"name":"wp","href":"https:\/\/api.w.org\/{rel}","templated":true}]}}