{"id":1012677,"date":"2025-01-01T00:00:00","date_gmt":"2025-01-01T00:00:00","guid":{"rendered":"http:\/\/&#038;p=1012677"},"modified":"2026-03-20T01:31:14","modified_gmt":"2026-03-20T01:31:14","slug":"lw218-sv","status":"publish","type":"product","link":"https:\/\/scn.eu\/sv\/produkt\/lw218-sv\/","title":{"rendered":"LW217och LW218 Optiska fibermoduler"},"content":{"rendered":"<p>Den optiska fibermodulen LW218 \u00e4r mottagningsmodulen i \u00f6verf\u00f6ringssystemet f\u00f6r optisk \u00f6verf\u00f6ring av industrisignaldata via en optisk fiber. <\/p>\n<p>LW-mottagaren omvandlar de optiska signaler som s\u00e4nds fr\u00e5n s\u00e4ndarmodulen till mottagaren via en fiberoptisk ledning med en l\u00e4ngd p\u00e5 upp till 2000 meter tillbaka till det ursprungliga SSI-formatet. De utg\u00e5ende absoluta SSI-dataen motsvarar s\u00e5ledes den signal eller det absoluta v\u00e4rde som ursprungligen till\u00e4mpades vid s\u00e4ndarmodulens ing\u00e5ng. <\/p>\n<p>Konverteringstiden fr\u00e5n ing\u00e5ngen (s\u00e4ndaren) till utg\u00e5ngen (mottagaren) \u00e4r mindre \u00e4n 300ns.<\/p>\n","protected":false},"excerpt":{"rendered":"<p>Den optiska fibermodulen LW218 \u00e4r mottagningsmodulen i \u00f6verf\u00f6ringssystemet f\u00f6r optisk \u00f6verf\u00f6ring av industrisignaldata via en optisk fiber. LW-mottagaren omvandlar de optiska signaler som s\u00e4nds fr\u00e5n s\u00e4ndarmodulen till mottagaren via en fiberoptisk ledning med en l\u00e4ngd p\u00e5 upp till 2000 meter tillbaka till det ursprungliga SSI-formatet. De utg\u00e5ende absoluta SSI-dataen motsvarar s\u00e5ledes den signal eller det&#8230;<\/p>\n","protected":false},"featured_media":8027037,"comment_status":"closed","ping_status":"closed","template":"","meta":{"_kad_post_transparent":"default","_kad_post_title":"","_kad_post_layout":"default","_kad_post_sidebar_id":"","_kad_post_content_style":"default","_kad_post_vertical_padding":"default","_kad_post_feature":"","_kad_post_feature_position":"","_kad_post_header":false,"_kad_post_footer":false,"_kad_post_classname":""},"product_brand":[936],"product_cat":[10630,8853,10759],"product_tag":[],"product_facet":[10773],"class_list":{"0":"post-1012677","1":"product","2":"type-product","3":"status-publish","4":"has-post-thumbnail","6":"product_brand-motrona","7":"product_cat-components","8":"product_cat-panel-indicators-and-converters","9":"product_cat-products","10":"product_facet-facet-components","12":"first","13":"instock","14":"downloadable","15":"shipping-taxable","16":"product-type-simple","17":"entry","18":"content-bg","19":"loop-entry"},"_links":{"self":[{"href":"https:\/\/scn.eu\/sv\/wp-json\/wp\/v2\/product\/1012677","targetHints":{"allow":["GET"]}}],"collection":[{"href":"https:\/\/scn.eu\/sv\/wp-json\/wp\/v2\/product"}],"about":[{"href":"https:\/\/scn.eu\/sv\/wp-json\/wp\/v2\/types\/product"}],"replies":[{"embeddable":true,"href":"https:\/\/scn.eu\/sv\/wp-json\/wp\/v2\/comments?post=1012677"}],"version-history":[{"count":1,"href":"https:\/\/scn.eu\/sv\/wp-json\/wp\/v2\/product\/1012677\/revisions"}],"predecessor-version":[{"id":8027039,"href":"https:\/\/scn.eu\/sv\/wp-json\/wp\/v2\/product\/1012677\/revisions\/8027039"}],"wp:featuredmedia":[{"embeddable":true,"href":"https:\/\/scn.eu\/sv\/wp-json\/wp\/v2\/media\/8027037"}],"wp:attachment":[{"href":"https:\/\/scn.eu\/sv\/wp-json\/wp\/v2\/media?parent=1012677"}],"wp:term":[{"taxonomy":"product_brand","embeddable":true,"href":"https:\/\/scn.eu\/sv\/wp-json\/wp\/v2\/product_brand?post=1012677"},{"taxonomy":"product_cat","embeddable":true,"href":"https:\/\/scn.eu\/sv\/wp-json\/wp\/v2\/product_cat?post=1012677"},{"taxonomy":"product_tag","embeddable":true,"href":"https:\/\/scn.eu\/sv\/wp-json\/wp\/v2\/product_tag?post=1012677"},{"taxonomy":"product_facet","embeddable":true,"href":"https:\/\/scn.eu\/sv\/wp-json\/wp\/v2\/product_facet?post=1012677"}],"curies":[{"name":"wp","href":"https:\/\/api.w.org\/{rel}","templated":true}]}}