{"id":1012516,"date":"2025-01-01T00:00:00","date_gmt":"2025-01-01T00:00:00","guid":{"rendered":"http:\/\/&#038;p=1012516"},"modified":"2026-03-20T01:29:31","modified_gmt":"2026-03-20T01:29:31","slug":"lpt038-02e3-sv","status":"publish","type":"product","link":"https:\/\/scn.eu\/sv\/produkt\/lpt038-02e3-sv\/","title":{"rendered":"LPT038-02E3 Ethernet sl\u00e4pring"},"content":{"rendered":"<p>Medelstor kapslad sl\u00e4pring LPT038-02E3 \u00f6verf\u00f6r 2 kanaler Gigabit Ethernet.<br \/>\nGigabit Ethernet,, en typ av LAN. <\/p>\n<p>Vid en arbetstemperatur p\u00e5 -20\u00b0C till +60\u00b0C och 0 till 300 varv per minut b\u00f6r man vid valet av sl\u00e4pringens yttre struktur och de inre materialen f\u00f6rst beakta h\u00e5llfasthet, v\u00e4rmebest\u00e4ndighet och slitstyrka. <\/p>\n<p>Locket, slutlocket och sluthylsan \u00e4r tillverkat av en aluminiumlegering. <\/p>\n<p>Det interna lagret antar det internationella standarden f\u00f6r st\u00e5llagret f\u00f6r att s\u00e4kerst\u00e4lla arbetstemperaturen.<\/p>\n<p>\u00d838mm 2-kanals Gigabit Ethernet.<\/p>\n","protected":false},"excerpt":{"rendered":"<p>Medelstor kapslad sl\u00e4pring LPT038-02E3 \u00f6verf\u00f6r 2 kanaler Gigabit Ethernet. Gigabit Ethernet,, en typ av LAN. Vid en arbetstemperatur p\u00e5 -20\u00b0C till +60\u00b0C och 0 till 300 varv per minut b\u00f6r man vid valet av sl\u00e4pringens yttre struktur och de inre materialen f\u00f6rst beakta h\u00e5llfasthet, v\u00e4rmebest\u00e4ndighet och slitstyrka. Locket, slutlocket och sluthylsan \u00e4r tillverkat av en&#8230;<\/p>\n","protected":false},"featured_media":8026532,"comment_status":"closed","ping_status":"closed","template":"","meta":{"_kad_post_transparent":"default","_kad_post_title":"","_kad_post_layout":"default","_kad_post_sidebar_id":"","_kad_post_content_style":"default","_kad_post_vertical_padding":"default","_kad_post_feature":"","_kad_post_feature_position":"","_kad_post_header":false,"_kad_post_footer":false,"_kad_post_classname":""},"product_brand":[941],"product_cat":[10630,9514,10759,10632],"product_tag":[],"product_facet":[10773],"class_list":{"0":"post-1012516","1":"product","2":"type-product","3":"status-publish","4":"has-post-thumbnail","6":"product_brand-jinpat","7":"product_cat-components","8":"product_cat-ethernet-slip-rings","9":"product_cat-products","10":"product_cat-slip-rings","11":"product_facet-facet-components","13":"first","14":"instock","15":"downloadable","16":"shipping-taxable","17":"product-type-simple","18":"entry","19":"content-bg","20":"loop-entry"},"_links":{"self":[{"href":"https:\/\/scn.eu\/sv\/wp-json\/wp\/v2\/product\/1012516","targetHints":{"allow":["GET"]}}],"collection":[{"href":"https:\/\/scn.eu\/sv\/wp-json\/wp\/v2\/product"}],"about":[{"href":"https:\/\/scn.eu\/sv\/wp-json\/wp\/v2\/types\/product"}],"replies":[{"embeddable":true,"href":"https:\/\/scn.eu\/sv\/wp-json\/wp\/v2\/comments?post=1012516"}],"version-history":[{"count":1,"href":"https:\/\/scn.eu\/sv\/wp-json\/wp\/v2\/product\/1012516\/revisions"}],"predecessor-version":[{"id":8026533,"href":"https:\/\/scn.eu\/sv\/wp-json\/wp\/v2\/product\/1012516\/revisions\/8026533"}],"wp:featuredmedia":[{"embeddable":true,"href":"https:\/\/scn.eu\/sv\/wp-json\/wp\/v2\/media\/8026532"}],"wp:attachment":[{"href":"https:\/\/scn.eu\/sv\/wp-json\/wp\/v2\/media?parent=1012516"}],"wp:term":[{"taxonomy":"product_brand","embeddable":true,"href":"https:\/\/scn.eu\/sv\/wp-json\/wp\/v2\/product_brand?post=1012516"},{"taxonomy":"product_cat","embeddable":true,"href":"https:\/\/scn.eu\/sv\/wp-json\/wp\/v2\/product_cat?post=1012516"},{"taxonomy":"product_tag","embeddable":true,"href":"https:\/\/scn.eu\/sv\/wp-json\/wp\/v2\/product_tag?post=1012516"},{"taxonomy":"product_facet","embeddable":true,"href":"https:\/\/scn.eu\/sv\/wp-json\/wp\/v2\/product_facet?post=1012516"}],"curies":[{"name":"wp","href":"https:\/\/api.w.org\/{rel}","templated":true}]}}