{"id":1011711,"date":"2025-01-01T00:00:00","date_gmt":"2025-01-01T00:00:00","guid":{"rendered":"http:\/\/&#038;p=1011711"},"modified":"2026-03-20T01:19:51","modified_gmt":"2026-03-20T01:19:51","slug":"lpks025-085-0205-08s-sv","status":"publish","type":"product","link":"https:\/\/scn.eu\/sv\/produkt\/lpks025-085-0205-08s-sv\/","title":{"rendered":"LPKS025-085-0205-08S Sl\u00e4pring av pannkakstyp"},"content":{"rendered":"<p>Detta sortiment av sl\u00e4pringar har i f\u00f6rsta hand utformats f\u00f6r \u00f6verf\u00f6ring av signaler, men har vidareutvecklats f\u00f6r att \u00e4ven kunna anv\u00e4ndas f\u00f6r kraft\u00f6verf\u00f6ring. <\/p>\n<p>Fina m\u00e4ssingsringar anv\u00e4nds f\u00f6r signaler och kan pl\u00e4teras med silver, guld eller rhodium n\u00e4r l\u00e5gt kontaktmotst\u00e5nd och l\u00e5ga ljudniv\u00e5er kr\u00e4vs.<br \/>\nDe b\u00e4sta resultaten uppn\u00e5s ocks\u00e5 n\u00e4r dessa \u00e4delmetallytor anv\u00e4nds tillsammans med silvergrafitborstar. <\/p>\n<p>Dessa enheter \u00e4r endast l\u00e4mpliga f\u00f6r l\u00e5g rotationshastighet d\u00e5 de \u00e4r f\u00f6rsedda med m\u00e4ssingsringar. <\/p>\n<p>F\u00f6r kraft\u00f6verf\u00f6ring kan m\u00e4ssingsringar med st\u00f6rre sektioner monteras f\u00f6r l\u00e5ga och medelh\u00f6ga hastigheter och fosforbronsringar f\u00f6r h\u00f6ga hastigheter.<br \/>\nBlandningar av signal- och kraftringar \u00e4r ocks\u00e5 m\u00f6jligt i detta mycket anpassningsbara typ av sl\u00e4pring. L\u00e4mpliga kolborsth\u00e5llare \u00e4r ocks\u00e5 m\u00f6jligt, antingen l\u00f6sa f\u00f6r separat montering eller monterade i gjutna h\u00e5llare.<\/p>\n<p>LPK-seriens sl\u00e4pringar \u00e4r indelade i tv\u00e5 typer:<br \/>\nSeparata pannkaks-sl\u00e4pring LPKS och frist\u00e5ende pannkaks-sl\u00e4pring LPK.<\/p>\n","protected":false},"excerpt":{"rendered":"<p>Detta sortiment av sl\u00e4pringar har i f\u00f6rsta hand utformats f\u00f6r \u00f6verf\u00f6ring av signaler, men har vidareutvecklats f\u00f6r att \u00e4ven kunna anv\u00e4ndas f\u00f6r kraft\u00f6verf\u00f6ring. Fina m\u00e4ssingsringar anv\u00e4nds f\u00f6r signaler och kan pl\u00e4teras med silver, guld eller rhodium n\u00e4r l\u00e5gt kontaktmotst\u00e5nd och l\u00e5ga ljudniv\u00e5er kr\u00e4vs. De b\u00e4sta resultaten uppn\u00e5s ocks\u00e5 n\u00e4r dessa \u00e4delmetallytor anv\u00e4nds tillsammans med silvergrafitborstar&#8230;.<\/p>\n","protected":false},"featured_media":8024093,"comment_status":"closed","ping_status":"closed","template":"","meta":{"_kad_post_transparent":"default","_kad_post_title":"","_kad_post_layout":"default","_kad_post_sidebar_id":"","_kad_post_content_style":"default","_kad_post_vertical_padding":"default","_kad_post_feature":"","_kad_post_feature_position":"","_kad_post_header":false,"_kad_post_footer":false,"_kad_post_classname":""},"product_brand":[941],"product_cat":[10630,9499,10759,10632],"product_tag":[],"product_facet":[10773],"class_list":{"0":"post-1011711","1":"product","2":"type-product","3":"status-publish","4":"has-post-thumbnail","6":"product_brand-jinpat","7":"product_cat-components","8":"product_cat-pancake-slip-rings","9":"product_cat-products","10":"product_cat-slip-rings","11":"product_facet-facet-components","13":"first","14":"instock","15":"downloadable","16":"shipping-taxable","17":"product-type-simple","18":"entry","19":"content-bg","20":"loop-entry"},"_links":{"self":[{"href":"https:\/\/scn.eu\/sv\/wp-json\/wp\/v2\/product\/1011711","targetHints":{"allow":["GET"]}}],"collection":[{"href":"https:\/\/scn.eu\/sv\/wp-json\/wp\/v2\/product"}],"about":[{"href":"https:\/\/scn.eu\/sv\/wp-json\/wp\/v2\/types\/product"}],"replies":[{"embeddable":true,"href":"https:\/\/scn.eu\/sv\/wp-json\/wp\/v2\/comments?post=1011711"}],"version-history":[{"count":1,"href":"https:\/\/scn.eu\/sv\/wp-json\/wp\/v2\/product\/1011711\/revisions"}],"predecessor-version":[{"id":8024094,"href":"https:\/\/scn.eu\/sv\/wp-json\/wp\/v2\/product\/1011711\/revisions\/8024094"}],"wp:featuredmedia":[{"embeddable":true,"href":"https:\/\/scn.eu\/sv\/wp-json\/wp\/v2\/media\/8024093"}],"wp:attachment":[{"href":"https:\/\/scn.eu\/sv\/wp-json\/wp\/v2\/media?parent=1011711"}],"wp:term":[{"taxonomy":"product_brand","embeddable":true,"href":"https:\/\/scn.eu\/sv\/wp-json\/wp\/v2\/product_brand?post=1011711"},{"taxonomy":"product_cat","embeddable":true,"href":"https:\/\/scn.eu\/sv\/wp-json\/wp\/v2\/product_cat?post=1011711"},{"taxonomy":"product_tag","embeddable":true,"href":"https:\/\/scn.eu\/sv\/wp-json\/wp\/v2\/product_tag?post=1011711"},{"taxonomy":"product_facet","embeddable":true,"href":"https:\/\/scn.eu\/sv\/wp-json\/wp\/v2\/product_facet?post=1011711"}],"curies":[{"name":"wp","href":"https:\/\/api.w.org\/{rel}","templated":true}]}}