{"id":1010992,"date":"2025-01-01T00:00:00","date_gmt":"2025-01-01T00:00:00","guid":{"rendered":"http:\/\/&#038;p=1010992"},"modified":"2026-03-20T01:12:45","modified_gmt":"2026-03-20T01:12:45","slug":"lpc-10s-sv","status":"publish","type":"product","link":"https:\/\/scn.eu\/sv\/produkt\/lpc-10s-sv\/","title":{"rendered":"LPC-10S Kapslad sl\u00e4pring"},"content":{"rendered":"<p>LPC-10S \u00f6verf\u00f6r olika signaler som  till exempel USB 2.0, HD-SDI och Gigabit Ethernet. <\/p>\n<p>H\u00f6g rotationshastighet upp till 1200rpm. Extrem l\u00e5ng livsl\u00e4ngd p\u00e5 300 miljoner varv.<\/p>\n<p>Kompakt kapslad sl\u00e4pring \u00d825mm i medelstorlek med 10 kretsar f\u00f6r h\u00f6ga rotationshastigheter och ultral\u00e5ng livsl\u00e4ngd.<\/p>\n","protected":false},"excerpt":{"rendered":"<p>LPC-10S \u00f6verf\u00f6r olika signaler som till exempel USB 2.0, HD-SDI och Gigabit Ethernet. H\u00f6g rotationshastighet upp till 1200rpm. Extrem l\u00e5ng livsl\u00e4ngd p\u00e5 300 miljoner varv. Kompakt kapslad sl\u00e4pring \u00d825mm i medelstorlek med 10 kretsar f\u00f6r h\u00f6ga rotationshastigheter och ultral\u00e5ng livsl\u00e4ngd.<\/p>\n","protected":false},"featured_media":8021901,"comment_status":"closed","ping_status":"closed","template":"","meta":{"_kad_post_transparent":"default","_kad_post_title":"","_kad_post_layout":"default","_kad_post_sidebar_id":"","_kad_post_content_style":"default","_kad_post_vertical_padding":"default","_kad_post_feature":"","_kad_post_feature_position":"","_kad_post_header":false,"_kad_post_footer":false,"_kad_post_classname":""},"product_brand":[941],"product_cat":[9530,10630,10759,10632],"product_tag":[],"product_facet":[10773],"class_list":{"0":"post-1010992","1":"product","2":"type-product","3":"status-publish","4":"has-post-thumbnail","6":"product_brand-jinpat","7":"product_cat-capsule-slip-rings","8":"product_cat-components","9":"product_cat-products","10":"product_cat-slip-rings","11":"product_facet-facet-components","13":"first","14":"instock","15":"downloadable","16":"shipping-taxable","17":"product-type-simple","18":"entry","19":"content-bg","20":"loop-entry"},"_links":{"self":[{"href":"https:\/\/scn.eu\/sv\/wp-json\/wp\/v2\/product\/1010992","targetHints":{"allow":["GET"]}}],"collection":[{"href":"https:\/\/scn.eu\/sv\/wp-json\/wp\/v2\/product"}],"about":[{"href":"https:\/\/scn.eu\/sv\/wp-json\/wp\/v2\/types\/product"}],"replies":[{"embeddable":true,"href":"https:\/\/scn.eu\/sv\/wp-json\/wp\/v2\/comments?post=1010992"}],"version-history":[{"count":1,"href":"https:\/\/scn.eu\/sv\/wp-json\/wp\/v2\/product\/1010992\/revisions"}],"predecessor-version":[{"id":8021903,"href":"https:\/\/scn.eu\/sv\/wp-json\/wp\/v2\/product\/1010992\/revisions\/8021903"}],"wp:featuredmedia":[{"embeddable":true,"href":"https:\/\/scn.eu\/sv\/wp-json\/wp\/v2\/media\/8021901"}],"wp:attachment":[{"href":"https:\/\/scn.eu\/sv\/wp-json\/wp\/v2\/media?parent=1010992"}],"wp:term":[{"taxonomy":"product_brand","embeddable":true,"href":"https:\/\/scn.eu\/sv\/wp-json\/wp\/v2\/product_brand?post=1010992"},{"taxonomy":"product_cat","embeddable":true,"href":"https:\/\/scn.eu\/sv\/wp-json\/wp\/v2\/product_cat?post=1010992"},{"taxonomy":"product_tag","embeddable":true,"href":"https:\/\/scn.eu\/sv\/wp-json\/wp\/v2\/product_tag?post=1010992"},{"taxonomy":"product_facet","embeddable":true,"href":"https:\/\/scn.eu\/sv\/wp-json\/wp\/v2\/product_facet?post=1010992"}],"curies":[{"name":"wp","href":"https:\/\/api.w.org\/{rel}","templated":true}]}}