{"id":1010936,"date":"2025-01-01T00:00:00","date_gmt":"2025-01-01T00:00:00","guid":{"rendered":"http:\/\/&#038;p=1010936"},"modified":"2026-03-20T01:12:12","modified_gmt":"2026-03-20T01:12:12","slug":"lpc-06c-sv","status":"publish","type":"product","link":"https:\/\/scn.eu\/sv\/produkt\/lpc-06c-sv\/","title":{"rendered":"LPC-06C Kapslad sl\u00e4pring"},"content":{"rendered":"<p>LPC-06C kapslad sl\u00e4pring med guldkontakter p\u00e5 de roterande ytorna.<br \/>\nGenom att anv\u00e4nda en ringkonstruktion med 90\u00b0 V-sp\u00e5r f\u00f6r varje intern ring ger det den en j\u00e4mnare g\u00e5ng, l\u00e4gre vridmoment och l\u00e4gre elektriskt brus \u00e4n liknande sl\u00e4pringar.<\/p>\n<p>Kompakt kapslad sl\u00e4pring \u00d822mm i mellanstorlek med 6 kretsar.<\/p>\n","protected":false},"excerpt":{"rendered":"<p>LPC-06C kapslad sl\u00e4pring med guldkontakter p\u00e5 de roterande ytorna. Genom att anv\u00e4nda en ringkonstruktion med 90\u00b0 V-sp\u00e5r f\u00f6r varje intern ring ger det den en j\u00e4mnare g\u00e5ng, l\u00e4gre vridmoment och l\u00e4gre elektriskt brus \u00e4n liknande sl\u00e4pringar. Kompakt kapslad sl\u00e4pring \u00d822mm i mellanstorlek med 6 kretsar.<\/p>\n","protected":false},"featured_media":8021732,"comment_status":"closed","ping_status":"closed","template":"","meta":{"_kad_post_transparent":"default","_kad_post_title":"","_kad_post_layout":"default","_kad_post_sidebar_id":"","_kad_post_content_style":"default","_kad_post_vertical_padding":"default","_kad_post_feature":"","_kad_post_feature_position":"","_kad_post_header":false,"_kad_post_footer":false,"_kad_post_classname":""},"product_brand":[941],"product_cat":[9530,10630,10759,10632],"product_tag":[],"product_facet":[10773],"class_list":{"0":"post-1010936","1":"product","2":"type-product","3":"status-publish","4":"has-post-thumbnail","6":"product_brand-jinpat","7":"product_cat-capsule-slip-rings","8":"product_cat-components","9":"product_cat-products","10":"product_cat-slip-rings","11":"product_facet-facet-components","13":"first","14":"instock","15":"downloadable","16":"shipping-taxable","17":"product-type-simple","18":"entry","19":"content-bg","20":"loop-entry"},"_links":{"self":[{"href":"https:\/\/scn.eu\/sv\/wp-json\/wp\/v2\/product\/1010936","targetHints":{"allow":["GET"]}}],"collection":[{"href":"https:\/\/scn.eu\/sv\/wp-json\/wp\/v2\/product"}],"about":[{"href":"https:\/\/scn.eu\/sv\/wp-json\/wp\/v2\/types\/product"}],"replies":[{"embeddable":true,"href":"https:\/\/scn.eu\/sv\/wp-json\/wp\/v2\/comments?post=1010936"}],"version-history":[{"count":1,"href":"https:\/\/scn.eu\/sv\/wp-json\/wp\/v2\/product\/1010936\/revisions"}],"predecessor-version":[{"id":8021734,"href":"https:\/\/scn.eu\/sv\/wp-json\/wp\/v2\/product\/1010936\/revisions\/8021734"}],"wp:featuredmedia":[{"embeddable":true,"href":"https:\/\/scn.eu\/sv\/wp-json\/wp\/v2\/media\/8021732"}],"wp:attachment":[{"href":"https:\/\/scn.eu\/sv\/wp-json\/wp\/v2\/media?parent=1010936"}],"wp:term":[{"taxonomy":"product_brand","embeddable":true,"href":"https:\/\/scn.eu\/sv\/wp-json\/wp\/v2\/product_brand?post=1010936"},{"taxonomy":"product_cat","embeddable":true,"href":"https:\/\/scn.eu\/sv\/wp-json\/wp\/v2\/product_cat?post=1010936"},{"taxonomy":"product_tag","embeddable":true,"href":"https:\/\/scn.eu\/sv\/wp-json\/wp\/v2\/product_tag?post=1010936"},{"taxonomy":"product_facet","embeddable":true,"href":"https:\/\/scn.eu\/sv\/wp-json\/wp\/v2\/product_facet?post=1010936"}],"curies":[{"name":"wp","href":"https:\/\/api.w.org\/{rel}","templated":true}]}}