{"id":1010922,"date":"2025-01-01T00:00:00","date_gmt":"2025-01-01T00:00:00","guid":{"rendered":"http:\/\/&#038;p=1010922"},"modified":"2026-03-20T01:12:04","modified_gmt":"2026-03-20T01:12:04","slug":"lpc-06an-sv","status":"publish","type":"product","link":"https:\/\/scn.eu\/sv\/produkt\/lpc-06an-sv\/","title":{"rendered":"LPC-06AN Kapslad sl\u00e4pring"},"content":{"rendered":"<p>LPC-06AN \u00e4r uppgraderad modell fr\u00e5n JINPAT standard kapslad sl\u00e4pring med f\u00f6rb\u00e4ttrad elektrisk prestanda. OD 20mm, L\u00e4ngd 19,2mm.<\/p>\n<p>Jinpat har anv\u00e4nt kantsk\u00e4rande ytbearbetningsteknik av h\u00f6g standard. Med en mer f\u00f6rt\u00e4tad och exakt struktur.<br \/>\nJ\u00e4mn rotation, kompakt struktur, l\u00e5gt vridmoment, kompatibel med databussprotokoll.<br \/>\nL\u00e4mplig f\u00f6r sm\u00e5 roterande system, f\u00f6r att till exempel s\u00e4nda svag styrsignal.<br \/>\n90-graders sp\u00e5rdesign, mjuk rotation, l\u00e5gt vridmoment och l\u00e5gt elektriskt brus.<br \/>\nKontaktbanorna \u00e4r guld-till-guld-kontakt, s\u00e4kerst\u00e4ller stabilitet och l\u00e5ng livsl\u00e4ngd. Anv\u00e4nds fr\u00e4mst inom civila och kommersiella omr\u00e5den.<\/p>\n","protected":false},"excerpt":{"rendered":"<p>LPC-06AN \u00e4r uppgraderad modell fr\u00e5n JINPAT standard kapslad sl\u00e4pring med f\u00f6rb\u00e4ttrad elektrisk prestanda. OD 20mm, L\u00e4ngd 19,2mm. Jinpat har anv\u00e4nt kantsk\u00e4rande ytbearbetningsteknik av h\u00f6g standard. Med en mer f\u00f6rt\u00e4tad och exakt struktur. J\u00e4mn rotation, kompakt struktur, l\u00e5gt vridmoment, kompatibel med databussprotokoll. L\u00e4mplig f\u00f6r sm\u00e5 roterande system, f\u00f6r att till exempel s\u00e4nda svag styrsignal. 90-graders sp\u00e5rdesign,&#8230;<\/p>\n","protected":false},"featured_media":8021688,"comment_status":"closed","ping_status":"closed","template":"","meta":{"_kad_post_transparent":"default","_kad_post_title":"","_kad_post_layout":"default","_kad_post_sidebar_id":"","_kad_post_content_style":"default","_kad_post_vertical_padding":"default","_kad_post_feature":"","_kad_post_feature_position":"","_kad_post_header":false,"_kad_post_footer":false,"_kad_post_classname":""},"product_brand":[941],"product_cat":[9530,10630,10759,10632],"product_tag":[],"product_facet":[10773],"class_list":{"0":"post-1010922","1":"product","2":"type-product","3":"status-publish","4":"has-post-thumbnail","6":"product_brand-jinpat","7":"product_cat-capsule-slip-rings","8":"product_cat-components","9":"product_cat-products","10":"product_cat-slip-rings","11":"product_facet-facet-components","13":"first","14":"instock","15":"downloadable","16":"shipping-taxable","17":"product-type-simple","18":"entry","19":"content-bg","20":"loop-entry"},"_links":{"self":[{"href":"https:\/\/scn.eu\/sv\/wp-json\/wp\/v2\/product\/1010922","targetHints":{"allow":["GET"]}}],"collection":[{"href":"https:\/\/scn.eu\/sv\/wp-json\/wp\/v2\/product"}],"about":[{"href":"https:\/\/scn.eu\/sv\/wp-json\/wp\/v2\/types\/product"}],"replies":[{"embeddable":true,"href":"https:\/\/scn.eu\/sv\/wp-json\/wp\/v2\/comments?post=1010922"}],"version-history":[{"count":1,"href":"https:\/\/scn.eu\/sv\/wp-json\/wp\/v2\/product\/1010922\/revisions"}],"predecessor-version":[{"id":8021690,"href":"https:\/\/scn.eu\/sv\/wp-json\/wp\/v2\/product\/1010922\/revisions\/8021690"}],"wp:featuredmedia":[{"embeddable":true,"href":"https:\/\/scn.eu\/sv\/wp-json\/wp\/v2\/media\/8021688"}],"wp:attachment":[{"href":"https:\/\/scn.eu\/sv\/wp-json\/wp\/v2\/media?parent=1010922"}],"wp:term":[{"taxonomy":"product_brand","embeddable":true,"href":"https:\/\/scn.eu\/sv\/wp-json\/wp\/v2\/product_brand?post=1010922"},{"taxonomy":"product_cat","embeddable":true,"href":"https:\/\/scn.eu\/sv\/wp-json\/wp\/v2\/product_cat?post=1010922"},{"taxonomy":"product_tag","embeddable":true,"href":"https:\/\/scn.eu\/sv\/wp-json\/wp\/v2\/product_tag?post=1010922"},{"taxonomy":"product_facet","embeddable":true,"href":"https:\/\/scn.eu\/sv\/wp-json\/wp\/v2\/product_facet?post=1010922"}],"curies":[{"name":"wp","href":"https:\/\/api.w.org\/{rel}","templated":true}]}}