{"id":1010901,"date":"2025-01-01T00:00:00","date_gmt":"2025-01-01T00:00:00","guid":{"rendered":"http:\/\/&#038;p=1010901"},"modified":"2026-03-20T01:11:47","modified_gmt":"2026-03-20T01:11:47","slug":"lpc-adaption-sv","status":"publish","type":"product","link":"https:\/\/scn.eu\/sv\/produkt\/lpc-adaption-sv\/","title":{"rendered":"Anpassningar av LPC-serien"},"content":{"rendered":"<p>I m\u00e5nga till\u00e4mpningar kr\u00e4vs av en sl\u00e4pring inte bara f\u00f6r att leverera kraft utan \u00e4ven kraft, datasignal, gas eller v\u00e4tska tillsammans i en integrerad enhet. <\/p>\n<p>F\u00f6r att svara p\u00e5 den \u00f6kande marknaden f\u00f6r integrerade l\u00f6sningar har JINPAT utvecklat ett brett utbud av integrerade sl\u00e4pringar med kombinationer av data och kraft i flera mekaniska konfigurationer f\u00f6r att uppfylla dina applikationsbehov.<\/p>\n","protected":false},"excerpt":{"rendered":"<p>I m\u00e5nga till\u00e4mpningar kr\u00e4vs av en sl\u00e4pring inte bara f\u00f6r att leverera kraft utan \u00e4ven kraft, datasignal, gas eller v\u00e4tska tillsammans i en integrerad enhet. F\u00f6r att svara p\u00e5 den \u00f6kande marknaden f\u00f6r integrerade l\u00f6sningar har JINPAT utvecklat ett brett utbud av integrerade sl\u00e4pringar med kombinationer av data och kraft i flera mekaniska konfigurationer f\u00f6r&#8230;<\/p>\n","protected":false},"featured_media":8021622,"comment_status":"closed","ping_status":"closed","template":"","meta":{"_kad_post_transparent":"default","_kad_post_title":"","_kad_post_layout":"default","_kad_post_sidebar_id":"","_kad_post_content_style":"default","_kad_post_vertical_padding":"default","_kad_post_feature":"","_kad_post_feature_position":"","_kad_post_header":false,"_kad_post_footer":false,"_kad_post_classname":""},"product_brand":[941],"product_cat":[10630,10759,10632,9521],"product_tag":[],"product_facet":[10773],"class_list":{"0":"post-1010901","1":"product","2":"type-product","3":"status-publish","4":"has-post-thumbnail","6":"product_brand-jinpat","7":"product_cat-components","8":"product_cat-products","9":"product_cat-slip-rings","10":"product_cat-sliprings-with-adaptions","11":"product_facet-facet-components","13":"first","14":"instock","15":"downloadable","16":"shipping-taxable","17":"product-type-simple","18":"entry","19":"content-bg","20":"loop-entry"},"_links":{"self":[{"href":"https:\/\/scn.eu\/sv\/wp-json\/wp\/v2\/product\/1010901","targetHints":{"allow":["GET"]}}],"collection":[{"href":"https:\/\/scn.eu\/sv\/wp-json\/wp\/v2\/product"}],"about":[{"href":"https:\/\/scn.eu\/sv\/wp-json\/wp\/v2\/types\/product"}],"replies":[{"embeddable":true,"href":"https:\/\/scn.eu\/sv\/wp-json\/wp\/v2\/comments?post=1010901"}],"version-history":[{"count":1,"href":"https:\/\/scn.eu\/sv\/wp-json\/wp\/v2\/product\/1010901\/revisions"}],"predecessor-version":[{"id":8021624,"href":"https:\/\/scn.eu\/sv\/wp-json\/wp\/v2\/product\/1010901\/revisions\/8021624"}],"wp:featuredmedia":[{"embeddable":true,"href":"https:\/\/scn.eu\/sv\/wp-json\/wp\/v2\/media\/8021622"}],"wp:attachment":[{"href":"https:\/\/scn.eu\/sv\/wp-json\/wp\/v2\/media?parent=1010901"}],"wp:term":[{"taxonomy":"product_brand","embeddable":true,"href":"https:\/\/scn.eu\/sv\/wp-json\/wp\/v2\/product_brand?post=1010901"},{"taxonomy":"product_cat","embeddable":true,"href":"https:\/\/scn.eu\/sv\/wp-json\/wp\/v2\/product_cat?post=1010901"},{"taxonomy":"product_tag","embeddable":true,"href":"https:\/\/scn.eu\/sv\/wp-json\/wp\/v2\/product_tag?post=1010901"},{"taxonomy":"product_facet","embeddable":true,"href":"https:\/\/scn.eu\/sv\/wp-json\/wp\/v2\/product_facet?post=1010901"}],"curies":[{"name":"wp","href":"https:\/\/api.w.org\/{rel}","templated":true}]}}