{"id":1010894,"date":"2025-01-01T00:00:00","date_gmt":"2025-01-01T00:00:00","guid":{"rendered":"http:\/\/&#038;p=1010894"},"modified":"2026-03-20T01:11:42","modified_gmt":"2026-03-20T01:11:42","slug":"lpc-capsule-sv","status":"publish","type":"product","link":"https:\/\/scn.eu\/sv\/produkt\/lpc-capsule-sv\/","title":{"rendered":"LPC Kapslade sl\u00e4pringar"},"content":{"rendered":"<p>V\u00e5ra kompakta serier av kapslade sl\u00e4pringar \u00e4r idealiska f\u00f6r till\u00e4mpningar d\u00e4r st\u00f6rre varianter inte \u00e4r l\u00e4mpliga.<br \/>\nDessa medelstora enheter har utvecklats f\u00f6r att ge en ekonomisk och kompakt l\u00f6sning f\u00f6r kraft- och signal\u00f6verf\u00f6ring mellan statiska och roterande komponenter. <\/p>\n<p>Kapslade sl\u00e4pringar i kompakta serier med upp till 125 kretsar finns tillg\u00e4ngliga.<\/p>\n<p>F\u00f6rutom f\u00f6rdelen med medelstorlek k\u00e4nnetecknas de av ett l\u00e5gt vridmoment, l\u00e5gt elektriskt brus samt en enorm flexibilitet och stabilitet vid integrering med RF (radiofrekvens) eller FORJ (fiberoptiska roterande kopplingar).<\/p>\n<p>Kompatibla signaler:<br \/>\n4K HDMI<br \/>\nGigabit Ethernet<br \/>\nUSB3.0<br \/>\nLVDS<br \/>\nCanBus<br \/>\nInterBus<br \/>\nDeviceNet<br \/>\nProfiBus<br \/>\nCC-Link<br \/>\nRS422<br \/>\nTermoelement<br \/>\nPT100<br \/>\netc&#8230;<\/p>\n","protected":false},"excerpt":{"rendered":"<p>V\u00e5ra kompakta serier av kapslade sl\u00e4pringar \u00e4r idealiska f\u00f6r till\u00e4mpningar d\u00e4r st\u00f6rre varianter inte \u00e4r l\u00e4mpliga. Dessa medelstora enheter har utvecklats f\u00f6r att ge en ekonomisk och kompakt l\u00f6sning f\u00f6r kraft- och signal\u00f6verf\u00f6ring mellan statiska och roterande komponenter. Kapslade sl\u00e4pringar i kompakta serier med upp till 125 kretsar finns tillg\u00e4ngliga. F\u00f6rutom f\u00f6rdelen med medelstorlek k\u00e4nnetecknas&#8230;<\/p>\n","protected":false},"featured_media":8021600,"comment_status":"closed","ping_status":"closed","template":"","meta":{"_kad_post_transparent":"default","_kad_post_title":"","_kad_post_layout":"default","_kad_post_sidebar_id":"","_kad_post_content_style":"default","_kad_post_vertical_padding":"default","_kad_post_feature":"","_kad_post_feature_position":"","_kad_post_header":false,"_kad_post_footer":false,"_kad_post_classname":""},"product_brand":[941],"product_cat":[9530,10630,10759,10632],"product_tag":[],"product_facet":[10773],"class_list":{"0":"post-1010894","1":"product","2":"type-product","3":"status-publish","4":"has-post-thumbnail","6":"product_brand-jinpat","7":"product_cat-capsule-slip-rings","8":"product_cat-components","9":"product_cat-products","10":"product_cat-slip-rings","11":"product_facet-facet-components","13":"first","14":"instock","15":"downloadable","16":"shipping-taxable","17":"product-type-simple","18":"entry","19":"content-bg","20":"loop-entry"},"_links":{"self":[{"href":"https:\/\/scn.eu\/sv\/wp-json\/wp\/v2\/product\/1010894","targetHints":{"allow":["GET"]}}],"collection":[{"href":"https:\/\/scn.eu\/sv\/wp-json\/wp\/v2\/product"}],"about":[{"href":"https:\/\/scn.eu\/sv\/wp-json\/wp\/v2\/types\/product"}],"replies":[{"embeddable":true,"href":"https:\/\/scn.eu\/sv\/wp-json\/wp\/v2\/comments?post=1010894"}],"version-history":[{"count":1,"href":"https:\/\/scn.eu\/sv\/wp-json\/wp\/v2\/product\/1010894\/revisions"}],"predecessor-version":[{"id":8021602,"href":"https:\/\/scn.eu\/sv\/wp-json\/wp\/v2\/product\/1010894\/revisions\/8021602"}],"wp:featuredmedia":[{"embeddable":true,"href":"https:\/\/scn.eu\/sv\/wp-json\/wp\/v2\/media\/8021600"}],"wp:attachment":[{"href":"https:\/\/scn.eu\/sv\/wp-json\/wp\/v2\/media?parent=1010894"}],"wp:term":[{"taxonomy":"product_brand","embeddable":true,"href":"https:\/\/scn.eu\/sv\/wp-json\/wp\/v2\/product_brand?post=1010894"},{"taxonomy":"product_cat","embeddable":true,"href":"https:\/\/scn.eu\/sv\/wp-json\/wp\/v2\/product_cat?post=1010894"},{"taxonomy":"product_tag","embeddable":true,"href":"https:\/\/scn.eu\/sv\/wp-json\/wp\/v2\/product_tag?post=1010894"},{"taxonomy":"product_facet","embeddable":true,"href":"https:\/\/scn.eu\/sv\/wp-json\/wp\/v2\/product_facet?post=1010894"}],"curies":[{"name":"wp","href":"https:\/\/api.w.org\/{rel}","templated":true}]}}