{"id":1010852,"date":"2025-01-01T00:00:00","date_gmt":"2025-01-01T00:00:00","guid":{"rendered":"http:\/\/&#038;p=1010852"},"modified":"2026-03-20T01:11:16","modified_gmt":"2026-03-20T01:11:16","slug":"lpa-high-sv","status":"publish","type":"product","link":"https:\/\/scn.eu\/sv\/produkt\/lpa-high-sv\/","title":{"rendered":"LPA Sl\u00e4pring f\u00f6r h\u00f6ga str\u00f6mmar"},"content":{"rendered":"<p>Robusta grafitborstar f\u00f6r h\u00f6ga str\u00f6mmar.<\/p>\n<p>Vi anv\u00e4nder s\u00e5 kallade h\u00f6gstr\u00f6msborsth\u00e5llare f\u00f6r \u00e5skskydd och \u00f6verf\u00f6ring av str\u00f6mmar fr\u00e5n statiska till roterande komponenter.<\/p>\n<p>LPA-serien \u00e4r ett samling av sl\u00e4pringar som k\u00e4nnetecknas av h\u00f6g str\u00f6mkapacitet upp till 2000A (toppstr\u00f6m).<br \/>\nDen har den senaste tekniken med s\u00e4rskild utformning f\u00f6r att uppfylla olika krav fr\u00e5n m\u00e5nga olika omr\u00e5den.<\/p>\n","protected":false},"excerpt":{"rendered":"<p>Robusta grafitborstar f\u00f6r h\u00f6ga str\u00f6mmar. Vi anv\u00e4nder s\u00e5 kallade h\u00f6gstr\u00f6msborsth\u00e5llare f\u00f6r \u00e5skskydd och \u00f6verf\u00f6ring av str\u00f6mmar fr\u00e5n statiska till roterande komponenter. LPA-serien \u00e4r ett samling av sl\u00e4pringar som k\u00e4nnetecknas av h\u00f6g str\u00f6mkapacitet upp till 2000A (toppstr\u00f6m). Den har den senaste tekniken med s\u00e4rskild utformning f\u00f6r att uppfylla olika krav fr\u00e5n m\u00e5nga olika omr\u00e5den.<\/p>\n","protected":false},"featured_media":8021468,"comment_status":"closed","ping_status":"closed","template":"","meta":{"_kad_post_transparent":"default","_kad_post_title":"","_kad_post_layout":"default","_kad_post_sidebar_id":"","_kad_post_content_style":"default","_kad_post_vertical_padding":"default","_kad_post_feature":"","_kad_post_feature_position":"","_kad_post_header":false,"_kad_post_footer":false,"_kad_post_classname":""},"product_brand":[941],"product_cat":[10630,9506,10759,10632],"product_tag":[],"product_facet":[10773],"class_list":{"0":"post-1010852","1":"product","2":"type-product","3":"status-publish","4":"has-post-thumbnail","6":"product_brand-jinpat","7":"product_cat-components","8":"product_cat-high-current-slip-rings","9":"product_cat-products","10":"product_cat-slip-rings","11":"product_facet-facet-components","13":"first","14":"instock","15":"downloadable","16":"shipping-taxable","17":"product-type-simple","18":"entry","19":"content-bg","20":"loop-entry"},"_links":{"self":[{"href":"https:\/\/scn.eu\/sv\/wp-json\/wp\/v2\/product\/1010852","targetHints":{"allow":["GET"]}}],"collection":[{"href":"https:\/\/scn.eu\/sv\/wp-json\/wp\/v2\/product"}],"about":[{"href":"https:\/\/scn.eu\/sv\/wp-json\/wp\/v2\/types\/product"}],"replies":[{"embeddable":true,"href":"https:\/\/scn.eu\/sv\/wp-json\/wp\/v2\/comments?post=1010852"}],"version-history":[{"count":1,"href":"https:\/\/scn.eu\/sv\/wp-json\/wp\/v2\/product\/1010852\/revisions"}],"predecessor-version":[{"id":8021470,"href":"https:\/\/scn.eu\/sv\/wp-json\/wp\/v2\/product\/1010852\/revisions\/8021470"}],"wp:featuredmedia":[{"embeddable":true,"href":"https:\/\/scn.eu\/sv\/wp-json\/wp\/v2\/media\/8021468"}],"wp:attachment":[{"href":"https:\/\/scn.eu\/sv\/wp-json\/wp\/v2\/media?parent=1010852"}],"wp:term":[{"taxonomy":"product_brand","embeddable":true,"href":"https:\/\/scn.eu\/sv\/wp-json\/wp\/v2\/product_brand?post=1010852"},{"taxonomy":"product_cat","embeddable":true,"href":"https:\/\/scn.eu\/sv\/wp-json\/wp\/v2\/product_cat?post=1010852"},{"taxonomy":"product_tag","embeddable":true,"href":"https:\/\/scn.eu\/sv\/wp-json\/wp\/v2\/product_tag?post=1010852"},{"taxonomy":"product_facet","embeddable":true,"href":"https:\/\/scn.eu\/sv\/wp-json\/wp\/v2\/product_facet?post=1010852"}],"curies":[{"name":"wp","href":"https:\/\/api.w.org\/{rel}","templated":true}]}}