{"id":1010453,"date":"2025-01-01T00:00:00","date_gmt":"2025-01-01T00:00:00","guid":{"rendered":"http:\/\/&#038;p=1010453"},"modified":"2026-03-20T01:07:19","modified_gmt":"2026-03-20T01:07:19","slug":"ix350ix355-sv","status":"publish","type":"product","link":"https:\/\/scn.eu\/sv\/produkt\/ix350ix355-sv\/","title":{"rendered":"IX350 \/ IX355 touchMATRIX Combi Indicator"},"content":{"rendered":"<p>Master- eller slavdrift med klockfrekvenser upp till 1 MHz.<br \/>\nF\u00f6r enkelvarvs- och flervarvskodare med SSI-format fr\u00e5n 10 &#8230; 32 bitar.<br \/>\nLjusstark display med h\u00f6g kontrast och h\u00e4ndelseberoende f\u00e4rgvariationer.<br \/>\nEmulering av en 7-segmentssk\u00e4rm inklusive ikoner och enheter.<br \/>\nIntuitiv och enkel parametrering med vanlig text och peksk\u00e4rm.<br \/>\n5 V \/ 24 V hj\u00e4lputg\u00e5ng f\u00f6r pulsgivarf\u00f6rs\u00f6rjning.<br \/>\nLinj\u00e4risering med 24 kontrollpunkter.<br \/>\nM\u00e5nga funktioner, t. g. skalning, filtrering, bitblanking etc.<br \/>\n3,78 x 1,89 tums normpanelhus och IP65-skydd.<\/p>\n","protected":false},"excerpt":{"rendered":"<p>Master- eller slavdrift med klockfrekvenser upp till 1 MHz. F\u00f6r enkelvarvs- och flervarvskodare med SSI-format fr\u00e5n 10 &#8230; 32 bitar. Ljusstark display med h\u00f6g kontrast och h\u00e4ndelseberoende f\u00e4rgvariationer. Emulering av en 7-segmentssk\u00e4rm inklusive ikoner och enheter. Intuitiv och enkel parametrering med vanlig text och peksk\u00e4rm. 5 V \/ 24 V hj\u00e4lputg\u00e5ng f\u00f6r pulsgivarf\u00f6rs\u00f6rjning. Linj\u00e4risering med&#8230;<\/p>\n","protected":false},"featured_media":8020431,"comment_status":"closed","ping_status":"closed","template":"","meta":{"_kad_post_transparent":"default","_kad_post_title":"","_kad_post_layout":"default","_kad_post_sidebar_id":"","_kad_post_content_style":"default","_kad_post_vertical_padding":"default","_kad_post_feature":"","_kad_post_feature_position":"","_kad_post_header":false,"_kad_post_footer":false,"_kad_post_classname":""},"product_brand":[936],"product_cat":[10630,8853,10759],"product_tag":[],"product_facet":[10773],"class_list":{"0":"post-1010453","1":"product","2":"type-product","3":"status-publish","4":"has-post-thumbnail","6":"product_brand-motrona","7":"product_cat-components","8":"product_cat-panel-indicators-and-converters","9":"product_cat-products","10":"product_facet-facet-components","12":"first","13":"instock","14":"downloadable","15":"shipping-taxable","16":"product-type-simple","17":"entry","18":"content-bg","19":"loop-entry"},"_links":{"self":[{"href":"https:\/\/scn.eu\/sv\/wp-json\/wp\/v2\/product\/1010453","targetHints":{"allow":["GET"]}}],"collection":[{"href":"https:\/\/scn.eu\/sv\/wp-json\/wp\/v2\/product"}],"about":[{"href":"https:\/\/scn.eu\/sv\/wp-json\/wp\/v2\/types\/product"}],"replies":[{"embeddable":true,"href":"https:\/\/scn.eu\/sv\/wp-json\/wp\/v2\/comments?post=1010453"}],"version-history":[{"count":1,"href":"https:\/\/scn.eu\/sv\/wp-json\/wp\/v2\/product\/1010453\/revisions"}],"predecessor-version":[{"id":8020433,"href":"https:\/\/scn.eu\/sv\/wp-json\/wp\/v2\/product\/1010453\/revisions\/8020433"}],"wp:featuredmedia":[{"embeddable":true,"href":"https:\/\/scn.eu\/sv\/wp-json\/wp\/v2\/media\/8020431"}],"wp:attachment":[{"href":"https:\/\/scn.eu\/sv\/wp-json\/wp\/v2\/media?parent=1010453"}],"wp:term":[{"taxonomy":"product_brand","embeddable":true,"href":"https:\/\/scn.eu\/sv\/wp-json\/wp\/v2\/product_brand?post=1010453"},{"taxonomy":"product_cat","embeddable":true,"href":"https:\/\/scn.eu\/sv\/wp-json\/wp\/v2\/product_cat?post=1010453"},{"taxonomy":"product_tag","embeddable":true,"href":"https:\/\/scn.eu\/sv\/wp-json\/wp\/v2\/product_tag?post=1010453"},{"taxonomy":"product_facet","embeddable":true,"href":"https:\/\/scn.eu\/sv\/wp-json\/wp\/v2\/product_facet?post=1010453"}],"curies":[{"name":"wp","href":"https:\/\/api.w.org\/{rel}","templated":true}]}}