{"id":1010446,"date":"2025-01-01T00:00:00","date_gmt":"2025-01-01T00:00:00","guid":{"rendered":"http:\/\/&#038;p=1010446"},"modified":"2026-03-20T01:07:15","modified_gmt":"2026-03-20T01:07:15","slug":"iv251-sv","status":"publish","type":"product","link":"https:\/\/scn.eu\/sv\/produkt\/iv251-sv\/","title":{"rendered":"IV210 SSI Signalkonverter"},"content":{"rendered":"<p>Motrona IV210 \u00e4r en SSI-signalomvandlare som \u00e4r l\u00e4mplig f\u00f6r anv\u00e4ndning med alla sensorer av SSI-typ och absoluta givare fr\u00e5n 9 till 25 bitar, antingen i master- eller slavl\u00e4ge. IV210 har analoga utg\u00e5ngar +\/- 10 V, 0-20 mA eller 4-20 mA, proportionella mot givarens position.<\/p>\n<p>Funktioner:<br \/>\n&#8211; RS 232- och RS 485-seriellt gr\u00e4nssnitt f\u00f6r avl\u00e4sning av den faktiska givarpositionen.<br \/>\n&#8211; L\u00e4tt att st\u00e4lla in med hj\u00e4lp av ett enkelt TEACH-f\u00f6rfarande eller via PC.<br \/>\n&#8211; Fri skalning, programmerbara linj\u00e4riseringskurvor, funktioner f\u00f6r bitutblindning osv.<\/p>\n","protected":false},"excerpt":{"rendered":"<p>Motrona IV210 \u00e4r en SSI-signalomvandlare som \u00e4r l\u00e4mplig f\u00f6r anv\u00e4ndning med alla sensorer av SSI-typ och absoluta givare fr\u00e5n 9 till 25 bitar, antingen i master- eller slavl\u00e4ge. IV210 har analoga utg\u00e5ngar +\/- 10 V, 0-20 mA eller 4-20 mA, proportionella mot givarens position. Funktioner: &#8211; RS 232- och RS 485-seriellt gr\u00e4nssnitt f\u00f6r avl\u00e4sning av&#8230;<\/p>\n","protected":false},"featured_media":8020409,"comment_status":"closed","ping_status":"closed","template":"","meta":{"_kad_post_transparent":"default","_kad_post_title":"","_kad_post_layout":"default","_kad_post_sidebar_id":"","_kad_post_content_style":"default","_kad_post_vertical_padding":"default","_kad_post_feature":"","_kad_post_feature_position":"","_kad_post_header":false,"_kad_post_footer":false,"_kad_post_classname":""},"product_brand":[936],"product_cat":[10630,8853,10759],"product_tag":[],"product_facet":[10773],"class_list":{"0":"post-1010446","1":"product","2":"type-product","3":"status-publish","4":"has-post-thumbnail","6":"product_brand-motrona","7":"product_cat-components","8":"product_cat-panel-indicators-and-converters","9":"product_cat-products","10":"product_facet-facet-components","12":"first","13":"instock","14":"downloadable","15":"shipping-taxable","16":"product-type-simple","17":"entry","18":"content-bg","19":"loop-entry"},"_links":{"self":[{"href":"https:\/\/scn.eu\/sv\/wp-json\/wp\/v2\/product\/1010446","targetHints":{"allow":["GET"]}}],"collection":[{"href":"https:\/\/scn.eu\/sv\/wp-json\/wp\/v2\/product"}],"about":[{"href":"https:\/\/scn.eu\/sv\/wp-json\/wp\/v2\/types\/product"}],"replies":[{"embeddable":true,"href":"https:\/\/scn.eu\/sv\/wp-json\/wp\/v2\/comments?post=1010446"}],"version-history":[{"count":1,"href":"https:\/\/scn.eu\/sv\/wp-json\/wp\/v2\/product\/1010446\/revisions"}],"predecessor-version":[{"id":8020411,"href":"https:\/\/scn.eu\/sv\/wp-json\/wp\/v2\/product\/1010446\/revisions\/8020411"}],"wp:featuredmedia":[{"embeddable":true,"href":"https:\/\/scn.eu\/sv\/wp-json\/wp\/v2\/media\/8020409"}],"wp:attachment":[{"href":"https:\/\/scn.eu\/sv\/wp-json\/wp\/v2\/media?parent=1010446"}],"wp:term":[{"taxonomy":"product_brand","embeddable":true,"href":"https:\/\/scn.eu\/sv\/wp-json\/wp\/v2\/product_brand?post=1010446"},{"taxonomy":"product_cat","embeddable":true,"href":"https:\/\/scn.eu\/sv\/wp-json\/wp\/v2\/product_cat?post=1010446"},{"taxonomy":"product_tag","embeddable":true,"href":"https:\/\/scn.eu\/sv\/wp-json\/wp\/v2\/product_tag?post=1010446"},{"taxonomy":"product_facet","embeddable":true,"href":"https:\/\/scn.eu\/sv\/wp-json\/wp\/v2\/product_facet?post=1010446"}],"curies":[{"name":"wp","href":"https:\/\/api.w.org\/{rel}","templated":true}]}}