{"id":1010432,"date":"2025-01-01T00:00:00","date_gmt":"2025-01-01T00:00:00","guid":{"rendered":"http:\/\/&#038;p=1010432"},"modified":"2026-03-20T01:07:09","modified_gmt":"2026-03-20T01:07:09","slug":"it210-sv","status":"publish","type":"product","link":"https:\/\/scn.eu\/sv\/produkt\/it210-sv\/","title":{"rendered":"IT210 Universal niv\u00e5konverter"},"content":{"rendered":"<p>Pulse Divider IT210 \u00e4r den funktionellt kompatibla och mer kraftfulla efterf\u00f6ljaren till v\u00e5r bepr\u00f6vade signalomvandlare IT251.<\/p>\n<p>IT210 \u00e4r ett universellt gr\u00e4nssnitt som anv\u00e4nds i inkrementella m\u00e4tsystem med olika funktioner, som exempel: Niv\u00e5konvertering (RS422, HTL enkel, HTL differential, TTL och vice versa).<br \/>\nDelning av tv\u00e5kanals A \/ B-pulser med justerbart f\u00f6rh\u00e5llande 1: 1 till 1: 2048.<br \/>\nDelning av Z-pulsen med justerbart f\u00f6rh\u00e5llande 1: 1 till 1: 256.<br \/>\nExterna HTL-signaler f\u00f6r olika funktioner.<br \/>\nImplementering mellan de tv\u00e5 typerna av representationer f\u00f6r rotationsriktningen (A \/ B 90 \u00b0, A \/ B Dir och vice versa, Division m\u00f6jlig).<\/p>\n<p>Impulsing\u00e5ng i formatet A, \/A, B, \/B, Z, \/Z [RS422, HTL].<br \/>\nImpulsing\u00e5ng i formatet A, B, Z [HTL].<br \/>\nIng\u00e5ngsfrekvens upp till 1 MHz<br \/>\nPulsutg\u00e5ng i format A, \/A, B, \/B, Z, \/Z [RS422, HTL].<br \/>\nPulsutg\u00e5ng i format A, B, Z [HTL]<br \/>\nStr\u00f6mf\u00f6rs\u00f6rjning 9&#8230;30VDC<br \/>\nInst\u00e4llningar via DIL-omkopplare<br \/>\nNiv\u00e5konvertering (RS422, HTL enkel, HTL differential, TTL och vice versa)<br \/>\nDelning av tv\u00e5kanals A\/B-impulser med justerbart f\u00f6rh\u00e5llande 1: 1 till 1: 2048.<br \/>\nDivision av Z-pulsen med justerbart f\u00f6rh\u00e5llande 1: 1 till 1: 256.<br \/>\nExterna HTL-signaler f\u00f6r olika funktioner<br \/>\nGenomf\u00f6rande mellan de tv\u00e5 typerna av representationer f\u00f6r rotationsriktningen (A\/B 90\u00b0, A\/B Dir och vice versa, division m\u00f6jlig).<\/p>\n<p>Snap-on-h\u00f6lje f\u00f6r f\u00e4stskena (enligt EN 60715).<\/p>\n<p>M\u00e5tt (B x H X T): 22,5 x102 x102mm<\/p>\n","protected":false},"excerpt":{"rendered":"<p>Pulse Divider IT210 \u00e4r den funktionellt kompatibla och mer kraftfulla efterf\u00f6ljaren till v\u00e5r bepr\u00f6vade signalomvandlare IT251. IT210 \u00e4r ett universellt gr\u00e4nssnitt som anv\u00e4nds i inkrementella m\u00e4tsystem med olika funktioner, som exempel: Niv\u00e5konvertering (RS422, HTL enkel, HTL differential, TTL och vice versa). Delning av tv\u00e5kanals A \/ B-pulser med justerbart f\u00f6rh\u00e5llande 1: 1 till 1: 2048&#8230;.<\/p>\n","protected":false},"featured_media":8020372,"comment_status":"closed","ping_status":"closed","template":"","meta":{"_kad_post_transparent":"default","_kad_post_title":"","_kad_post_layout":"default","_kad_post_sidebar_id":"","_kad_post_content_style":"default","_kad_post_vertical_padding":"default","_kad_post_feature":"","_kad_post_feature_position":"","_kad_post_header":false,"_kad_post_footer":false,"_kad_post_classname":""},"product_brand":[936],"product_cat":[10630,8853,10759],"product_tag":[],"product_facet":[10773],"class_list":{"0":"post-1010432","1":"product","2":"type-product","3":"status-publish","4":"has-post-thumbnail","6":"product_brand-motrona","7":"product_cat-components","8":"product_cat-panel-indicators-and-converters","9":"product_cat-products","10":"product_facet-facet-components","12":"first","13":"instock","14":"downloadable","15":"shipping-taxable","16":"product-type-simple","17":"entry","18":"content-bg","19":"loop-entry"},"_links":{"self":[{"href":"https:\/\/scn.eu\/sv\/wp-json\/wp\/v2\/product\/1010432","targetHints":{"allow":["GET"]}}],"collection":[{"href":"https:\/\/scn.eu\/sv\/wp-json\/wp\/v2\/product"}],"about":[{"href":"https:\/\/scn.eu\/sv\/wp-json\/wp\/v2\/types\/product"}],"replies":[{"embeddable":true,"href":"https:\/\/scn.eu\/sv\/wp-json\/wp\/v2\/comments?post=1010432"}],"version-history":[{"count":1,"href":"https:\/\/scn.eu\/sv\/wp-json\/wp\/v2\/product\/1010432\/revisions"}],"predecessor-version":[{"id":8020374,"href":"https:\/\/scn.eu\/sv\/wp-json\/wp\/v2\/product\/1010432\/revisions\/8020374"}],"wp:featuredmedia":[{"embeddable":true,"href":"https:\/\/scn.eu\/sv\/wp-json\/wp\/v2\/media\/8020372"}],"wp:attachment":[{"href":"https:\/\/scn.eu\/sv\/wp-json\/wp\/v2\/media?parent=1010432"}],"wp:term":[{"taxonomy":"product_brand","embeddable":true,"href":"https:\/\/scn.eu\/sv\/wp-json\/wp\/v2\/product_brand?post=1010432"},{"taxonomy":"product_cat","embeddable":true,"href":"https:\/\/scn.eu\/sv\/wp-json\/wp\/v2\/product_cat?post=1010432"},{"taxonomy":"product_tag","embeddable":true,"href":"https:\/\/scn.eu\/sv\/wp-json\/wp\/v2\/product_tag?post=1010432"},{"taxonomy":"product_facet","embeddable":true,"href":"https:\/\/scn.eu\/sv\/wp-json\/wp\/v2\/product_facet?post=1010432"}],"curies":[{"name":"wp","href":"https:\/\/api.w.org\/{rel}","templated":true}]}}