{"id":1010320,"date":"2025-01-01T00:00:00","date_gmt":"2025-01-01T00:00:00","guid":{"rendered":"http:\/\/&#038;p=1010320"},"modified":"2026-03-20T01:06:08","modified_gmt":"2026-03-20T01:06:08","slug":"hxnc241-sv","status":"publish","type":"product","link":"https:\/\/scn.eu\/sv\/produkt\/hxnc241-sv\/","title":{"rendered":"HXNC241 \/ Normalt sluten Kontaktor (NC)"},"content":{"rendered":"<p>HXNC241 \u00e4r en mycket kompakt och har normalt st\u00e4ngd kontakt (NC). <\/p>\n<p>F\u00f6r str\u00f6mmar upp till +200A vid 1500VDC enligt UL508. <\/p>\n<p>\u00d6vertr\u00e4ffar t\u00e4tningskraven f\u00f6r IP67 och IP69K och tillverkas ocks\u00e5 i enlighet med RoHS.<\/p>\n<p>HXNC241 \u00e4r l\u00e4tt och kompakt (ungef\u00e4r 73x81mm) och tillverkas med Gigavacs EPIC\u00ae keramiska t\u00e4tningar, vilket inneb\u00e4r att den kan anv\u00e4ndas s\u00e4kert i n\u00e4stan alla tuffa milj\u00f6er och vid temperaturer fr\u00e5n -55\u00b0C till +85\u00b0C. <\/p>\n<p>HXNC241 \u00e4r inte positionsk\u00e4nslig, vilket till\u00e5ter valfri monteringsvinkel.<\/p>\n","protected":false},"excerpt":{"rendered":"<p>HXNC241 \u00e4r en mycket kompakt och har normalt st\u00e4ngd kontakt (NC). F\u00f6r str\u00f6mmar upp till +200A vid 1500VDC enligt UL508. \u00d6vertr\u00e4ffar t\u00e4tningskraven f\u00f6r IP67 och IP69K och tillverkas ocks\u00e5 i enlighet med RoHS. HXNC241 \u00e4r l\u00e4tt och kompakt (ungef\u00e4r 73x81mm) och tillverkas med Gigavacs EPIC\u00ae keramiska t\u00e4tningar, vilket inneb\u00e4r att den kan anv\u00e4ndas s\u00e4kert i&#8230;<\/p>\n","protected":false},"featured_media":8020062,"comment_status":"closed","ping_status":"closed","template":"","meta":{"_kad_post_transparent":"default","_kad_post_title":"","_kad_post_layout":"default","_kad_post_sidebar_id":"","_kad_post_content_style":"default","_kad_post_vertical_padding":"default","_kad_post_feature":"","_kad_post_feature_position":"","_kad_post_header":false,"_kad_post_footer":false,"_kad_post_classname":""},"product_brand":[920],"product_cat":[9040,10630,10656,10759],"product_tag":[],"product_facet":[10773],"class_list":{"0":"post-1010320","1":"product","2":"type-product","3":"status-publish","4":"has-post-thumbnail","6":"product_brand-gigavac","7":"product_cat-12-1500-vdc","8":"product_cat-components","9":"product_cat-power-contactors","10":"product_cat-products","11":"product_facet-facet-components","13":"first","14":"instock","15":"downloadable","16":"shipping-taxable","17":"product-type-simple","18":"entry","19":"content-bg","20":"loop-entry"},"_links":{"self":[{"href":"https:\/\/scn.eu\/sv\/wp-json\/wp\/v2\/product\/1010320","targetHints":{"allow":["GET"]}}],"collection":[{"href":"https:\/\/scn.eu\/sv\/wp-json\/wp\/v2\/product"}],"about":[{"href":"https:\/\/scn.eu\/sv\/wp-json\/wp\/v2\/types\/product"}],"replies":[{"embeddable":true,"href":"https:\/\/scn.eu\/sv\/wp-json\/wp\/v2\/comments?post=1010320"}],"version-history":[{"count":1,"href":"https:\/\/scn.eu\/sv\/wp-json\/wp\/v2\/product\/1010320\/revisions"}],"predecessor-version":[{"id":8020064,"href":"https:\/\/scn.eu\/sv\/wp-json\/wp\/v2\/product\/1010320\/revisions\/8020064"}],"wp:featuredmedia":[{"embeddable":true,"href":"https:\/\/scn.eu\/sv\/wp-json\/wp\/v2\/media\/8020062"}],"wp:attachment":[{"href":"https:\/\/scn.eu\/sv\/wp-json\/wp\/v2\/media?parent=1010320"}],"wp:term":[{"taxonomy":"product_brand","embeddable":true,"href":"https:\/\/scn.eu\/sv\/wp-json\/wp\/v2\/product_brand?post=1010320"},{"taxonomy":"product_cat","embeddable":true,"href":"https:\/\/scn.eu\/sv\/wp-json\/wp\/v2\/product_cat?post=1010320"},{"taxonomy":"product_tag","embeddable":true,"href":"https:\/\/scn.eu\/sv\/wp-json\/wp\/v2\/product_tag?post=1010320"},{"taxonomy":"product_facet","embeddable":true,"href":"https:\/\/scn.eu\/sv\/wp-json\/wp\/v2\/product_facet?post=1010320"}],"curies":[{"name":"wp","href":"https:\/\/api.w.org\/{rel}","templated":true}]}}