{"id":1010313,"date":"2025-01-01T00:00:00","date_gmt":"2025-01-01T00:00:00","guid":{"rendered":"http:\/\/&#038;p=1010313"},"modified":"2026-03-20T01:06:03","modified_gmt":"2026-03-20T01:06:03","slug":"hx460-sv","status":"publish","type":"product","link":"https:\/\/scn.eu\/sv\/produkt\/hx460-sv\/","title":{"rendered":"HX460 Den kraftfullaste DC-kontaktorn 1000A \/ 1500VDC"},"content":{"rendered":"<p>HX460 \u00e4r v\u00e5r kraftigaste och mest robusta h\u00f6gsp\u00e4nnings och h\u00f6geffektskontaktor. <\/p>\n<p>Den klarar \u00e4ven att bryta str\u00f6mmen i b\u00e5da riktningarna d\u00e5 den \u00e4r bidirektionell.<\/p>\n<p>Designad f\u00f6r h\u00f6gsp\u00e4nningssystem som till exempel; batteriinverterare, batteripaket, kombinerade likstr\u00f6mssystem och andra h\u00f6gsp\u00e4nningsapplikationer.<\/p>\n<p>Utm\u00e4rkt isolationsprestanda: 10kV motst\u00e5nd mellan \u00f6ppna kontakter f\u00f6r era kritiska s\u00e4kerhetsapplikationer.<\/p>\n<p>Mekaniskt l\u00e4nkade v\u00e4xlande SPDT-hj\u00e4lpkontakter f\u00f6r extern extra kontroll och visar i vilket l\u00e4ge huvudkontakten \u00e4r i.<\/p>\n<p>Hermetiskt sluten och \u00f6vertr\u00e4ffar specifikationerna f\u00f6r IP67-69. Ingen exponerad ljusb\u00e5ge kan n\u00e5 utanf\u00f6r kontaktorn.<br \/>\nDesignad f\u00f6r att m\u00f6ta UL1604 f\u00f6r farliga platser.<\/p>\n<p>Utvecklad i USA.<\/p>\n","protected":false},"excerpt":{"rendered":"<p>HX460 \u00e4r v\u00e5r kraftigaste och mest robusta h\u00f6gsp\u00e4nnings och h\u00f6geffektskontaktor. Den klarar \u00e4ven att bryta str\u00f6mmen i b\u00e5da riktningarna d\u00e5 den \u00e4r bidirektionell. Designad f\u00f6r h\u00f6gsp\u00e4nningssystem som till exempel; batteriinverterare, batteripaket, kombinerade likstr\u00f6mssystem och andra h\u00f6gsp\u00e4nningsapplikationer. Utm\u00e4rkt isolationsprestanda: 10kV motst\u00e5nd mellan \u00f6ppna kontakter f\u00f6r era kritiska s\u00e4kerhetsapplikationer. Mekaniskt l\u00e4nkade v\u00e4xlande SPDT-hj\u00e4lpkontakter f\u00f6r extern extra kontroll&#8230;<\/p>\n","protected":false},"featured_media":8020040,"comment_status":"closed","ping_status":"closed","template":"","meta":{"_kad_post_transparent":"default","_kad_post_title":"","_kad_post_layout":"default","_kad_post_sidebar_id":"","_kad_post_content_style":"default","_kad_post_vertical_padding":"default","_kad_post_feature":"","_kad_post_feature_position":"","_kad_post_header":false,"_kad_post_footer":false,"_kad_post_classname":""},"product_brand":[920],"product_cat":[9040,10630,10656,10759],"product_tag":[],"product_facet":[10773],"class_list":{"0":"post-1010313","1":"product","2":"type-product","3":"status-publish","4":"has-post-thumbnail","6":"product_brand-gigavac","7":"product_cat-12-1500-vdc","8":"product_cat-components","9":"product_cat-power-contactors","10":"product_cat-products","11":"product_facet-facet-components","13":"first","14":"instock","15":"downloadable","16":"shipping-taxable","17":"product-type-simple","18":"entry","19":"content-bg","20":"loop-entry"},"_links":{"self":[{"href":"https:\/\/scn.eu\/sv\/wp-json\/wp\/v2\/product\/1010313","targetHints":{"allow":["GET"]}}],"collection":[{"href":"https:\/\/scn.eu\/sv\/wp-json\/wp\/v2\/product"}],"about":[{"href":"https:\/\/scn.eu\/sv\/wp-json\/wp\/v2\/types\/product"}],"replies":[{"embeddable":true,"href":"https:\/\/scn.eu\/sv\/wp-json\/wp\/v2\/comments?post=1010313"}],"version-history":[{"count":1,"href":"https:\/\/scn.eu\/sv\/wp-json\/wp\/v2\/product\/1010313\/revisions"}],"predecessor-version":[{"id":8020042,"href":"https:\/\/scn.eu\/sv\/wp-json\/wp\/v2\/product\/1010313\/revisions\/8020042"}],"wp:featuredmedia":[{"embeddable":true,"href":"https:\/\/scn.eu\/sv\/wp-json\/wp\/v2\/media\/8020040"}],"wp:attachment":[{"href":"https:\/\/scn.eu\/sv\/wp-json\/wp\/v2\/media?parent=1010313"}],"wp:term":[{"taxonomy":"product_brand","embeddable":true,"href":"https:\/\/scn.eu\/sv\/wp-json\/wp\/v2\/product_brand?post=1010313"},{"taxonomy":"product_cat","embeddable":true,"href":"https:\/\/scn.eu\/sv\/wp-json\/wp\/v2\/product_cat?post=1010313"},{"taxonomy":"product_tag","embeddable":true,"href":"https:\/\/scn.eu\/sv\/wp-json\/wp\/v2\/product_tag?post=1010313"},{"taxonomy":"product_facet","embeddable":true,"href":"https:\/\/scn.eu\/sv\/wp-json\/wp\/v2\/product_facet?post=1010313"}],"curies":[{"name":"wp","href":"https:\/\/api.w.org\/{rel}","templated":true}]}}