{"id":1010306,"date":"2025-01-01T00:00:00","date_gmt":"2025-01-01T00:00:00","guid":{"rendered":"http:\/\/&#038;p=1010306"},"modified":"2026-03-20T01:06:00","modified_gmt":"2026-03-20T01:06:00","slug":"hx360-sv","status":"publish","type":"product","link":"https:\/\/scn.eu\/sv\/produkt\/hx360-sv\/","title":{"rendered":"HX360 Kraftfull DC-kontaktor 800A \/ 1500VDC"},"content":{"rendered":"<p>\u2022 Robust likstr\u00f6mskontaktor f\u00f6r h\u00f6gsp\u00e4nning\/h\u00f6geffekt och samma h\u00f6ga brytprestanda i b\u00e5da str\u00f6mrikningarna (bidirektionell).<br \/>\n\u2022 Designad f\u00f6r h\u00f6gsp\u00e4nningsstr\u00f6m i batteriv\u00e4xelriktare, batteripaket, DC-kombinationsboxar och andra industriella drivsystem.<br \/>\n\u2022 Utm\u00e4rkt isoleringsprestanda: Klarar upp till 10kV mellan de \u00f6ppna kontakterna f\u00f6r att klara de allra mest kritiska s\u00e4kerhetsapplikationerna.<br \/>\n\u2022 Mekaniskt kopplade SPDT-hj\u00e4lpkontakter som feedback f\u00f6r kritiska s\u00e4kerhetsapplikationer.<br \/>\n\u2022 Tillf\u00f6rlitlig indikering av huvudkontakterna i st\u00e4ngt l\u00e4ge.<br \/>\n\u2022 Hermetiskt f\u00f6rseglad &#8211; \u00d6vertr\u00e4ffar IP67-69-specifikationerna. Skyddar omgivningen fr\u00e5n externa ljusb\u00e5gar.<br \/>\n\u2022 Designad f\u00f6r att uppfylla UL1604 f\u00f6r anv\u00e4ndning i riskfyllda platser.<\/p>\n","protected":false},"excerpt":{"rendered":"<p>\u2022 Robust likstr\u00f6mskontaktor f\u00f6r h\u00f6gsp\u00e4nning\/h\u00f6geffekt och samma h\u00f6ga brytprestanda i b\u00e5da str\u00f6mrikningarna (bidirektionell). \u2022 Designad f\u00f6r h\u00f6gsp\u00e4nningsstr\u00f6m i batteriv\u00e4xelriktare, batteripaket, DC-kombinationsboxar och andra industriella drivsystem. \u2022 Utm\u00e4rkt isoleringsprestanda: Klarar upp till 10kV mellan de \u00f6ppna kontakterna f\u00f6r att klara de allra mest kritiska s\u00e4kerhetsapplikationerna. \u2022 Mekaniskt kopplade SPDT-hj\u00e4lpkontakter som feedback f\u00f6r kritiska s\u00e4kerhetsapplikationer. \u2022 Tillf\u00f6rlitlig&#8230;<\/p>\n","protected":false},"featured_media":8020018,"comment_status":"closed","ping_status":"closed","template":"","meta":{"_kad_post_transparent":"default","_kad_post_title":"","_kad_post_layout":"default","_kad_post_sidebar_id":"","_kad_post_content_style":"default","_kad_post_vertical_padding":"default","_kad_post_feature":"","_kad_post_feature_position":"","_kad_post_header":false,"_kad_post_footer":false,"_kad_post_classname":""},"product_brand":[920],"product_cat":[9040,10630,10656,10759],"product_tag":[],"product_facet":[10773],"class_list":{"0":"post-1010306","1":"product","2":"type-product","3":"status-publish","4":"has-post-thumbnail","6":"product_brand-gigavac","7":"product_cat-12-1500-vdc","8":"product_cat-components","9":"product_cat-power-contactors","10":"product_cat-products","11":"product_facet-facet-components","13":"first","14":"instock","15":"downloadable","16":"shipping-taxable","17":"product-type-simple","18":"entry","19":"content-bg","20":"loop-entry"},"_links":{"self":[{"href":"https:\/\/scn.eu\/sv\/wp-json\/wp\/v2\/product\/1010306","targetHints":{"allow":["GET"]}}],"collection":[{"href":"https:\/\/scn.eu\/sv\/wp-json\/wp\/v2\/product"}],"about":[{"href":"https:\/\/scn.eu\/sv\/wp-json\/wp\/v2\/types\/product"}],"replies":[{"embeddable":true,"href":"https:\/\/scn.eu\/sv\/wp-json\/wp\/v2\/comments?post=1010306"}],"version-history":[{"count":1,"href":"https:\/\/scn.eu\/sv\/wp-json\/wp\/v2\/product\/1010306\/revisions"}],"predecessor-version":[{"id":8020020,"href":"https:\/\/scn.eu\/sv\/wp-json\/wp\/v2\/product\/1010306\/revisions\/8020020"}],"wp:featuredmedia":[{"embeddable":true,"href":"https:\/\/scn.eu\/sv\/wp-json\/wp\/v2\/media\/8020018"}],"wp:attachment":[{"href":"https:\/\/scn.eu\/sv\/wp-json\/wp\/v2\/media?parent=1010306"}],"wp:term":[{"taxonomy":"product_brand","embeddable":true,"href":"https:\/\/scn.eu\/sv\/wp-json\/wp\/v2\/product_brand?post=1010306"},{"taxonomy":"product_cat","embeddable":true,"href":"https:\/\/scn.eu\/sv\/wp-json\/wp\/v2\/product_cat?post=1010306"},{"taxonomy":"product_tag","embeddable":true,"href":"https:\/\/scn.eu\/sv\/wp-json\/wp\/v2\/product_tag?post=1010306"},{"taxonomy":"product_facet","embeddable":true,"href":"https:\/\/scn.eu\/sv\/wp-json\/wp\/v2\/product_facet?post=1010306"}],"curies":[{"name":"wp","href":"https:\/\/api.w.org\/{rel}","templated":true}]}}